{"id":10445,"date":"2025-09-17T12:55:34","date_gmt":"2025-09-17T10:55:34","guid":{"rendered":"https:\/\/boreait.com\/hu\/?post_type=product&#038;p=10445"},"modified":"2026-02-07T17:04:55","modified_gmt":"2026-02-07T16:04:55","slug":"hp-chromebook-14-g6-hangszoro-szerelveny-l90434-001-bal-es-jobb-eredeti-alkatreszek","status":"publish","type":"product","link":"https:\/\/boreait.com\/hu\/termek\/hp-chromebook-14-g6-hangszoro-szerelveny-l90434-001-bal-es-jobb-eredeti-alkatreszek\/","title":{"rendered":"HP Chromebook 14 G6 hangsz\u00f3r\u00f3-szerelv\u00e9ny L90434-001 bal \u00e9s jobb \u2013 eredeti alkatr\u00e9szek"},"content":{"rendered":"<p>HP Chromebook 14 G6 hangsz\u00f3r\u00f3egys\u00e9g (L90434-001)<\/p>\n<p>Vissza\u00e1ll\u00edthatja HP \u200b\u200bChromebook 14 G6 hangteljes\u00edtm\u00e9ny\u00e9t ezzel az eredeti hangsz\u00f3r\u00f3-szerelv\u00e9ny seg\u00edts\u00e9g\u00e9vel (cikksz\u00e1m: L90434-001). Ez a k\u00e9szlet bal \u00e9s jobb hangsz\u00f3r\u00f3kat is tartalmaz, \u00e9s ide\u00e1lis helyettes\u00edt\u0151 a hib\u00e1san m\u0171k\u00f6d\u0151 vagy s\u00e9r\u00fclt hangsz\u00f3r\u00f3khoz.<\/p>\n<p>**A term\u00e9k jellemz\u0151i:**<\/p>\n<p>&#8211; **Kompatibilit\u00e1s:** Kifejezetten a HP Chromebook 14 G6 modellekhez tervezve.<\/p>\n<p>&#8211; **Alkatr\u00e9szsz\u00e1m:** L90434-001.<\/p>\n<p>&#8211; **Funkcion\u00e1lis:** Cser\u00e9lje a s\u00e9r\u00fclt vagy hib\u00e1s hangsz\u00f3r\u00f3kat, \u00edgy vissza\u00e1ll\u00edtja az optim\u00e1lis hangmin\u0151s\u00e9get.<\/p>\n<p>&#8211; **\u00c1llapot:** A f\u00e9nyk\u00e9pek pontosan azt mutatj\u00e1k, hogy milyen alkatr\u00e9szeket kap.<\/p>\n<p>**Mi\u00e9rt v\u00e1lassza ezt a hangsz\u00f3r\u00f3-szerelv\u00e9nyt?**<\/p>\n<p>&#8211; **Egyszer\u0171 telep\u00edt\u00e9s:** Az eredeti hangsz\u00f3r\u00f3k k\u00f6zvetlen cser\u00e9je, nincs sz\u00fcks\u00e9g m\u00f3dos\u00edt\u00e1sra.<\/p>\n<p>&#8211; **Tov\u00e1bbfejlesztett hang:** A hib\u00e1s hangsz\u00f3r\u00f3k cser\u00e9j\u00e9vel jav\u00edtja a hangmin\u0151s\u00e9get.<\/p>\n<p>&#8211; **Glob\u00e1lis sz\u00e1ll\u00edt\u00e1s:** Vil\u00e1gszerte el\u00e9rhet\u0151, Eur\u00f3p\u00e1ra \u00f6sszpontos\u00edtva.<\/p>\n<p>K\u00e9rj\u00fck, vegye figyelembe, hogy a telep\u00edt\u00e9si utas\u00edt\u00e1sokat nem tartalmazza. Ha seg\u00edts\u00e9gre van sz\u00fcks\u00e9ge, forduljon hozz\u00e1nk bizalommal.<\/p>\n<p>**Fontos:** A list\u00e1ban szerepl\u0151 fot\u00f3k val\u00f3diak, \u00e9s pontosan azt a hangsug\u00e1rz\u00f3-\u00f6ssze\u00e1ll\u00edt\u00e1st \u00e1br\u00e1zolj\u00e1k, amelyet kapni fog. Minden alkatr\u00e9szt gondosan ellen\u0151riznek a min\u0151s\u00e9g biztos\u00edt\u00e1sa \u00e9rdek\u00e9ben.<\/p>\n","protected":false},"excerpt":{"rendered":"<p>HP Chromebook 14 G6 hangsz\u00f3r\u00f3egys\u00e9g (L90434-001). Ez az eredeti bal \u00e9s jobb hangsug\u00e1rz\u00f3-szerelv\u00e9ny ide\u00e1lis a hangfunkci\u00f3k helyre\u00e1ll\u00edt\u00e1s\u00e1hoz a HP Chromebook 14 G6-ban.<\/p>\n","protected":false},"featured_media":10505,"template":"","meta":[],"product_brand":[],"product_cat":[18],"product_tag":[25],"class_list":{"0":"post-10445","1":"product","2":"type-product","3":"status-publish","4":"has-post-thumbnail","6":"product_cat-laptop-speakers","7":"product_tag-hp","9":"first","10":"instock","11":"taxable","12":"shipping-taxable","13":"purchasable","14":"product-type-simple"},"_links":{"self":[{"href":"https:\/\/boreait.com\/hu\/wp-json\/wp\/v2\/product\/10445","targetHints":{"allow":["GET"]}}],"collection":[{"href":"https:\/\/boreait.com\/hu\/wp-json\/wp\/v2\/product"}],"about":[{"href":"https:\/\/boreait.com\/hu\/wp-json\/wp\/v2\/types\/product"}],"wp:featuredmedia":[{"embeddable":true,"href":"https:\/\/boreait.com\/hu\/wp-json\/wp\/v2\/media\/10505"}],"wp:attachment":[{"href":"https:\/\/boreait.com\/hu\/wp-json\/wp\/v2\/media?parent=10445"}],"wp:term":[{"taxonomy":"product_brand","embeddable":true,"href":"https:\/\/boreait.com\/hu\/wp-json\/wp\/v2\/product_brand?post=10445"},{"taxonomy":"product_cat","embeddable":true,"href":"https:\/\/boreait.com\/hu\/wp-json\/wp\/v2\/product_cat?post=10445"},{"taxonomy":"product_tag","embeddable":true,"href":"https:\/\/boreait.com\/hu\/wp-json\/wp\/v2\/product_tag?post=10445"}],"curies":[{"name":"wp","href":"https:\/\/api.w.org\/{rel}","templated":true}]}}