{"id":10443,"date":"2025-09-17T12:55:34","date_gmt":"2025-09-17T10:55:34","guid":{"rendered":"https:\/\/boreait.com\/hu\/?post_type=product&#038;p=10443"},"modified":"2025-09-17T12:56:56","modified_gmt":"2025-09-17T10:56:56","slug":"dell-latitude-5500-e5500-lcd-kepernyo-elulso-keret-0pyh4j-pyh4j","status":"publish","type":"product","link":"https:\/\/boreait.com\/hu\/termek\/dell-latitude-5500-e5500-lcd-kepernyo-elulso-keret-0pyh4j-pyh4j\/","title":{"rendered":"Dell Latitude 5500 E5500 LCD k\u00e9perny\u0151 el\u00fcls\u0151 keret 0PYH4J PYH4J"},"content":{"rendered":"<p>LCD-k\u00e9perny\u0151, el\u00fcls\u0151 k\u00e1rpitel\u0151lap a Dell Latitude 5500 E5500 (0PYH4J PYH4J) k\u00e9sz\u00fcl\u00e9khez<\/p>\n<p>Fokozza Dell Latitude 5500 E5500 megjelen\u00e9s\u00e9t \u00e9s funkcionalit\u00e1s\u00e1t ezzel az eredeti LCD-k\u00e9perny\u0151s el\u0151lappal. Ezt az el\u0151lapot a s\u00e9r\u00fclt vagy elhaszn\u00e1l\u00f3dott alkatr\u00e9szek cser\u00e9j\u00e9re tervezt\u00e9k, \u00edgy biztos\u00edtva a sz\u00fcks\u00e9ges v\u00e9delmet az LCD-k\u00e9perny\u0151 sz\u00e1m\u00e1ra, mik\u00f6zben z\u00f6kken\u0151mentes megjelen\u00e9st biztos\u00edt.<\/p>\n<p>**A term\u00e9k jellemz\u0151i:**<\/p>\n<p>&#8211; **Kompatibilit\u00e1s:** Kifejezetten a Dell Latitude 5500 E5500 laptopmodellekhez tervezt\u00e9k.<\/p>\n<p>&#8211; **Alkatr\u00e9szsz\u00e1mok:** 0PYH4J, PYH4J.<\/p>\n<p>&#8211; **Min\u0151s\u00e9g:** Eredeti cserealkatr\u00e9sz, amely t\u00f6k\u00e9letes illeszked\u00e9st \u00e9s tart\u00f3ss\u00e1got biztos\u00edt.<\/p>\n<p>&#8211; **\u00c1llapot:** A mell\u00e9kelt fot\u00f3k a t\u00e9nylegesen megkapott r\u00e9szr\u0151l k\u00e9sz\u00fcltek, \u00e9s pontosan t\u00fckr\u00f6zik az aktu\u00e1lis \u00e1llapotot.<\/p>\n<p>**Mi\u00e9rt v\u00e1lassza ezt az el\u00fcls\u0151 d\u00edszel\u0151lapot?**<\/p>\n<p>&#8211; **Vissza\u00e1ll\u00edtja a megjelen\u00e9st:** Ide\u00e1lis a kopott vagy s\u00e9r\u00fclt el\u0151lapok cser\u00e9j\u00e9hez a professzion\u00e1lis megjelen\u00e9s \u00e9rdek\u00e9ben.<\/p>\n<p>&#8211; **Egyszer\u0171 telep\u00edt\u00e9s:** K\u00f6zvetlen cser\u00e9re tervezt\u00e9k, \u00edgy nincs sz\u00fcks\u00e9g bonyolult m\u00f3dos\u00edt\u00e1sokra.<\/p>\n<p>&#8211; **El\u00e9rhet\u0151s\u00e9g az eg\u00e9sz vil\u00e1gon:** Vil\u00e1gszerte sz\u00e1ll\u00edtunk, Eur\u00f3p\u00e1ra \u00f6sszpontos\u00edtva.<\/p>\n<p>K\u00e9rj\u00fck, vegye figyelembe, hogy a telep\u00edt\u00e9si utas\u00edt\u00e1sokat nem tartalmazza. Ha seg\u00edts\u00e9gre van sz\u00fcks\u00e9ge a telep\u00edt\u00e9shez, forduljon bizalommal seg\u00edts\u00e9g\u00e9rt. Az\u00e9rt vagyunk itt, hogy biztos\u00edtsuk a z\u00f6kken\u0151mentes cserefolyamatot.<\/p>\n<p>**Fontos:** Az adatlapon szerepl\u0151 fot\u00f3k pontosan azt a keretet mutatj\u00e1k be, amelyet kapni fog. Minden alkatr\u00e9szt alaposan megvizsg\u00e1lnak, hogy garant\u00e1lj\u00e1k a min\u0151s\u00e9get \u00e9s az \u00fcgyfelek el\u00e9gedetts\u00e9g\u00e9t.<\/p>\n","protected":false},"excerpt":{"rendered":"<p>LCD-k\u00e9perny\u0151s el\u00fcls\u0151 k\u00e1rpitel\u0151lap Dell Latitude 5500 E5500 (0PYH4J PYH4J) k\u00e9sz\u00fcl\u00e9khez \u2013 Eredeti cserealkatr\u00e9sz. Cser\u00e9lje ki a s\u00e9r\u00fclt vagy elhaszn\u00e1l\u00f3dott el\u0151lapot az LCD-k\u00e9perny\u0151 megjelen\u00e9s\u00e9nek \u00e9s v\u00e9delm\u00e9nek helyre\u00e1ll\u00edt\u00e1sa \u00e9rdek\u00e9ben.<\/p>\n","protected":false},"featured_media":10502,"template":"","meta":[],"product_brand":[],"product_cat":[16],"product_tag":[17],"class_list":{"0":"post-10443","1":"product","2":"type-product","3":"status-publish","4":"has-post-thumbnail","6":"product_cat-laptop-housing","7":"product_tag-dell","9":"first","10":"instock","11":"taxable","12":"shipping-taxable","13":"purchasable","14":"product-type-simple"},"_links":{"self":[{"href":"https:\/\/boreait.com\/hu\/wp-json\/wp\/v2\/product\/10443","targetHints":{"allow":["GET"]}}],"collection":[{"href":"https:\/\/boreait.com\/hu\/wp-json\/wp\/v2\/product"}],"about":[{"href":"https:\/\/boreait.com\/hu\/wp-json\/wp\/v2\/types\/product"}],"wp:featuredmedia":[{"embeddable":true,"href":"https:\/\/boreait.com\/hu\/wp-json\/wp\/v2\/media\/10502"}],"wp:attachment":[{"href":"https:\/\/boreait.com\/hu\/wp-json\/wp\/v2\/media?parent=10443"}],"wp:term":[{"taxonomy":"product_brand","embeddable":true,"href":"https:\/\/boreait.com\/hu\/wp-json\/wp\/v2\/product_brand?post=10443"},{"taxonomy":"product_cat","embeddable":true,"href":"https:\/\/boreait.com\/hu\/wp-json\/wp\/v2\/product_cat?post=10443"},{"taxonomy":"product_tag","embeddable":true,"href":"https:\/\/boreait.com\/hu\/wp-json\/wp\/v2\/product_tag?post=10443"}],"curies":[{"name":"wp","href":"https:\/\/api.w.org\/{rel}","templated":true}]}}