{"id":1043,"date":"2025-09-17T09:53:15","date_gmt":"2025-09-17T07:53:15","guid":{"rendered":"https:\/\/boreait.com\/hu\/?post_type=product&#038;p=1043"},"modified":"2026-01-09T09:11:33","modified_gmt":"2026-01-09T08:11:33","slug":"hutoborda-hutoventilator-13gnvx1am010-panasonic-udqfzzh32das","status":"publish","type":"product","link":"https:\/\/boreait.com\/hu\/termek\/hutoborda-hutoventilator-13gnvx1am010-panasonic-udqfzzh32das\/","title":{"rendered":"H\u0171t\u0151borda h\u0171t\u0151ventil\u00e1tor 13GNVX1AM010 Panasonic UDQFZZH32DAS"},"content":{"rendered":"<p>A Panasonic UDQFZZH32DAS ventil\u00e1tort hat\u00e9kony h\u0171t\u00e9sre tervezt\u00e9k, \u00edgy seg\u00edt fenntartani az optim\u00e1lis m\u0171k\u00f6d\u00e9si h\u0151m\u00e9rs\u00e9kletet a laptop processzora \u00e9s m\u00e1s kritikus alkatr\u00e9szei sz\u00e1m\u00e1ra. A megfelel\u0151 h\u0171t\u00e9s elengedhetetlen a t\u00falmeleged\u00e9s \u00e9s a bels\u0151 alkatr\u00e9szek esetleges k\u00e1rosod\u00e1s\u00e1nak megel\u0151z\u00e9se \u00e9rdek\u00e9ben, biztos\u00edtva a laptop teljes\u00edtm\u00e9ny\u00e9t \u00e9s hossz\u00fa \u00e9lettartam\u00e1t.<\/p>\n<p>Ezt a h\u0171t\u00e9si megold\u00e1st \u00fagy tervezt\u00e9k, hogy kompatibilis legyen bizonyos laptopmodellekkel, ez\u00e9rt elengedhetetlen, hogy a v\u00e1s\u00e1rl\u00e1s vagy telep\u00edt\u00e9s el\u0151tt ellen\u0151rizze a kompatibilit\u00e1st a laptoppal. Ha megn\u00f6vekedett ventil\u00e1torzajt \u00e9szlel, vagy a laptop felforr\u00f3sodik, az arra utalhat, hogy a h\u0171t\u0151rendszerre figyelni kell, \u00e9s a h\u0171t\u0151borda h\u0171t\u0151ventil\u00e1tor\u00e1nak cser\u00e9je hat\u00e9kony megold\u00e1s lehet.<\/p>\n<p>A 13GNVX1AM010 Panasonic UDQFZZH32DAS h\u0171t\u0151borda h\u0171t\u0151ventil\u00e1tor beszerel\u00e9sekor kulcsfontoss\u00e1g\u00fa, hogy gondosan kezelje, \u00e9s k\u00f6vesse a gy\u00e1rt\u00f3 \u00fatmutat\u00e1sait a megfelel\u0151 \u00e9s biztons\u00e1gos illeszked\u00e9s \u00e9rdek\u00e9ben. Ha bizonytalan a telep\u00edt\u00e9si folyamatot illet\u0151en, aj\u00e1nlatos szakember seg\u00edts\u00e9g\u00e9t k\u00e9rni.<\/p>\n<p>Ha ebbe az eredeti Panasonic h\u0171t\u0151egys\u00e9gbe fektet be, vissza\u00e1ll\u00edthatja az optim\u00e1lis h\u0171t\u00e9si teljes\u00edtm\u00e9nyt, meg\u0151rizheti laptopja \u00e1ltal\u00e1nos hat\u00e9konys\u00e1g\u00e1t, valamint z\u00f6kken\u0151mentes \u00e9s megb\u00edzhat\u00f3 m\u0171k\u00f6d\u00e9st biztos\u00edt a meger\u0151ltet\u0151 feladatok vagy a hosszan tart\u00f3 haszn\u00e1lat sor\u00e1n. V\u00e1lasszon eredeti cserealkatr\u00e9szeket laptopj\u00e1hoz, hogy biztos\u00edtsa a kompatibilit\u00e1st \u00e9s a hat\u00e9kony h\u0171t\u00e9st, ami v\u00e9gs\u0151 soron hozz\u00e1j\u00e1rul a k\u00e9sz\u00fcl\u00e9k hosszabb \u00e9lettartam\u00e1hoz.<\/p>\n","protected":false},"excerpt":{"rendered":"<p>H\u0171t\u0151borda h\u0171t\u0151ventil\u00e1tor 13GNVX1AM010 Panasonic UDQFZZH32DAS<\/p>\n","protected":false},"featured_media":1107,"template":"","meta":[],"product_brand":[],"product_cat":[33],"product_tag":[],"class_list":{"0":"post-1043","1":"product","2":"type-product","3":"status-publish","4":"has-post-thumbnail","6":"product_cat-cpu-fans-heatsinks","8":"first","9":"instock","10":"taxable","11":"shipping-taxable","12":"purchasable","13":"product-type-simple"},"_links":{"self":[{"href":"https:\/\/boreait.com\/hu\/wp-json\/wp\/v2\/product\/1043","targetHints":{"allow":["GET"]}}],"collection":[{"href":"https:\/\/boreait.com\/hu\/wp-json\/wp\/v2\/product"}],"about":[{"href":"https:\/\/boreait.com\/hu\/wp-json\/wp\/v2\/types\/product"}],"wp:featuredmedia":[{"embeddable":true,"href":"https:\/\/boreait.com\/hu\/wp-json\/wp\/v2\/media\/1107"}],"wp:attachment":[{"href":"https:\/\/boreait.com\/hu\/wp-json\/wp\/v2\/media?parent=1043"}],"wp:term":[{"taxonomy":"product_brand","embeddable":true,"href":"https:\/\/boreait.com\/hu\/wp-json\/wp\/v2\/product_brand?post=1043"},{"taxonomy":"product_cat","embeddable":true,"href":"https:\/\/boreait.com\/hu\/wp-json\/wp\/v2\/product_cat?post=1043"},{"taxonomy":"product_tag","embeddable":true,"href":"https:\/\/boreait.com\/hu\/wp-json\/wp\/v2\/product_tag?post=1043"}],"curies":[{"name":"wp","href":"https:\/\/api.w.org\/{rel}","templated":true}]}}