{"id":1042,"date":"2025-09-17T09:53:15","date_gmt":"2025-09-17T07:53:15","guid":{"rendered":"https:\/\/boreait.com\/hu\/?post_type=product&#038;p=1042"},"modified":"2026-01-09T09:11:16","modified_gmt":"2026-01-09T08:11:16","slug":"lenovo-thinkpad-t460s-series-00jt920-ventilator-es-hutoborda","status":"publish","type":"product","link":"https:\/\/boreait.com\/hu\/termek\/lenovo-thinkpad-t460s-series-00jt920-ventilator-es-hutoborda\/","title":{"rendered":"Lenovo ThinkPad T460S Series 00JT920 ventil\u00e1tor \u00e9s h\u0171t\u0151borda"},"content":{"rendered":"<p>A Lenovo ThinkPad T460S Series 00JT920 ventil\u00e1tor \u00e9s amp; A h\u0171t\u0151borda kulcsfontoss\u00e1g\u00fa eleme a laptop h\u0171t\u0151rendszer\u00e9nek. A kifejezetten a T460S modellhez tervezett eredeti ventil\u00e1tor \u00e9s h\u0171t\u0151borda kombin\u00e1ci\u00f3 hat\u00e9konyan vezeti el a k\u00f6zponti egys\u00e9g (CPU) \u00e1ltal m\u0171k\u00f6d\u00e9s k\u00f6zben termelt h\u0151t. A megfelel\u0151 h\u0171t\u00e9s elengedhetetlen a t\u00falmeleged\u00e9s elker\u00fcl\u00e9s\u00e9hez, ami teljes\u00edtm\u00e9nybeli probl\u00e9m\u00e1khoz vezethet, \u00e9s k\u00e1ros\u00edthatja az \u00e9rz\u00e9keny bels\u0151 alkatr\u00e9szeket.<\/p>\n<p>Ez a kiv\u00e1l\u00f3 min\u0151s\u00e9g\u0171 ventil\u00e1tor \u00e9s h\u0171t\u0151borda egys\u00e9g egyenletes \u00e9s megb\u00edzhat\u00f3 h\u0171t\u00e9st biztos\u00edt a ThinkPad T460S sz\u00e1m\u00e1ra. Rendszeres haszn\u00e1lat \u00e9s hosszabb \u00fczemid\u0151 eset\u00e9n a laptopok felhalmoz\u00f3dhatnak a port \u00e9s a t\u00f6rmel\u00e9ket, ami id\u0151vel befoly\u00e1solja a h\u0171t\u00e9si hat\u00e9konys\u00e1got. A ventil\u00e1tor \u00e9s a h\u0171t\u0151borda cser\u00e9je az eredeti 00JT920 modellre hat\u00e9kony m\u00f3dja az optim\u00e1lis h\u0171t\u00e9si teljes\u00edtm\u00e9ny helyre\u00e1ll\u00edt\u00e1s\u00e1nak.<\/p>\n<p>Ha megn\u00f6vekedett ventil\u00e1torzajt \u00e9szlel, vagy laptopja a szok\u00e1sosn\u00e1l melegebben m\u0171k\u00f6dik, ez annak a jele lehet, hogy a h\u0171t\u0151rendszerre figyelni kell. A ventil\u00e1tor \u00e9s a h\u0171t\u0151borda cser\u00e9je jelent\u0151sen jav\u00edthatja a rendszer \u00e1ltal\u00e1nos teljes\u00edtm\u00e9ny\u00e9t, jav\u00edthatja a CPU teljes\u00edtm\u00e9ny\u00e9t, \u00e9s meghosszabb\u00edthatja laptopja \u00e9lettartam\u00e1t.<\/p>\n<p>A ventil\u00e1tor \u00e9s a h\u0171t\u0151borda telep\u00edt\u00e9sekor felt\u00e9tlen\u00fcl k\u00f6vesse a gy\u00e1rt\u00f3 \u00fatmutat\u00e1sait, vagy k\u00e9rjen seg\u00edts\u00e9get szakembert\u0151l a megfelel\u0151 \u00e9s biztons\u00e1gos illeszked\u00e9s \u00e9rdek\u00e9ben.<\/p>\n<p>Fefektessen be az eredeti Lenovo ThinkPad T460S Series 00JT920 ventil\u00e1torba &amp; H\u0171t\u0151borda a megb\u00edzhat\u00f3 h\u0171t\u00e9s \u00e9s a megszak\u00edt\u00e1s n\u00e9lk\u00fcli teljes\u00edtm\u00e9ny \u00e9rdek\u00e9ben. V\u00e1lasszon eredeti Lenovo cserealkatr\u00e9szeket, hogy meg\u0151rizze laptopja integrit\u00e1s\u00e1t \u00e9s kompatibilit\u00e1s\u00e1t. Ezzel a hat\u00e9kony h\u0171t\u00e9si megold\u00e1ssal a ThinkPad T460S h\u0171v\u00f6s marad nagy ig\u00e9nybev\u00e9tel mellett is, \u00e9s z\u00f6kken\u0151mentes \u00e9s megb\u00edzhat\u00f3 sz\u00e1m\u00edt\u00e1si \u00e9lm\u00e9nyt biztos\u00edt.<\/p>\n","protected":false},"excerpt":{"rendered":"<p>Tartsa h\u0171v\u00f6sen \u00e9s hat\u00e9konyan Lenovo ThinkPad T460S laptopj\u00e1t az eredeti 00JT920 Fan &amp; H\u0171t\u0151borda. Ez a megb\u00edzhat\u00f3 h\u0171t\u00e9si megold\u00e1s optim\u00e1lis teljes\u00edtm\u00e9nyt \u00e9s hossz\u00fa \u00e9lettartamot biztos\u00edt k\u00e9sz\u00fcl\u00e9k\u00e9nek.<\/p>\n","protected":false},"featured_media":1106,"template":"","meta":[],"product_brand":[],"product_cat":[33],"product_tag":[26],"class_list":{"0":"post-1042","1":"product","2":"type-product","3":"status-publish","4":"has-post-thumbnail","6":"product_cat-cpu-fans-heatsinks","7":"product_tag-lenovo","9":"first","10":"instock","11":"taxable","12":"shipping-taxable","13":"purchasable","14":"product-type-simple"},"_links":{"self":[{"href":"https:\/\/boreait.com\/hu\/wp-json\/wp\/v2\/product\/1042","targetHints":{"allow":["GET"]}}],"collection":[{"href":"https:\/\/boreait.com\/hu\/wp-json\/wp\/v2\/product"}],"about":[{"href":"https:\/\/boreait.com\/hu\/wp-json\/wp\/v2\/types\/product"}],"wp:featuredmedia":[{"embeddable":true,"href":"https:\/\/boreait.com\/hu\/wp-json\/wp\/v2\/media\/1106"}],"wp:attachment":[{"href":"https:\/\/boreait.com\/hu\/wp-json\/wp\/v2\/media?parent=1042"}],"wp:term":[{"taxonomy":"product_brand","embeddable":true,"href":"https:\/\/boreait.com\/hu\/wp-json\/wp\/v2\/product_brand?post=1042"},{"taxonomy":"product_cat","embeddable":true,"href":"https:\/\/boreait.com\/hu\/wp-json\/wp\/v2\/product_cat?post=1042"},{"taxonomy":"product_tag","embeddable":true,"href":"https:\/\/boreait.com\/hu\/wp-json\/wp\/v2\/product_tag?post=1042"}],"curies":[{"name":"wp","href":"https:\/\/api.w.org\/{rel}","templated":true}]}}