{"id":10419,"date":"2025-09-17T12:55:10","date_gmt":"2025-09-17T10:55:10","guid":{"rendered":"https:\/\/boreait.com\/hu\/?post_type=product&#038;p=10419"},"modified":"2025-09-17T12:56:28","modified_gmt":"2025-09-17T10:56:28","slug":"fujitsu-lifebook-u745-wd3200aaks-320-gb-sata-35-merevlemez-cserealkatresz","status":"publish","type":"product","link":"https:\/\/boreait.com\/hu\/termek\/fujitsu-lifebook-u745-wd3200aaks-320-gb-sata-35-merevlemez-cserealkatresz\/","title":{"rendered":"Fujitsu Lifebook U745 WD3200AAKS 320 GB SATA 3,5&#8243; merevlemez &#8211; cserealkatr\u00e9sz"},"content":{"rendered":"<p>EG\u00c9SZS\u00c9G 100%<\/p>\n<p>Revitaliz\u00e1lja sz\u00e1m\u00edt\u00f3g\u00e9p\u00e9t a Western Digital Caviar Blue WD3200AAKS 320 GB-os SATA 3,5 h\u00fcvelykes merevlemezzel, amely pr\u00e9mium v\u00e1laszt\u00e1s a sz\u00e1m\u00edt\u00f3g\u00e9p p\u00f3talkatr\u00e9szei k\u00f6z\u00f6tt. Ez a 320 GB-os merevlemez a megb\u00edzhat\u00f3s\u00e1got \u00e9s a teljes\u00edtm\u00e9nyt \u00f6tv\u00f6zi, \u00edgy biztos\u00edtja a rendszer z\u00f6kken\u0151mentes \u00e9s hat\u00e9kony m\u0171k\u00f6d\u00e9s\u00e9t. A 100%-os eg\u00e9szs\u00e9ggel megb\u00edzhat abban, hogy ez a meghajt\u00f3 biztos\u00edtja a t\u00e1rhelyet, az alkalmaz\u00e1sokat \u00e9s a m\u00e9di\u00e1t a f\u00e1jlok sz\u00e1m\u00e1ra.<\/p>\n<p>A sokoldal\u00fas\u00e1gra tervezett WD3200AAKS ide\u00e1lis a megl\u00e9v\u0151 be\u00e1ll\u00edt\u00e1sok friss\u00edt\u00e9s\u00e9hez vagy egy meghib\u00e1sodott meghajt\u00f3 helyettes\u00edt\u00e9s\u00e9re. SATA interf\u00e9sze gyors adat\u00e1tviteli sebess\u00e9get garant\u00e1l, robusztus kialak\u00edt\u00e1sa pedig tart\u00f3ss\u00e1got biztos\u00edt, \u00edgy otthoni \u00e9s irodai k\u00f6rnyezetben egyar\u00e1nt t\u00f6k\u00e9letes mindennapi haszn\u00e1latra.<\/p>\n<p>Ak\u00e1r egy j\u00e1t\u00e9kos, aki extra helyet keres, egy profi, akinek megb\u00edzhat\u00f3 t\u00e1rhelyre van sz\u00fcks\u00e9ge a fontos f\u00e1jlokhoz, vagy csak valaki, aki rendszere optim\u00e1lis m\u0171k\u00f6d\u00e9s\u00e9t szeretn\u00e9 tartani, a Western Digital Caviar Blue merevlemez a t\u00f6k\u00e9letes megold\u00e1s. B\u0151v\u00edtse sz\u00e1m\u00edt\u00f3g\u00e9pes \u00e9lm\u00e9ny\u00e9t ezzel a n\u00e9lk\u00fcl\u00f6zhetetlen alkatr\u00e9szrel m\u00e9g ma!<\/p>\n<h3><\/h3>\n","protected":false},"excerpt":{"rendered":"<p>Fedezze fel a kiv\u00e1l\u00f3 min\u0151s\u00e9g\u0171 sz\u00e1m\u00edt\u00f3g\u00e9p-alkatr\u00e9szeket a Western Digital Caviar Blue WD3200AAKS 320 GB-os SATA merevlemezzel. Ez a megb\u00edzhat\u00f3 t\u00e1rol\u00e1si megold\u00e1s 100%-os eg\u00e9szs\u00e9get \u00e9s teljes\u00edtm\u00e9nyt k\u00edn\u00e1l, \u00edgy ide\u00e1lis v\u00e1laszt\u00e1s a sz\u00e1m\u00edt\u00f3g\u00e9p friss\u00edt\u00e9s\u00e9hez vagy jav\u00edt\u00e1s\u00e1hoz. Szem\u00e9lyes \u00e9s professzion\u00e1lis haszn\u00e1latra egyar\u00e1nt t\u00f6k\u00e9letes, kiv\u00e9teles sebess\u00e9get \u00e9s hat\u00e9konys\u00e1got biztos\u00edt.<\/p>\n","protected":false},"featured_media":10484,"template":"","meta":[],"product_brand":[],"product_cat":[65,31],"product_tag":[],"class_list":{"0":"post-10419","1":"product","2":"type-product","3":"status-publish","4":"has-post-thumbnail","6":"product_cat-3-5-hdd","7":"product_cat-ssd-hdd-drives","9":"first","10":"instock","11":"taxable","12":"shipping-taxable","13":"purchasable","14":"product-type-simple"},"_links":{"self":[{"href":"https:\/\/boreait.com\/hu\/wp-json\/wp\/v2\/product\/10419","targetHints":{"allow":["GET"]}}],"collection":[{"href":"https:\/\/boreait.com\/hu\/wp-json\/wp\/v2\/product"}],"about":[{"href":"https:\/\/boreait.com\/hu\/wp-json\/wp\/v2\/types\/product"}],"wp:featuredmedia":[{"embeddable":true,"href":"https:\/\/boreait.com\/hu\/wp-json\/wp\/v2\/media\/10484"}],"wp:attachment":[{"href":"https:\/\/boreait.com\/hu\/wp-json\/wp\/v2\/media?parent=10419"}],"wp:term":[{"taxonomy":"product_brand","embeddable":true,"href":"https:\/\/boreait.com\/hu\/wp-json\/wp\/v2\/product_brand?post=10419"},{"taxonomy":"product_cat","embeddable":true,"href":"https:\/\/boreait.com\/hu\/wp-json\/wp\/v2\/product_cat?post=10419"},{"taxonomy":"product_tag","embeddable":true,"href":"https:\/\/boreait.com\/hu\/wp-json\/wp\/v2\/product_tag?post=10419"}],"curies":[{"name":"wp","href":"https:\/\/api.w.org\/{rel}","templated":true}]}}