{"id":10394,"date":"2025-09-17T12:54:46","date_gmt":"2025-09-17T10:54:46","guid":{"rendered":"https:\/\/boreait.com\/hu\/?post_type=product&#038;p=10394"},"modified":"2025-09-17T12:55:55","modified_gmt":"2025-09-17T10:55:55","slug":"hasznalt-eredeti-dell-latitude-e7250-billentyuzet-dell-p-n-0wvfrg-csere","status":"publish","type":"product","link":"https:\/\/boreait.com\/hu\/termek\/hasznalt-eredeti-dell-latitude-e7250-billentyuzet-dell-p-n-0wvfrg-csere\/","title":{"rendered":"Haszn\u00e1lt eredeti Dell Latitude E7250 billenty\u0171zet Dell P\/N 0wvfrg csere"},"content":{"rendered":"<p>Haszn\u00e1lt eredeti Dell Latitude E7250 billenty\u0171zet \u2013 Dell P\/N: 0wvfrg<\/p>\n<p>Friss\u00edtse vagy jav\u00edtsa Dell Latitude E7250 k\u00e9sz\u00fcl\u00e9k\u00e9t ezzel az eredeti haszn\u00e1lt billenty\u0171zettel, Dell P\/N: 0wvfrg. Ez a billenty\u0171zet nagyszer\u0171 cserelehet\u0151s\u00e9g a t\u00f6r\u00f6tt, nem reag\u00e1l\u00f3 vagy hi\u00e1nyz\u00f3 billenty\u0171k kezel\u00e9s\u00e9re, \u00edgy biztos\u00edtva, hogy laptopja teljes m\u00e9rt\u00e9kben m\u0171k\u00f6d\u0151k\u00e9pes maradjon.<\/p>\n<p>**A term\u00e9k jellemz\u0151i:**<\/p>\n<p>&#8211; **Kompatibilit\u00e1s:** Kifejezetten a Dell Latitude E7250 modellhez tervezt\u00e9k.<\/p>\n<p>&#8211; **Alkatr\u00e9szsz\u00e1m:** Dell P\/N: 0wvfrg.<\/p>\n<p>&#8211; **\u00c1llapot:** Haszn\u00e1lt \u00e9s m\u0171k\u00f6d\u0151k\u00e9pes, k\u00e9szen \u00e1ll a r\u00e9gi billenty\u0171zet cser\u00e9j\u00e9re.<\/p>\n<p>&#8211; **Megb\u00edzhat\u00f3 teljes\u00edtm\u00e9ny:** Vissza\u00e1ll\u00edtja a g\u00e9pel\u00e9si funkcionalit\u00e1st, val\u00f3di f\u00e9nyk\u00e9pekkel, amelyek megmutatj\u00e1k a kapott alkatr\u00e9sz pontos \u00e1llapot\u00e1t.<\/p>\n<p>**Mi\u00e9rt v\u00e1lassza ezt a billenty\u0171zetet?**<\/p>\n<p>&#8211; **T\u00f6k\u00e9letes illeszked\u00e9s:** A megl\u00e9v\u0151 Dell Latitude E7250 billenty\u0171zet k\u00f6zvetlen cser\u00e9je.<\/p>\n<p>&#8211; **Nincs tov\u00e1bbi m\u00f3dos\u00edt\u00e1s:** Egyszer\u0171 telep\u00edt\u00e9s a gyors \u00e9s probl\u00e9mamentes jav\u00edt\u00e1s \u00e9rdek\u00e9ben.<\/p>\n<p>&#8211; **Sz\u00e1ll\u00edt\u00e1s az eg\u00e9sz vil\u00e1gon:** El\u00e9rhet\u0151 glob\u00e1lis kisz\u00e1ll\u00edt\u00e1sra, Eur\u00f3p\u00e1ra \u00f6sszpontos\u00edtva.<\/p>\n<p>K\u00e9rj\u00fck, vegye figyelembe, hogy a telep\u00edt\u00e9si utas\u00edt\u00e1sokat nem tartalmazza. Ha seg\u00edts\u00e9gre van sz\u00fcks\u00e9ge a telep\u00edt\u00e9shez, forduljon hozz\u00e1nk bizalommal. \u00d6r\u00f6mmel seg\u00edt\u00fcnk a folyamatban.<\/p>\n<p>**Fontos:** A list\u00e1ban szerepl\u0151 fot\u00f3k pontosan azt a billenty\u0171zetet mutatj\u00e1k, amelyet kapni fog. Minden alkatr\u00e9szt \u00e1tvizsg\u00e1ltunk, hogy megbizonyosodjunk arr\u00f3l, hogy megfelelnek min\u0151s\u00e9gi szabv\u00e1nyainknak.<\/p>\n","protected":false},"excerpt":{"rendered":"<p>Haszn\u00e1lt eredeti Dell Latitude E7250 billenty\u0171zet \u2013 Dell P\/N: 0wvfrg. Ez a billenty\u0171zet t\u00f6k\u00e9letes a Dell Latitude E7250 hib\u00e1s vagy elhaszn\u00e1l\u00f3dott billenty\u0171inek cser\u00e9j\u00e9hez, \u00edgy megb\u00edzhat\u00f3 g\u00e9pel\u00e9si \u00e9lm\u00e9nyt biztos\u00edt.<\/p>\n","protected":false},"featured_media":10461,"template":"","meta":[],"product_brand":[],"product_cat":[35],"product_tag":[17],"class_list":{"0":"post-10394","1":"product","2":"type-product","3":"status-publish","4":"has-post-thumbnail","6":"product_cat-laptop-keyboard","7":"product_tag-dell","9":"first","10":"instock","11":"taxable","12":"shipping-taxable","13":"purchasable","14":"product-type-simple"},"_links":{"self":[{"href":"https:\/\/boreait.com\/hu\/wp-json\/wp\/v2\/product\/10394","targetHints":{"allow":["GET"]}}],"collection":[{"href":"https:\/\/boreait.com\/hu\/wp-json\/wp\/v2\/product"}],"about":[{"href":"https:\/\/boreait.com\/hu\/wp-json\/wp\/v2\/types\/product"}],"wp:featuredmedia":[{"embeddable":true,"href":"https:\/\/boreait.com\/hu\/wp-json\/wp\/v2\/media\/10461"}],"wp:attachment":[{"href":"https:\/\/boreait.com\/hu\/wp-json\/wp\/v2\/media?parent=10394"}],"wp:term":[{"taxonomy":"product_brand","embeddable":true,"href":"https:\/\/boreait.com\/hu\/wp-json\/wp\/v2\/product_brand?post=10394"},{"taxonomy":"product_cat","embeddable":true,"href":"https:\/\/boreait.com\/hu\/wp-json\/wp\/v2\/product_cat?post=10394"},{"taxonomy":"product_tag","embeddable":true,"href":"https:\/\/boreait.com\/hu\/wp-json\/wp\/v2\/product_tag?post=10394"}],"curies":[{"name":"wp","href":"https:\/\/api.w.org\/{rel}","templated":true}]}}