{"id":1038,"date":"2025-09-17T09:53:14","date_gmt":"2025-09-17T07:53:14","guid":{"rendered":"https:\/\/boreait.com\/hu\/?post_type=product&#038;p=1038"},"modified":"2026-01-09T09:10:39","modified_gmt":"2026-01-09T08:10:39","slug":"hp-pavilion-dv7-4026eo-huto-es-ventilator-3mlx8tatp20","status":"publish","type":"product","link":"https:\/\/boreait.com\/hu\/termek\/hp-pavilion-dv7-4026eo-huto-es-ventilator-3mlx8tatp20\/","title":{"rendered":"HP Pavilion DV7-4026eo h\u0171t\u0151 \u00e9s ventil\u00e1tor 3MLX8TATP20"},"content":{"rendered":"<p>A HP Pavilion DV7-4026eo h\u0171t\u0151 \u00e9s ventil\u00e1tor 3MLX8TATP20 t\u00f6k\u00e9letes cserealkatr\u00e9sz, amely biztos\u00edtja, hogy laptopja h\u0171v\u00f6s maradjon, \u00e9s a cs\u00facsteljes\u00edtm\u00e9nyszinten m\u0171k\u00f6dj\u00f6n. A t\u00falmeleged\u00e9s a teljes\u00edtm\u00e9ny cs\u00f6kken\u00e9s\u00e9hez \u00e9s a bels\u0151 alkatr\u00e9szek esetleges k\u00e1rosod\u00e1s\u00e1hoz vezethet. Ezt az eredeti HP h\u0171t\u0151rendszert kifejezetten a Pavilion DV7-4026eo modellhez tervezt\u00e9k, t\u00f6k\u00e9letes illeszked\u00e9st \u00e9s kompatibilit\u00e1st biztos\u00edtva.<\/p>\n<p>A h\u0171t\u0151rendszer egy kiv\u00e1l\u00f3 min\u0151s\u00e9g\u0171 ventil\u00e1torb\u00f3l \u00e9s h\u0171t\u0151egys\u00e9gb\u0151l \u00e1ll, amely hat\u00e9konyan vezeti el a laptop alkatr\u00e9szei \u00e1ltal termelt h\u0151t. A ventil\u00e1tor keringeti a leveg\u0151t, hogy elt\u00e1vol\u00edtsa a felesleges h\u0151t, megakad\u00e1lyozza a rendszer t\u00falmeleged\u00e9s\u00e9t, \u00e9s stabil \u00fczemi h\u0151m\u00e9rs\u00e9kletet tart fenn.<\/p>\n<p>A h\u0171t\u0151 \u00e9s ventil\u00e1tor szerelv\u00e9ny telep\u00edt\u00e9se egyszer\u0171, de aj\u00e1nlatos szakember seg\u00edts\u00e9g\u00e9t k\u00e9rni, ha nem j\u00e1rtas a laptopok jav\u00edt\u00e1s\u00e1ban. Ezzel a cserealkatr\u00e9szrel megb\u00edzhat a HP-term\u00e9kek min\u0151s\u00e9g\u00e9ben \u00e9s megb\u00edzhat\u00f3s\u00e1g\u00e1ban, biztos\u00edtva ezzel, hogy laptopja optim\u00e1lisan m\u0171k\u00f6dj\u00f6n, \u00e9s hossz\u00fa \u00e9vekig kitartson.<\/p>\n<p>Gy\u0151z\u0151dj\u00f6n meg arr\u00f3l, hogy HP Pavilion DV7-4026eo laptopja h\u0171v\u00f6s marad, \u00e9s z\u00f6kken\u0151mentesen m\u0171k\u00f6dik az eredeti HP Pavilion DV7-4026eo 3MLX8TATP20 h\u0171t\u0151vel \u00e9s ventil\u00e1torral. Tapasztalja meg a jobb rendszerteljes\u00edtm\u00e9nyt, a zajcs\u00f6kkent\u00e9st \u00e9s a laptop \u00e9lettartam\u00e1nak meghosszabb\u00edt\u00e1s\u00e1t ezzel az alapvet\u0151 cserealkatr\u00e9szsel. Laptopja z\u00f6kken\u0151mentesen \u00e9s hat\u00e9konyan m\u0171k\u00f6dj\u00f6n m\u00e9g intenz\u00edv feladatok k\u00f6zben is, megfelel\u0151en m\u0171k\u00f6d\u0151 h\u0171t\u0151rendszerrel.<\/p>\n","protected":false},"excerpt":{"rendered":"<p>Tartsa h\u0171v\u00f6sen \u00e9s hat\u00e9konyan HP Pavilion DV7-4026eo laptopj\u00e1t ezzel az eredeti h\u0171t\u0151 \u00e9s ventil\u00e1tor szerelv\u00e9nnyel. A 3MLX8TATP20 h\u0171t\u0151rendszert \u00fagy tervezt\u00e9k, hogy hat\u00e9konyan vezesse el a h\u0151t, optim\u00e1lis teljes\u00edtm\u00e9nyt \u00e9s hossz\u00fa \u00e9lettartamot biztos\u00edtva laptopja sz\u00e1m\u00e1ra.<\/p>\n","protected":false},"featured_media":1102,"template":"","meta":[],"product_brand":[],"product_cat":[33],"product_tag":[25],"class_list":{"0":"post-1038","1":"product","2":"type-product","3":"status-publish","4":"has-post-thumbnail","6":"product_cat-cpu-fans-heatsinks","7":"product_tag-hp","9":"first","10":"instock","11":"taxable","12":"shipping-taxable","13":"purchasable","14":"product-type-simple"},"_links":{"self":[{"href":"https:\/\/boreait.com\/hu\/wp-json\/wp\/v2\/product\/1038","targetHints":{"allow":["GET"]}}],"collection":[{"href":"https:\/\/boreait.com\/hu\/wp-json\/wp\/v2\/product"}],"about":[{"href":"https:\/\/boreait.com\/hu\/wp-json\/wp\/v2\/types\/product"}],"wp:featuredmedia":[{"embeddable":true,"href":"https:\/\/boreait.com\/hu\/wp-json\/wp\/v2\/media\/1102"}],"wp:attachment":[{"href":"https:\/\/boreait.com\/hu\/wp-json\/wp\/v2\/media?parent=1038"}],"wp:term":[{"taxonomy":"product_brand","embeddable":true,"href":"https:\/\/boreait.com\/hu\/wp-json\/wp\/v2\/product_brand?post=1038"},{"taxonomy":"product_cat","embeddable":true,"href":"https:\/\/boreait.com\/hu\/wp-json\/wp\/v2\/product_cat?post=1038"},{"taxonomy":"product_tag","embeddable":true,"href":"https:\/\/boreait.com\/hu\/wp-json\/wp\/v2\/product_tag?post=1038"}],"curies":[{"name":"wp","href":"https:\/\/api.w.org\/{rel}","templated":true}]}}