{"id":10363,"date":"2025-09-17T12:54:21","date_gmt":"2025-09-17T10:54:21","guid":{"rendered":"https:\/\/boreait.com\/hu\/?post_type=product&#038;p=10363"},"modified":"2026-02-06T20:15:14","modified_gmt":"2026-02-06T19:15:14","slug":"dell-rugged-tablet-12-7202-bekapcsologomb-eredeti-cserealkatresz","status":"publish","type":"product","link":"https:\/\/boreait.com\/hu\/termek\/dell-rugged-tablet-12-7202-bekapcsologomb-eredeti-cserealkatresz\/","title":{"rendered":"Dell Rugged Tablet 12 7202 bekapcsol\u00f3gomb \u2013 Eredeti cserealkatr\u00e9sz"},"content":{"rendered":"<p>Bekapcsol\u00f3gomb a Dell Rugged Tablet 12 7202 k\u00e9sz\u00fcl\u00e9khez<\/p>\n<p>Cser\u00e9lje ki a hib\u00e1s vagy elhaszn\u00e1l\u00f3dott bekapcsol\u00f3gombot a Dell Rugged Tablet 12 7202 k\u00e9sz\u00fcl\u00e9ken erre az eredeti cserealkatr\u00e9szre. \u00dagy tervezt\u00e9k, hogy vissza\u00e1ll\u00edtsa az eszk\u00f6z teljes teljes\u00edtm\u00e9nyszab\u00e1lyoz\u00e1s\u00e1t, megb\u00edzhat\u00f3 m\u0171k\u00f6d\u00e9st biztos\u00edtva zord k\u00f6rnyezetben.<\/p>\n<p>**A term\u00e9k jellemz\u0151i:**<\/p>\n<p>&#8211; **Kompatibilit\u00e1s:** Kifejezetten a Dell Rugged Tablet 12 7202-hez tervezve.<\/p>\n<p>&#8211; **M\u0171k\u00f6d\u00e9s:** Helyettes\u00edti az elhaszn\u00e1l\u00f3dott, beragadt vagy nem reag\u00e1l\u00f3 bekapcsol\u00f3gombokat.<\/p>\n<p>&#8211; **Min\u0151s\u00e9g:** Eredeti cserealkatr\u00e9sz a kem\u00e9ny k\u00f6r\u00fclm\u00e9nyek k\u00f6z\u00f6tti megb\u00edzhat\u00f3 haszn\u00e1lathoz.<\/p>\n<p>&#8211; **\u00c1llapot:** A lista val\u00f3s f\u00e9nyk\u00e9peket tartalmaz a pontos alkatr\u00e9szr\u0151l, amelyet megkap.<\/p>\n<p>**Mi\u00e9rt v\u00e1lassza ezt a bekapcsol\u00f3gombot?**<\/p>\n<p>&#8211; **Vissza\u00e1ll\u00edtja az energiaell\u00e1t\u00e1st:** Ide\u00e1lis a t\u00e1blag\u00e9p bekapcsol\u00f3gombj\u00e1val kapcsolatos probl\u00e9m\u00e1k megold\u00e1s\u00e1hoz.<\/p>\n<p>&#8211; **K\u00f6zvetlen csere:** Egyszer\u0171 telep\u00edt\u00e9s, m\u00f3dos\u00edt\u00e1sok n\u00e9lk\u00fcl.<\/p>\n<p>&#8211; **Sz\u00e1ll\u00edt\u00e1s az eg\u00e9sz vil\u00e1gon:** Glob\u00e1lis sz\u00e1ll\u00edt\u00e1st k\u00edn\u00e1lunk, els\u0151sorban Eur\u00f3p\u00e1ra \u00f6sszpontos\u00edtva.<\/p>\n<p>K\u00e9rj\u00fck, vegye figyelembe, hogy a telep\u00edt\u00e9si utas\u00edt\u00e1sokat nem tartalmazza. Ha seg\u00edts\u00e9gre van sz\u00fcks\u00e9ge a telep\u00edt\u00e9shez, tov\u00e1bbi seg\u00edts\u00e9g\u00e9rt forduljon hozz\u00e1nk bizalommal. \u00d6r\u00f6mmel t\u00e1mogatjuk \u00d6nt.<\/p>\n<p>**Fontos:** Az adatlapon szerepl\u0151 f\u00e9nyk\u00e9pek a t\u00e9nyleges bekapcsol\u00f3gombot mutatj\u00e1k. Minden alkatr\u00e9szt megvizsg\u00e1lnak, hogy biztos\u00edts\u00e1k a megfelel\u0151 m\u0171k\u00f6d\u00e9st \u00e9s az \u00fcgyfelek el\u00e9gedetts\u00e9g\u00e9t.<\/p>\n","protected":false},"excerpt":{"rendered":"<p>Bekapcsol\u00f3gomb a Dell Rugged Tablet 12 7202 k\u00e9sz\u00fcl\u00e9khez \u2013 Eredeti cserealkatr\u00e9sz. Cser\u00e9lje ki a Dell Rugged Tablet 12 7202 elhaszn\u00e1l\u00f3dott vagy nem reag\u00e1l bekapcsol\u00f3gombj\u00e1t a m\u0171k\u00f6d\u0151k\u00e9pess\u00e9g helyre\u00e1ll\u00edt\u00e1s\u00e1hoz.<\/p>\n","protected":false},"featured_media":10426,"template":"","meta":[],"product_brand":[],"product_cat":[27],"product_tag":[17],"class_list":{"0":"post-10363","1":"product","2":"type-product","3":"status-publish","4":"has-post-thumbnail","6":"product_cat-motherboards-board-parts","7":"product_tag-dell","9":"first","10":"instock","11":"taxable","12":"shipping-taxable","13":"purchasable","14":"product-type-simple"},"_links":{"self":[{"href":"https:\/\/boreait.com\/hu\/wp-json\/wp\/v2\/product\/10363","targetHints":{"allow":["GET"]}}],"collection":[{"href":"https:\/\/boreait.com\/hu\/wp-json\/wp\/v2\/product"}],"about":[{"href":"https:\/\/boreait.com\/hu\/wp-json\/wp\/v2\/types\/product"}],"wp:featuredmedia":[{"embeddable":true,"href":"https:\/\/boreait.com\/hu\/wp-json\/wp\/v2\/media\/10426"}],"wp:attachment":[{"href":"https:\/\/boreait.com\/hu\/wp-json\/wp\/v2\/media?parent=10363"}],"wp:term":[{"taxonomy":"product_brand","embeddable":true,"href":"https:\/\/boreait.com\/hu\/wp-json\/wp\/v2\/product_brand?post=10363"},{"taxonomy":"product_cat","embeddable":true,"href":"https:\/\/boreait.com\/hu\/wp-json\/wp\/v2\/product_cat?post=10363"},{"taxonomy":"product_tag","embeddable":true,"href":"https:\/\/boreait.com\/hu\/wp-json\/wp\/v2\/product_tag?post=10363"}],"curies":[{"name":"wp","href":"https:\/\/api.w.org\/{rel}","templated":true}]}}