{"id":10358,"date":"2025-09-17T12:54:21","date_gmt":"2025-09-17T10:54:21","guid":{"rendered":"https:\/\/boreait.com\/hu\/?post_type=product&#038;p=10358"},"modified":"2025-09-17T12:55:05","modified_gmt":"2025-09-17T10:55:05","slug":"latitude-12-rugged-tablet-7202-kameraburkolat-eredeti-cserealkatresz","status":"publish","type":"product","link":"https:\/\/boreait.com\/hu\/termek\/latitude-12-rugged-tablet-7202-kameraburkolat-eredeti-cserealkatresz\/","title":{"rendered":"Latitude 12 Rugged Tablet 7202 kameraburkolat \u2013 Eredeti cserealkatr\u00e9sz"},"content":{"rendered":"<p>Kamerafed\u00e9l Latitude 12 Rugged Tablet 7202 k\u00e9sz\u00fcl\u00e9khez<\/p>\n<p>Ezt az eredeti kameraburkolatot a Dell Latitude 12 Rugged Tablet 7202 k\u00e9sz\u00fcl\u00e9khez tervezt\u00e9k, megb\u00edzhat\u00f3 v\u00e9delmet \u00e9s mag\u00e1n\u00e9letet biztos\u00edtva. Ak\u00e1r elveszett, ak\u00e1r s\u00e9r\u00fclt burkolatot cser\u00e9l, ez a r\u00e9sz t\u00f6k\u00e9letesen illeszkedik, meg\u00f3vja f\u00e9nyk\u00e9pez\u0151g\u00e9p\u00e9t a karcol\u00e1sokt\u00f3l \u00e9s a port\u00f3l, mik\u00f6zben meg\u0151rzi k\u00e9sz\u00fcl\u00e9ke massz\u00edv tart\u00f3ss\u00e1g\u00e1t.<\/p>\n<p>**A term\u00e9k jellemz\u0151i:**<\/p>\n<p>&#8211; **Kompatibilit\u00e1s:** Kiz\u00e1r\u00f3lag a Latitude 12 Rugged Tablet 7202 modellhez tervezt\u00e9k.<\/p>\n<p>&#8211; **Funkcionalit\u00e1s:** Megv\u00e9di a f\u00e9nyk\u00e9pez\u0151g\u00e9pet a s\u00e9r\u00fcl\u00e9sekt\u0151l, \u00e9s fokozott mag\u00e1n\u00e9letet biztos\u00edt, ha a f\u00e9nyk\u00e9pez\u0151g\u00e9p nincs haszn\u00e1latban.<\/p>\n<p>&#8211; **Min\u0151s\u00e9g:** Eredeti cserealkatr\u00e9sz a megb\u00edzhat\u00f3 v\u00e9delem \u00e9s illeszked\u00e9s \u00e9rdek\u00e9ben.<\/p>\n<p>&#8211; **\u00c1llapot:** A mell\u00e9kelt fot\u00f3k a t\u00e9nylegesen megkapott r\u00e9szr\u0151l k\u00e9sz\u00fcltek, \u00e9s az aktu\u00e1lis \u00e1llapotot mutatj\u00e1k.<\/p>\n<p>**Mi\u00e9rt v\u00e1lassza ezt a kamerabor\u00edt\u00e1st?**<\/p>\n<p>&#8211; **Tov\u00e1bbfejlesztett v\u00e9delem:** Meg\u00f3vja f\u00e9nyk\u00e9pez\u0151g\u00e9p\u00e9t a karcol\u00e1sokt\u00f3l, port\u00f3l \u00e9s v\u00e9letlen s\u00e9r\u00fcl\u00e9sekt\u0151l.<\/p>\n<p>&#8211; **Adatv\u00e9delem:** K\u00f6nnyen letakarja a kamer\u00e1t, \u00edgy biztos\u00edtva a mag\u00e1n\u00e9let v\u00e9delm\u00e9t haszn\u00e1laton k\u00edv\u00fcl.<\/p>\n<p>&#8211; **T\u00f6k\u00e9letes illeszked\u00e9s:** Kifejezetten a 7202 Rugged Tablethez k\u00e9sz\u00fclt, pontos illeszked\u00e9st biztos\u00edtva v\u00e1ltoztat\u00e1sok n\u00e9lk\u00fcl.<\/p>\n<p>K\u00e9rj\u00fck, vegye figyelembe, hogy a telep\u00edt\u00e9si utas\u00edt\u00e1sokat nem tartalmazza. Ha seg\u00edts\u00e9gre van sz\u00fcks\u00e9ge a telep\u00edt\u00e9shez, vagy b\u00e1rmilyen egy\u00e9b k\u00e9rd\u00e9se van, forduljon hozz\u00e1nk bizalommal.<\/p>\n<p>**Fontos:** A list\u00e1ban szerepl\u0151 fot\u00f3k pontosan azt a kamerabor\u00edt\u00e1st mutatj\u00e1k, amelyet kap. Sz\u00e1ll\u00edt\u00e1s el\u0151tt minden alkatr\u00e9szt min\u0151s\u00e9gbiztos\u00edt\u00e1s c\u00e9lj\u00e1b\u00f3l megvizsg\u00e1lnak.<\/p>\n","protected":false},"excerpt":{"rendered":"<p>Kamerafed\u00e9l Latitude 12 Rugged Tablet 7202 k\u00e9sz\u00fcl\u00e9khez \u2013 Eredeti cserealkatr\u00e9sz. Biztos\u00edtsa a mag\u00e1n\u00e9let v\u00e9delm\u00e9t \u00e9s v\u00e9dje eszk\u00f6ze kamer\u00e1j\u00e1t ezzel a tart\u00f3s kameraburkolattal, amelyet kifejezetten a Latitude 12 Rugged Tablet 7202-hez terveztek.<\/p>\n","protected":false},"featured_media":10408,"template":"","meta":[],"product_brand":[],"product_cat":[16],"product_tag":[17],"class_list":{"0":"post-10358","1":"product","2":"type-product","3":"status-publish","4":"has-post-thumbnail","6":"product_cat-laptop-housing","7":"product_tag-dell","9":"first","10":"instock","11":"taxable","12":"shipping-taxable","13":"purchasable","14":"product-type-simple"},"_links":{"self":[{"href":"https:\/\/boreait.com\/hu\/wp-json\/wp\/v2\/product\/10358","targetHints":{"allow":["GET"]}}],"collection":[{"href":"https:\/\/boreait.com\/hu\/wp-json\/wp\/v2\/product"}],"about":[{"href":"https:\/\/boreait.com\/hu\/wp-json\/wp\/v2\/types\/product"}],"wp:featuredmedia":[{"embeddable":true,"href":"https:\/\/boreait.com\/hu\/wp-json\/wp\/v2\/media\/10408"}],"wp:attachment":[{"href":"https:\/\/boreait.com\/hu\/wp-json\/wp\/v2\/media?parent=10358"}],"wp:term":[{"taxonomy":"product_brand","embeddable":true,"href":"https:\/\/boreait.com\/hu\/wp-json\/wp\/v2\/product_brand?post=10358"},{"taxonomy":"product_cat","embeddable":true,"href":"https:\/\/boreait.com\/hu\/wp-json\/wp\/v2\/product_cat?post=10358"},{"taxonomy":"product_tag","embeddable":true,"href":"https:\/\/boreait.com\/hu\/wp-json\/wp\/v2\/product_tag?post=10358"}],"curies":[{"name":"wp","href":"https:\/\/api.w.org\/{rel}","templated":true}]}}