{"id":10315,"date":"2025-09-17T12:53:33","date_gmt":"2025-09-17T10:53:33","guid":{"rendered":"https:\/\/boreait.com\/hu\/?post_type=product&#038;p=10315"},"modified":"2026-02-06T15:04:55","modified_gmt":"2026-02-06T14:04:55","slug":"precision-5520-csuklopant-eredeti-laptop-cserealkatresz","status":"publish","type":"product","link":"https:\/\/boreait.com\/hu\/termek\/precision-5520-csuklopant-eredeti-laptop-cserealkatresz\/","title":{"rendered":"Precision 5520 csukl\u00f3p\u00e1nt &#8211; eredeti laptop cserealkatr\u00e9sz"},"content":{"rendered":"<p>Zsan\u00e9rfed\u00e9l a Precision 5520-hoz<\/p>\n<p>Ezt az eredeti zsan\u00e9rburkolatot a Dell Precision 5520-hoz tervezt\u00e9k, \u00e9s t\u00f6k\u00e9letes p\u00f3tl\u00e1st k\u00edn\u00e1l a t\u00f6r\u00f6tt vagy hi\u00e1nyz\u00f3 csukl\u00f3p\u00e1nt bor\u00edt\u00e1s\u00e1ra. Tartsa tiszt\u00e1n laptopj\u00e1t, \u00e9s v\u00e9dje meg a csukl\u00f3p\u00e1ntjait ezzel az alapvet\u0151 r\u00e9sszel.<\/p>\n<p>**A term\u00e9k jellemz\u0151i:**<\/p>\n<p>&#8211; **Kompatibilit\u00e1s:** Kifejezetten a Dell Precision 5520-hoz tervezt\u00e9k.<\/p>\n<p>&#8211; **Funkcion\u00e1lis:** A s\u00e9r\u00fclt vagy hi\u00e1nyz\u00f3 zsan\u00e9rburkolat p\u00f3tl\u00e1sa a teljes funkcionalit\u00e1s \u00e9s megjelen\u00e9s helyre\u00e1ll\u00edt\u00e1sa \u00e9rdek\u00e9ben.<\/p>\n<p>&#8211; **Min\u0151s\u00e9g:** Eredeti cserealkatr\u00e9sz a hossz\u00fa t\u00e1v\u00fa megb\u00edzhat\u00f3s\u00e1g \u00e9rdek\u00e9ben.<\/p>\n<p>&#8211; **\u00c1llapot:** A list\u00e1n szerepl\u0151 fot\u00f3k a t\u00e9nyleges term\u00e9kr\u0151l k\u00e9sz\u00fcltek, \u00edgy pontosan tudja, mit kap.<\/p>\n<p>**Mi\u00e9rt v\u00e1lassza ezt a zsan\u00e9rhuzatot?**<\/p>\n<p>&#8211; **Egyszer\u0171 csere:** Ide\u00e1lis hi\u00e1nyz\u00f3 vagy t\u00f6r\u00f6tt zsan\u00e9rburkolat p\u00f3tl\u00e1s\u00e1ra, nincs sz\u00fcks\u00e9g m\u00f3dos\u00edt\u00e1sra.<\/p>\n<p>&#8211; **Glob\u00e1lis sz\u00e1ll\u00edt\u00e1s:** vil\u00e1gszerte megv\u00e1s\u00e1rolhat\u00f3, az eur\u00f3pai \u00fcgyfelekre \u00f6sszpontos\u00edtva.<\/p>\n<p>Ha seg\u00edts\u00e9gre van sz\u00fcks\u00e9ge, vagy k\u00e9rd\u00e9se van a telep\u00edt\u00e9ssel kapcsolatban, forduljon hozz\u00e1nk k\u00f6zvetlen\u00fcl. Sz\u00edvesen seg\u00edt\u00fcnk!<\/p>\n<p>**Fontos:** A list\u00e1ban szerepl\u0151 \u00f6sszes fot\u00f3 pontosan arr\u00f3l a r\u00e9szr\u0151l k\u00e9sz\u00fclt, amelyet \u00d6n kap. Minden alkatr\u00e9szt alaposan \u00e1tvizsg\u00e1ltak a min\u0151s\u00e9g biztos\u00edt\u00e1sa \u00e9rdek\u00e9ben.<\/p>\n","protected":false},"excerpt":{"rendered":"<p>Csukl\u00f3p\u00e1nt burkolat a Precision 5520-hoz \u2013 Eredeti cserealkatr\u00e9sz. Cser\u00e9lje ki a s\u00e9r\u00fclt vagy hi\u00e1nyz\u00f3 zsan\u00e9rburkolatot, \u00e9s \u00e1ll\u00edtsa vissza laptopja megjelen\u00e9s\u00e9t \u00e9s funkcionalit\u00e1s\u00e1t.<\/p>\n","protected":false},"featured_media":10376,"template":"","meta":[],"product_brand":[],"product_cat":[16],"product_tag":[17],"class_list":{"0":"post-10315","1":"product","2":"type-product","3":"status-publish","4":"has-post-thumbnail","6":"product_cat-laptop-housing","7":"product_tag-dell","9":"first","10":"instock","11":"taxable","12":"shipping-taxable","13":"purchasable","14":"product-type-simple"},"_links":{"self":[{"href":"https:\/\/boreait.com\/hu\/wp-json\/wp\/v2\/product\/10315","targetHints":{"allow":["GET"]}}],"collection":[{"href":"https:\/\/boreait.com\/hu\/wp-json\/wp\/v2\/product"}],"about":[{"href":"https:\/\/boreait.com\/hu\/wp-json\/wp\/v2\/types\/product"}],"wp:featuredmedia":[{"embeddable":true,"href":"https:\/\/boreait.com\/hu\/wp-json\/wp\/v2\/media\/10376"}],"wp:attachment":[{"href":"https:\/\/boreait.com\/hu\/wp-json\/wp\/v2\/media?parent=10315"}],"wp:term":[{"taxonomy":"product_brand","embeddable":true,"href":"https:\/\/boreait.com\/hu\/wp-json\/wp\/v2\/product_brand?post=10315"},{"taxonomy":"product_cat","embeddable":true,"href":"https:\/\/boreait.com\/hu\/wp-json\/wp\/v2\/product_cat?post=10315"},{"taxonomy":"product_tag","embeddable":true,"href":"https:\/\/boreait.com\/hu\/wp-json\/wp\/v2\/product_tag?post=10315"}],"curies":[{"name":"wp","href":"https:\/\/api.w.org\/{rel}","templated":true}]}}