{"id":10312,"date":"2025-09-17T12:53:32","date_gmt":"2025-09-17T10:53:32","guid":{"rendered":"https:\/\/boreait.com\/hu\/?post_type=product&#038;p=10312"},"modified":"2025-09-17T12:54:27","modified_gmt":"2025-09-17T10:54:27","slug":"dell-precision-5520-billentyuzet-0vc22n-eredeti-cserealkatresz","status":"publish","type":"product","link":"https:\/\/boreait.com\/hu\/termek\/dell-precision-5520-billentyuzet-0vc22n-eredeti-cserealkatresz\/","title":{"rendered":"Dell Precision 5520 billenty\u0171zet 0VC22N \u2013 Eredeti cserealkatr\u00e9sz"},"content":{"rendered":"<p>Dell Precision 5520 billenty\u0171zet (0VC22N)<\/p>\n<p>Fokozza Dell Precision 5520 funkcionalit\u00e1s\u00e1t ezzel az eredeti cserebillenty\u0171zettel (cikksz\u00e1m: 0VC22N). Ez a billenty\u0171zet ide\u00e1lis az elhaszn\u00e1l\u00f3dott vagy hib\u00e1san m\u0171k\u00f6d\u0151 egys\u00e9g cser\u00e9j\u00e9hez, ezzel helyre\u00e1ll\u00edtva laptopja g\u00e9pel\u00e9si teljes\u00edtm\u00e9ny\u00e9t.<\/p>\n<p>**A term\u00e9k jellemz\u0151i:**<\/p>\n<p>&#8211; **Kompatibilit\u00e1s:** Kifejezetten a Dell Precision 5520 modellhez tervezt\u00e9k.<\/p>\n<p>&#8211; **Alkatr\u00e9szsz\u00e1m:** 0VC22N.<\/p>\n<p>&#8211; **Funkcionalit\u00e1s:** A z\u00f6kken\u0151mentes g\u00e9pel\u00e9s \u00e9rdek\u00e9ben helyettes\u00edti a s\u00e9r\u00fclt vagy nem m\u0171k\u00f6d\u0151 billenty\u0171zeteket.<\/p>\n<p>&#8211; **\u00c1llapot:** Ez egy haszn\u00e1lt billenty\u0171zet. A mell\u00e9kelt f\u00e9nyk\u00e9peken l\u00e1that\u00f3 a t\u00e9nyleges alkatr\u00e9sz, amit kapni fog.<\/p>\n<p>**Mi\u00e9rt v\u00e1lassza ezt a billenty\u0171zetet?**<\/p>\n<p>&#8211; **Egyszer\u0171 csere:** Nincs sz\u00fcks\u00e9g tov\u00e1bbi m\u00f3dos\u00edt\u00e1sokra \u2013 csak cser\u00e9lje ki r\u00e9gi billenty\u0171zet\u00e9t erre az eredeti cser\u00e9re.<\/p>\n<p>&#8211; **Megb\u00edzhat\u00f3 teljes\u00edtm\u00e9ny:** Ez a r\u00e9sz vissza\u00e1ll\u00edtja a teljes funkcionalit\u00e1st, z\u00f6kken\u0151mentes g\u00e9pel\u00e9st biztos\u00edtva.<\/p>\n<p>&#8211; **Sz\u00e1ll\u00edt\u00e1s az eg\u00e9sz vil\u00e1gon:** vil\u00e1gszerte megv\u00e1s\u00e1rolhat\u00f3, Eur\u00f3p\u00e1ra \u00f6sszpontos\u00edtva.<\/p>\n<p>K\u00e9rj\u00fck, vegye figyelembe, hogy a telep\u00edt\u00e9si utas\u00edt\u00e1sokat nem tartalmazza. Ha seg\u00edts\u00e9gre van sz\u00fcks\u00e9ge a telep\u00edt\u00e9shez, forduljon hozz\u00e1nk bizalommal. Az\u00e9rt vagyunk itt, hogy seg\u00edts\u00fcnk b\u00e1rmilyen k\u00e9rd\u00e9sben vagy agg\u00e1lyban.<\/p>\n<p>**Fontos:** A lista val\u00f3s f\u00e9nyk\u00e9peket tartalmaz a pontosan kapott billenty\u0171zetr\u0151l. Mindegyik alkatr\u00e9sz min\u0151s\u00e9g\u00e9t gondosan ellen\u0151rizt\u00e9k.<\/p>\n","protected":false},"excerpt":{"rendered":"<p>Dell Precision 5520 billenty\u0171zet (0VC22N) \u2013 Eredeti cserealkatr\u00e9sz. T\u00f6k\u00e9letes a Dell Precision 5520 s\u00e9r\u00fclt vagy rosszul m\u0171k\u00f6d\u0151 billenty\u0171zet\u00e9nek cser\u00e9j\u00e9hez.<\/p>\n","protected":false},"featured_media":10371,"template":"","meta":[],"product_brand":[],"product_cat":[35],"product_tag":[17],"class_list":{"0":"post-10312","1":"product","2":"type-product","3":"status-publish","4":"has-post-thumbnail","6":"product_cat-laptop-keyboard","7":"product_tag-dell","9":"first","10":"instock","11":"taxable","12":"shipping-taxable","13":"purchasable","14":"product-type-simple"},"_links":{"self":[{"href":"https:\/\/boreait.com\/hu\/wp-json\/wp\/v2\/product\/10312","targetHints":{"allow":["GET"]}}],"collection":[{"href":"https:\/\/boreait.com\/hu\/wp-json\/wp\/v2\/product"}],"about":[{"href":"https:\/\/boreait.com\/hu\/wp-json\/wp\/v2\/types\/product"}],"wp:featuredmedia":[{"embeddable":true,"href":"https:\/\/boreait.com\/hu\/wp-json\/wp\/v2\/media\/10371"}],"wp:attachment":[{"href":"https:\/\/boreait.com\/hu\/wp-json\/wp\/v2\/media?parent=10312"}],"wp:term":[{"taxonomy":"product_brand","embeddable":true,"href":"https:\/\/boreait.com\/hu\/wp-json\/wp\/v2\/product_brand?post=10312"},{"taxonomy":"product_cat","embeddable":true,"href":"https:\/\/boreait.com\/hu\/wp-json\/wp\/v2\/product_cat?post=10312"},{"taxonomy":"product_tag","embeddable":true,"href":"https:\/\/boreait.com\/hu\/wp-json\/wp\/v2\/product_tag?post=10312"}],"curies":[{"name":"wp","href":"https:\/\/api.w.org\/{rel}","templated":true}]}}