{"id":10296,"date":"2025-09-17T12:53:09","date_gmt":"2025-09-17T10:53:09","guid":{"rendered":"https:\/\/boreait.com\/hu\/?post_type=product&#038;p=10296"},"modified":"2026-02-06T15:04:06","modified_gmt":"2026-02-06T14:04:06","slug":"precizios-5530-064tm0-dc-jackkabel-eredeti-cserealkatresz","status":"publish","type":"product","link":"https:\/\/boreait.com\/hu\/termek\/precizios-5530-064tm0-dc-jackkabel-eredeti-cserealkatresz\/","title":{"rendered":"Prec\u00edzi\u00f3s 5530 064TM0 DC jackk\u00e1bel \u2013 Eredeti cserealkatr\u00e9sz"},"content":{"rendered":"<p>Egyen\u00e1ram\u00fa csatlakoz\u00f3k\u00e1bel a Precision 5530-hoz (064TM0)<\/p>\n<p>Gy\u0151z\u0151dj\u00f6n meg arr\u00f3l, hogy Precision 5530 laptopja megb\u00edzhat\u00f3 t\u00e1pell\u00e1t\u00e1st kap ezzel az eredeti DC csatlakoz\u00f3k\u00e1bellel. A s\u00e9r\u00fclt vagy hib\u00e1s k\u00e1belek cser\u00e9j\u00e9re tervezt\u00e9k, ez a kiv\u00e1l\u00f3 min\u0151s\u00e9g\u0171 csere optim\u00e1lis csatlakoz\u00e1st \u00e9s teljes\u00edtm\u00e9nyt biztos\u00edt.<\/p>\n<p>**A term\u00e9k jellemz\u0151i:**<\/p>\n<p>&#8211; **Kompatibilit\u00e1s:** Kifejezetten a Precision 5530 laptopmodellhez tervezt\u00e9k.<\/p>\n<p>&#8211; **Alkatr\u00e9szsz\u00e1m:** 064TM0.<\/p>\n<p>&#8211; **Min\u0151s\u00e9g:** Eredeti cserealkatr\u00e9sz a megb\u00edzhat\u00f3 teljes\u00edtm\u00e9ny \u00e9s tart\u00f3ss\u00e1g \u00e9rdek\u00e9ben.<\/p>\n<p>&#8211; **\u00c1llapot:** A mell\u00e9kelt fot\u00f3k a t\u00e9nylegesen megkapott k\u00e1belr\u0151l k\u00e9sz\u00fcltek, bemutatva a jelenlegi \u00e1llapot\u00e1t.<\/p>\n<p>**Mi\u00e9rt v\u00e1lassza ezt az egyen\u00e1ram\u00fa csatlakoz\u00f3k\u00e1belt?**<\/p>\n<p>&#8211; **Megb\u00edzhat\u00f3 t\u00e1pcsatlakoz\u00e1s:** Elengedhetetlen a laptop energiaell\u00e1t\u00e1s\u00e1nak fenntart\u00e1s\u00e1hoz.<\/p>\n<p>&#8211; **K\u00f6zvetlen csere:** Egyszer\u0171 telep\u00edt\u00e9s, m\u00f3dos\u00edt\u00e1sok n\u00e9lk\u00fcl.<\/p>\n<p>&#8211; **El\u00e9rhet\u0151s\u00e9g az eg\u00e9sz vil\u00e1gon:** Megv\u00e1s\u00e1rolhat\u00f3 \u00e9s sz\u00e1ll\u00edthat\u00f3 vil\u00e1gszerte, Eur\u00f3p\u00e1ra \u00f6sszpontos\u00edtva.<\/p>\n<p>K\u00e9rj\u00fck, vegye figyelembe, hogy a telep\u00edt\u00e9si utas\u00edt\u00e1sokat nem tartalmazza. Ha seg\u00edts\u00e9gre van sz\u00fcks\u00e9ge a telep\u00edt\u00e9shez, tov\u00e1bbi t\u00e1mogat\u00e1s\u00e9rt forduljon hozz\u00e1nk bizalommal. Csapatunk az\u00e9rt van itt, hogy seg\u00edtsen biztos\u00edtani a z\u00f6kken\u0151mentes cserefolyamatot.<\/p>\n<p>**Fontos:** A list\u00e1ban szerepl\u0151 fot\u00f3k pontosan azt a DC csatlakoz\u00f3k\u00e1belt \u00e1br\u00e1zolj\u00e1k, amelyet kapni fog. Minden alkatr\u00e9szt gondosan ellen\u0151riznek, hogy garant\u00e1lj\u00e1k a min\u0151s\u00e9get \u00e9s az \u00fcgyfelek el\u00e9gedetts\u00e9g\u00e9t.<\/p>\n","protected":false},"excerpt":{"rendered":"<p>Egyen\u00e1ram\u00fa csatlakoz\u00f3k\u00e1bel a Precision 5530-hoz (064TM0) \u2013 Eredeti cserealkatr\u00e9sz. Biztos\u00edtson megb\u00edzhat\u00f3 t\u00e1pcsatlakoz\u00e1st Precision 5530 laptopja sz\u00e1m\u00e1ra ezzel a kiv\u00e1l\u00f3 min\u0151s\u00e9g\u0171 DC jack k\u00e1bellel, amely t\u00f6k\u00e9letes a s\u00e9r\u00fclt vagy hib\u00e1s k\u00e1bel cser\u00e9j\u00e9hez.<\/p>\n","protected":false},"featured_media":10353,"template":"","meta":[],"product_brand":[],"product_cat":[27],"product_tag":[17],"class_list":{"0":"post-10296","1":"product","2":"type-product","3":"status-publish","4":"has-post-thumbnail","6":"product_cat-motherboards-board-parts","7":"product_tag-dell","9":"first","10":"instock","11":"taxable","12":"shipping-taxable","13":"purchasable","14":"product-type-simple"},"_links":{"self":[{"href":"https:\/\/boreait.com\/hu\/wp-json\/wp\/v2\/product\/10296","targetHints":{"allow":["GET"]}}],"collection":[{"href":"https:\/\/boreait.com\/hu\/wp-json\/wp\/v2\/product"}],"about":[{"href":"https:\/\/boreait.com\/hu\/wp-json\/wp\/v2\/types\/product"}],"wp:featuredmedia":[{"embeddable":true,"href":"https:\/\/boreait.com\/hu\/wp-json\/wp\/v2\/media\/10353"}],"wp:attachment":[{"href":"https:\/\/boreait.com\/hu\/wp-json\/wp\/v2\/media?parent=10296"}],"wp:term":[{"taxonomy":"product_brand","embeddable":true,"href":"https:\/\/boreait.com\/hu\/wp-json\/wp\/v2\/product_brand?post=10296"},{"taxonomy":"product_cat","embeddable":true,"href":"https:\/\/boreait.com\/hu\/wp-json\/wp\/v2\/product_cat?post=10296"},{"taxonomy":"product_tag","embeddable":true,"href":"https:\/\/boreait.com\/hu\/wp-json\/wp\/v2\/product_tag?post=10296"}],"curies":[{"name":"wp","href":"https:\/\/api.w.org\/{rel}","templated":true}]}}