{"id":10293,"date":"2025-09-17T12:53:08","date_gmt":"2025-09-17T10:53:08","guid":{"rendered":"https:\/\/boreait.com\/hu\/?post_type=product&#038;p=10293"},"modified":"2025-09-17T12:54:12","modified_gmt":"2025-09-17T10:54:12","slug":"dell-precision-5530-wireless-module-9260ngw-wi-fi-kartya-eredeti-alkatresz","status":"publish","type":"product","link":"https:\/\/boreait.com\/hu\/termek\/dell-precision-5530-wireless-module-9260ngw-wi-fi-kartya-eredeti-alkatresz\/","title":{"rendered":"Dell Precision 5530 Wireless Module 9260NGW Wi-Fi k\u00e1rtya \u2013 Eredeti alkatr\u00e9sz"},"content":{"rendered":"<p>Dell Precision 5530 vezet\u00e9k n\u00e9lk\u00fcli modul 9260NGW<\/p>\n<p>Friss\u00edtse Dell Precision 5530 vezet\u00e9k n\u00e9lk\u00fcli kapcsolat\u00e1t ezzel az eredeti 9260NGW vezet\u00e9k n\u00e9lk\u00fcli modullal. A gyors, megb\u00edzhat\u00f3 Wi-Fi teljes\u00edtm\u00e9nyre tervezett modul ide\u00e1lis csere a hib\u00e1s vagy elavult vezet\u00e9k n\u00e9lk\u00fcli k\u00e1rty\u00e1khoz.<\/p>\n<p>**A term\u00e9k jellemz\u0151i:**<\/p>\n<p>&#8211; **Kompatibilit\u00e1s:** Kifejezetten a Dell Precision 5530 laptopokhoz.<\/p>\n<p>&#8211; **Modellsz\u00e1m:** 9260NGW Wi-Fi k\u00e1rtya.<\/p>\n<p>&#8211; **Funkcionalit\u00e1s:** N\u00f6veli a vezet\u00e9k n\u00e9lk\u00fcli teljes\u00edtm\u00e9nyt nagyobb sebess\u00e9ggel \u00e9s jobb csatlakoz\u00e1ssal.<\/p>\n<p>&#8211; **\u00c1llapot:** Val\u00f3di fot\u00f3k biztos\u00edtottak, amelyeken pontosan a kapott vezet\u00e9k n\u00e9lk\u00fcli modul l\u00e1that\u00f3.<\/p>\n<p>**Mi\u00e9rt v\u00e1lassza ezt a vezet\u00e9k n\u00e9lk\u00fcli modult?**<\/p>\n<p>&#8211; **Tov\u00e1bbfejlesztett Wi-Fi-teljes\u00edtm\u00e9ny:** Seg\u00edt helyre\u00e1ll\u00edtani vagy jav\u00edtani laptopja vezet\u00e9k n\u00e9lk\u00fcli kapcsolat\u00e1t.<\/p>\n<p>&#8211; **Egyszer\u0171 csere:** K\u00f6zvetlen csere a r\u00e9gi vagy rosszul m\u0171k\u00f6d\u0151 Wi-Fi-k\u00e1rty\u00e1hoz.<\/p>\n<p>&#8211; **Sz\u00e1ll\u00edt\u00e1s az eg\u00e9sz vil\u00e1gon:** Vil\u00e1gszerte megv\u00e1s\u00e1rolhat\u00f3, az eur\u00f3pai \u00fcgyfelekre \u00f6sszpontos\u00edtva.<\/p>\n<p>K\u00e9rj\u00fck, vegye figyelembe, hogy a telep\u00edt\u00e9si utas\u00edt\u00e1sokat nem tartalmazza, de k\u00e9szs\u00e9ggel \u00e1llunk rendelkez\u00e9s\u00e9re, ha b\u00e1rmilyen k\u00e9rd\u00e9se van, vagy seg\u00edts\u00e9gre van sz\u00fcks\u00e9ge a telep\u00edt\u00e9s sor\u00e1n.<\/p>\n<p>**Fontos:** Az ezen a list\u00e1n szerepl\u0151 fot\u00f3k a t\u00e9nyleges r\u00e9szr\u0151l k\u00e9sz\u00fcltek, amelyet \u00d6n kap. Minden modul min\u0151s\u00e9gi ellen\u0151rz\u00e9se megt\u00f6rt\u00e9nik a vev\u0151i el\u00e9gedetts\u00e9g biztos\u00edt\u00e1sa \u00e9rdek\u00e9ben.<\/p>\n","protected":false},"excerpt":{"rendered":"<p>9260NGW vezet\u00e9k n\u00e9lk\u00fcli modul a Dell Precision 5530-hoz \u2013 Eredeti cserealkatr\u00e9sz. Jav\u00edtsa laptopja Wi-Fi teljes\u00edtm\u00e9ny\u00e9t ezzel a megb\u00edzhat\u00f3 vezet\u00e9k n\u00e9lk\u00fcli modullal.<\/p>\n","protected":false},"featured_media":10350,"template":"","meta":[],"product_brand":[],"product_cat":[27],"product_tag":[17],"class_list":{"0":"post-10293","1":"product","2":"type-product","3":"status-publish","4":"has-post-thumbnail","6":"product_cat-motherboards-board-parts","7":"product_tag-dell","9":"first","10":"instock","11":"taxable","12":"shipping-taxable","13":"purchasable","14":"product-type-simple"},"_links":{"self":[{"href":"https:\/\/boreait.com\/hu\/wp-json\/wp\/v2\/product\/10293","targetHints":{"allow":["GET"]}}],"collection":[{"href":"https:\/\/boreait.com\/hu\/wp-json\/wp\/v2\/product"}],"about":[{"href":"https:\/\/boreait.com\/hu\/wp-json\/wp\/v2\/types\/product"}],"wp:featuredmedia":[{"embeddable":true,"href":"https:\/\/boreait.com\/hu\/wp-json\/wp\/v2\/media\/10350"}],"wp:attachment":[{"href":"https:\/\/boreait.com\/hu\/wp-json\/wp\/v2\/media?parent=10293"}],"wp:term":[{"taxonomy":"product_brand","embeddable":true,"href":"https:\/\/boreait.com\/hu\/wp-json\/wp\/v2\/product_brand?post=10293"},{"taxonomy":"product_cat","embeddable":true,"href":"https:\/\/boreait.com\/hu\/wp-json\/wp\/v2\/product_cat?post=10293"},{"taxonomy":"product_tag","embeddable":true,"href":"https:\/\/boreait.com\/hu\/wp-json\/wp\/v2\/product_tag?post=10293"}],"curies":[{"name":"wp","href":"https:\/\/api.w.org\/{rel}","templated":true}]}}