{"id":10275,"date":"2025-09-17T12:52:38","date_gmt":"2025-09-17T10:52:38","guid":{"rendered":"https:\/\/boreait.com\/hu\/?post_type=product&#038;p=10275"},"modified":"2026-02-06T15:00:05","modified_gmt":"2026-02-06T14:00:05","slug":"dell-precision-5530-csuklopant-burkolat-eredeti-cserealkatresz","status":"publish","type":"product","link":"https:\/\/boreait.com\/hu\/termek\/dell-precision-5530-csuklopant-burkolat-eredeti-cserealkatresz\/","title":{"rendered":"Dell Precision 5530 csukl\u00f3p\u00e1nt burkolat \u2013 Eredeti cserealkatr\u00e9sz"},"content":{"rendered":"<p>Zsan\u00e9rfed\u00e9l a Dell Precision 5530-hoz<\/p>\n<p>Vissza\u00e1ll\u00edtsa Dell Precision 5530 kin\u00e9zet\u00e9t \u00e9s funkcionalit\u00e1s\u00e1t ezzel az eredeti csukl\u00f3p\u00e1nttal. Ez a r\u00e9sz ide\u00e1lis a s\u00e9r\u00fclt vagy hi\u00e1nyz\u00f3 csukl\u00f3p\u00e1nt burkolat\u00e1nak cser\u00e9j\u00e9hez, \u00edgy tiszta \u00e9s professzion\u00e1lis megjelen\u00e9st biztos\u00edt laptopja sz\u00e1m\u00e1ra.<\/p>\n<p>**A term\u00e9k jellemz\u0151i:**<\/p>\n<p>&#8211; **Kompatibilit\u00e1s:** Kifejezetten a Dell Precision 5530 modellhez tervezt\u00e9k.<\/p>\n<p>&#8211; **Funkcion\u00e1lis:** Helyettes\u00edti az elhaszn\u00e1l\u00f3dott vagy hi\u00e1nyz\u00f3 zsan\u00e9rburkolatot, vissza\u00e1ll\u00edtva a laptop eredeti megjelen\u00e9s\u00e9t.<\/p>\n<p>&#8211; **Min\u0151s\u00e9g:** Eredeti cserealkatr\u00e9sz a tart\u00f3s \u00e9s hossz\u00fa \u00e9lettartam \u00e9rdek\u00e9ben.<\/p>\n<p>&#8211; **\u00c1llapot:** A term\u00e9kfot\u00f3k a t\u00e9nylegesen megkapott zsan\u00e9rburkolatot t\u00fckr\u00f6zik, bemutatva annak jelenlegi \u00e1llapot\u00e1t.<\/p>\n<p>**Mi\u00e9rt v\u00e1lassza ezt a zsan\u00e9rhuzatot?**<\/p>\n<p>&#8211; **Jav\u00edtja az eszt\u00e9tikai megjelen\u00e9st:** T\u00f6k\u00e9letes a Dell Precision 5530 professzion\u00e1lis megjelen\u00e9s\u00e9nek helyre\u00e1ll\u00edt\u00e1s\u00e1hoz.<\/p>\n<p>&#8211; **Egyszer\u0171 telep\u00edt\u00e9s:** K\u00f6zvetlen csere, m\u00f3dos\u00edt\u00e1s n\u00e9lk\u00fcl.<\/p>\n<p>&#8211; **Sz\u00e1ll\u00edt\u00e1s az eg\u00e9sz vil\u00e1gon:** Megv\u00e1s\u00e1rolhat\u00f3 \u00e9s sz\u00e1ll\u00edthat\u00f3 Eur\u00f3pa-szerte \u00e9s vil\u00e1gszerte.<\/p>\n<p>Ha tov\u00e1bbi seg\u00edts\u00e9gre van sz\u00fcks\u00e9ge a telep\u00edt\u00e9ssel kapcsolatban, vagy b\u00e1rmilyen k\u00e9rd\u00e9se van, forduljon hozz\u00e1nk bizalommal.<\/p>\n<p>**Fontos:** Az ezen a list\u00e1n szerepl\u0151 f\u00e9nyk\u00e9peken pontosan az \u00d6n \u00e1ltal kapott zsan\u00e9rburkolat l\u00e1that\u00f3. Minden alkatr\u00e9szt gondosan ellen\u0151riznek, hogy megbizonyosodjanak arr\u00f3l, hogy megfelelnek a min\u0151s\u00e9gi el\u0151\u00edr\u00e1soknak.<\/p>\n","protected":false},"excerpt":{"rendered":"<p>Zsan\u00e9rfed\u00e9l a Dell Precision 5530-hoz \u2013 Eredeti cserealkatr\u00e9sz. Cser\u00e9lje ki a t\u00f6r\u00f6tt vagy elhaszn\u00e1l\u00f3dott zsan\u00e9rburkolatot, \u00e9s \u00e1ll\u00edtsa vissza Dell Precision 5530 professzion\u00e1lis megjelen\u00e9s\u00e9t.<\/p>\n","protected":false},"featured_media":10344,"template":"","meta":[],"product_brand":[],"product_cat":[16],"product_tag":[17],"class_list":{"0":"post-10275","1":"product","2":"type-product","3":"status-publish","4":"has-post-thumbnail","6":"product_cat-laptop-housing","7":"product_tag-dell","9":"first","10":"instock","11":"taxable","12":"shipping-taxable","13":"purchasable","14":"product-type-simple"},"_links":{"self":[{"href":"https:\/\/boreait.com\/hu\/wp-json\/wp\/v2\/product\/10275","targetHints":{"allow":["GET"]}}],"collection":[{"href":"https:\/\/boreait.com\/hu\/wp-json\/wp\/v2\/product"}],"about":[{"href":"https:\/\/boreait.com\/hu\/wp-json\/wp\/v2\/types\/product"}],"wp:featuredmedia":[{"embeddable":true,"href":"https:\/\/boreait.com\/hu\/wp-json\/wp\/v2\/media\/10344"}],"wp:attachment":[{"href":"https:\/\/boreait.com\/hu\/wp-json\/wp\/v2\/media?parent=10275"}],"wp:term":[{"taxonomy":"product_brand","embeddable":true,"href":"https:\/\/boreait.com\/hu\/wp-json\/wp\/v2\/product_brand?post=10275"},{"taxonomy":"product_cat","embeddable":true,"href":"https:\/\/boreait.com\/hu\/wp-json\/wp\/v2\/product_cat?post=10275"},{"taxonomy":"product_tag","embeddable":true,"href":"https:\/\/boreait.com\/hu\/wp-json\/wp\/v2\/product_tag?post=10275"}],"curies":[{"name":"wp","href":"https:\/\/api.w.org\/{rel}","templated":true}]}}