{"id":10254,"date":"2025-09-17T12:51:53","date_gmt":"2025-09-17T10:51:53","guid":{"rendered":"https:\/\/boreait.com\/hu\/?post_type=product&#038;p=10254"},"modified":"2025-09-17T12:53:38","modified_gmt":"2025-09-17T10:53:38","slug":"lenovo-thinkpad-l540-04x4052-250-ghz-intel-cpu-pga946-5gt-s-3mb-csere","status":"publish","type":"product","link":"https:\/\/boreait.com\/hu\/termek\/lenovo-thinkpad-l540-04x4052-250-ghz-intel-cpu-pga946-5gt-s-3mb-csere\/","title":{"rendered":"Lenovo ThinkPad L540 04X4052 2,50 GHz Intel CPU PGA946 5GT\/s 3MB Csere"},"content":{"rendered":"<p>Lenovo ThinkPad L540 IBM \/ Lenovo 04X4052 &#8211; 2,50 GHz 5GT\/s 3MB PGA946 Intel CPU<\/p>\n<p>Vissza\u00e1ll\u00edtsa Lenovo ThinkPad L540 teljes\u00edtm\u00e9ny\u00e9t ezzel az eredeti 04X4052 Intel processzorral. A 2,50 GHz-es \u00f3rajellel, 5 GT\/s buszsebess\u00e9ggel \u00e9s 3 MB gyors\u00edt\u00f3t\u00e1rral ez a processzor t\u00f6k\u00e9letes helyettes\u00edt\u0151je laptopja teljes\u00edtm\u00e9ny\u00e9nek fenntart\u00e1s\u00e1ra vagy fejleszt\u00e9s\u00e9re.<\/p>\n<p>**A term\u00e9k jellemz\u0151i:**<\/p>\n<p>&#8211; **Modell kompatibilit\u00e1s:** Kifejezetten a Lenovo ThinkPad L540-hez tervezt\u00e9k.<\/p>\n<p>&#8211; **Alkatr\u00e9szsz\u00e1m:** 04X4052.<\/p>\n<p>&#8211; **Processzor specifik\u00e1ci\u00f3i:** Intel CPU 2,50 GHz-es sebess\u00e9ggel, 5 GT\/s buszsebess\u00e9ggel, 3 MB gyors\u00edt\u00f3t\u00e1rral \u00e9s PGA946 foglalatt\u00edpussal.<\/p>\n<p>&#8211; **\u00c1llapot:** Val\u00f3di fot\u00f3k a t\u00e9nyleges processzorr\u00f3l, \u00edgy biztos\u00edtva, hogy pontosan azt kapja, ami a k\u00e9pen l\u00e1that\u00f3.<\/p>\n<p>**Mi\u00e9rt v\u00e1lassza ezt a processzort?**<\/p>\n<p>&#8211; **Teljes\u00edtm\u00e9nyn\u00f6vel\u00e9s:** T\u00f6k\u00e9letes megold\u00e1s az el\u00f6reged\u0151 vagy hib\u00e1s CPU-val kapcsolatos teljes\u00edtm\u00e9nyprobl\u00e9m\u00e1k megold\u00e1s\u00e1ra.<\/p>\n<p>&#8211; **Egyszer\u0171 csere:** A kompatibilis Lenovo ThinkPad L540 rendszerekbe t\u00f6rt\u00e9n\u0151 z\u00f6kken\u0151mentes telep\u00edt\u00e9shez tervezt\u00e9k.<\/p>\n<p>&#8211; **Sz\u00e1ll\u00edt\u00e1s az eg\u00e9sz vil\u00e1gon:** Glob\u00e1lis sz\u00e1ll\u00edt\u00e1st k\u00edn\u00e1lunk, Eur\u00f3p\u00e1ra \u00f6sszpontos\u00edtva.<\/p>\n<p>K\u00e9rj\u00fck, vegye figyelembe, hogy ez a lista nem tartalmazza a telep\u00edt\u00e9si utas\u00edt\u00e1sokat. Ha azonban seg\u00edts\u00e9gre van sz\u00fcks\u00e9ge, nyugodtan \u00edrjon nek\u00fcnk. Mindig itt vagyunk, hogy seg\u00edts\u00fcnk!<\/p>\n<p>**Fontos:** A list\u00e1n szerepl\u0151 fot\u00f3k pontosan azt a processzort mutatj\u00e1k, amelyet \u00d6n kap, min\u0151s\u00e9gbiztos\u00edt\u00e1si szempontb\u00f3l alaposan megvizsg\u00e1lva.<\/p>\n","protected":false},"excerpt":{"rendered":"<p>Lenovo ThinkPad L540 04X4052 2,50 GHz Intel CPU (PGA946, 5GT\/s, 3MB gyors\u00edt\u00f3t\u00e1r). T\u00f6k\u00e9letes csere a Lenovo ThinkPad L540 sz\u00e1m\u00e1ra, vissza\u00e1ll\u00edtja laptopja teljes feldolgoz\u00e1si teljes\u00edtm\u00e9ny\u00e9t.<\/p>\n","protected":false},"featured_media":10322,"template":"","meta":[],"product_brand":[],"product_cat":[39],"product_tag":[26],"class_list":{"0":"post-10254","1":"product","2":"type-product","3":"status-publish","4":"has-post-thumbnail","6":"product_cat-processors-cpu","7":"product_tag-lenovo","9":"first","10":"instock","11":"taxable","12":"shipping-taxable","13":"purchasable","14":"product-type-simple"},"_links":{"self":[{"href":"https:\/\/boreait.com\/hu\/wp-json\/wp\/v2\/product\/10254","targetHints":{"allow":["GET"]}}],"collection":[{"href":"https:\/\/boreait.com\/hu\/wp-json\/wp\/v2\/product"}],"about":[{"href":"https:\/\/boreait.com\/hu\/wp-json\/wp\/v2\/types\/product"}],"wp:featuredmedia":[{"embeddable":true,"href":"https:\/\/boreait.com\/hu\/wp-json\/wp\/v2\/media\/10322"}],"wp:attachment":[{"href":"https:\/\/boreait.com\/hu\/wp-json\/wp\/v2\/media?parent=10254"}],"wp:term":[{"taxonomy":"product_brand","embeddable":true,"href":"https:\/\/boreait.com\/hu\/wp-json\/wp\/v2\/product_brand?post=10254"},{"taxonomy":"product_cat","embeddable":true,"href":"https:\/\/boreait.com\/hu\/wp-json\/wp\/v2\/product_cat?post=10254"},{"taxonomy":"product_tag","embeddable":true,"href":"https:\/\/boreait.com\/hu\/wp-json\/wp\/v2\/product_tag?post=10254"}],"curies":[{"name":"wp","href":"https:\/\/api.w.org\/{rel}","templated":true}]}}