{"id":10241,"date":"2025-09-17T12:51:19","date_gmt":"2025-09-17T10:51:19","guid":{"rendered":"https:\/\/boreait.com\/hu\/?post_type=product&#038;p=10241"},"modified":"2025-09-17T12:53:37","modified_gmt":"2025-09-17T10:53:37","slug":"apple-macbook-pro-141-also-tok","status":"publish","type":"product","link":"https:\/\/boreait.com\/hu\/termek\/apple-macbook-pro-141-also-tok\/","title":{"rendered":"Apple MacBook Pro 14,1&#8243; als\u00f3 tok"},"content":{"rendered":"<p>Apple MacBook Pro 14,1&#8243; als\u00f3 tok<\/p>\n<p>Vissza\u00e1ll\u00edtsa MacBook Pro 14,1&#8243; szerkezeti integrit\u00e1s\u00e1t ezzel az eredeti als\u00f3 h\u00e1zcser\u00e9vel. Ez az alkatr\u00e9sz n\u00e9lk\u00fcl\u00f6zhetetlen az olyan probl\u00e9m\u00e1k kijav\u00edt\u00e1s\u00e1hoz, mint a reped\u00e9sek, horpad\u00e1sok vagy a laptop alj\u00e1n l\u00e9v\u0151 s\u00e9r\u00fcl\u00e9sek, \u00edgy v\u00e9delmet \u00e9s stabilit\u00e1st is biztos\u00edtanak.<\/p>\n<p>**A term\u00e9k jellemz\u0151i:**<\/p>\n<p>&#8211; **Kompatibilit\u00e1s:** Kifejezetten az Apple MacBook Pro 14,1&#8243;-es modellhez tervezt\u00e9k.<\/p>\n<p>&#8211; **Funkcionalit\u00e1s:** Ide\u00e1lis a s\u00e9r\u00fclt vagy elhaszn\u00e1l\u00f3dott als\u00f3 h\u00e1z cser\u00e9j\u00e9hez, \u00edgy biztos\u00edtva a MacBook megjelen\u00e9s\u00e9t \u00e9s m\u0171k\u00f6d\u00e9s\u00e9t.<\/p>\n<p>&#8211; ** Tart\u00f3s fel\u00e9p\u00edt\u00e9s:** Kiv\u00e1l\u00f3 min\u0151s\u00e9g\u0171 anyagokb\u00f3l k\u00e9sz\u00fclt a megb\u00edzhat\u00f3, hossz\u00fa t\u00e1v\u00fa haszn\u00e1lat \u00e9rdek\u00e9ben.<\/p>\n<p>&#8211; **Val\u00f3di fot\u00f3k:** A list\u00e1ban szerepl\u0151 fot\u00f3k a t\u00e9nyleges als\u00f3 tokot mutatj\u00e1k.<\/p>\n<p>**Mi\u00e9rt v\u00e1lassza ezt az als\u00f3 tokot?**<\/p>\n<p>&#8211; **K\u00f6zvetlen csere:** Nincs sz\u00fcks\u00e9g bonyolult m\u00f3dos\u00edt\u00e1sokra; ezt az als\u00f3 tokot \u00fagy tervezt\u00e9k, hogy t\u00f6k\u00e9letesen illeszkedjen.<\/p>\n<p>&#8211; **Glob\u00e1lis sz\u00e1ll\u00edt\u00e1s:** vil\u00e1gszerte megv\u00e1s\u00e1rolhat\u00f3, az eur\u00f3pai \u00fcgyfelekre \u00f6sszpontos\u00edtva.<\/p>\n<p>K\u00e9rj\u00fck, vegye figyelembe, hogy a telep\u00edt\u00e9si utas\u00edt\u00e1sokat nem tartalmazza, de ha tov\u00e1bbi seg\u00edts\u00e9gre van sz\u00fcks\u00e9ge, forduljon hozz\u00e1nk bizalommal. Csapatunk k\u00e9szs\u00e9ggel \u00e1ll rendelkez\u00e9s\u00e9re b\u00e1rmilyen k\u00e9rd\u00e9sben.<\/p>\n<p>**Fontos:** Az ezen a list\u00e1n szerepl\u0151 k\u00e9pek pontosan arr\u00f3l a r\u00e9szr\u0151l k\u00e9sz\u00fcltek, amelyet \u00d6n megkap, min\u0151s\u00e9gi alapos ellen\u0151rz\u00e9ssel \u00e9s haszn\u00e1latra k\u00e9szen.<\/p>\n","protected":false},"excerpt":{"rendered":"<p>Apple MacBook Pro 14,1&#8243; als\u00f3 tok \u2013 Eredeti cserealkatr\u00e9sz a 14,1&#8243; MacBook Pro-hoz. Ide\u00e1lis a s\u00e9r\u00fclt vagy elhaszn\u00e1l\u00f3dott als\u00f3 h\u00e1z cser\u00e9j\u00e9hez, ez a r\u00e9sz t\u00f6k\u00e9letes a laptop szerkezeti integrit\u00e1s\u00e1nak helyre\u00e1ll\u00edt\u00e1s\u00e1hoz.<\/p>\n","protected":false},"featured_media":10320,"template":"","meta":[],"product_brand":[],"product_cat":[16],"product_tag":[63],"class_list":{"0":"post-10241","1":"product","2":"type-product","3":"status-publish","4":"has-post-thumbnail","6":"product_cat-laptop-housing","7":"product_tag-apple","9":"first","10":"instock","11":"taxable","12":"shipping-taxable","13":"purchasable","14":"product-type-simple"},"_links":{"self":[{"href":"https:\/\/boreait.com\/hu\/wp-json\/wp\/v2\/product\/10241","targetHints":{"allow":["GET"]}}],"collection":[{"href":"https:\/\/boreait.com\/hu\/wp-json\/wp\/v2\/product"}],"about":[{"href":"https:\/\/boreait.com\/hu\/wp-json\/wp\/v2\/types\/product"}],"wp:featuredmedia":[{"embeddable":true,"href":"https:\/\/boreait.com\/hu\/wp-json\/wp\/v2\/media\/10320"}],"wp:attachment":[{"href":"https:\/\/boreait.com\/hu\/wp-json\/wp\/v2\/media?parent=10241"}],"wp:term":[{"taxonomy":"product_brand","embeddable":true,"href":"https:\/\/boreait.com\/hu\/wp-json\/wp\/v2\/product_brand?post=10241"},{"taxonomy":"product_cat","embeddable":true,"href":"https:\/\/boreait.com\/hu\/wp-json\/wp\/v2\/product_cat?post=10241"},{"taxonomy":"product_tag","embeddable":true,"href":"https:\/\/boreait.com\/hu\/wp-json\/wp\/v2\/product_tag?post=10241"}],"curies":[{"name":"wp","href":"https:\/\/api.w.org\/{rel}","templated":true}]}}