{"id":1024,"date":"2025-09-17T09:52:51","date_gmt":"2025-09-17T07:52:51","guid":{"rendered":"https:\/\/boreait.com\/hu\/?post_type=product&#038;p=1024"},"modified":"2025-09-17T09:54:16","modified_gmt":"2025-09-17T07:54:16","slug":"lenovo-v130-15igm-zsarnok-lr","status":"publish","type":"product","link":"https:\/\/boreait.com\/hu\/termek\/lenovo-v130-15igm-zsarnok-lr\/","title":{"rendered":"Lenovo V130-15IGM ZSARNOK L+R"},"content":{"rendered":"<p>A Lenovo V130-15IGM L+R csukl\u00f3p\u00e1ntok olyan alapvet\u0151 alkatr\u00e9szek, amelyek d\u00f6nt\u0151 szerepet j\u00e1tszanak a laptop kijelz\u0151j\u00e9nek funkcionalit\u00e1s\u00e1ban \u00e9s \u00e9lettartam\u00e1ban. A Lenovo V130-15IGM laptopmodell eredeti cserealkatr\u00e9szeik\u00e9nt tervezett zsan\u00e9rok a legmagasabb min\u0151s\u00e9gi szabv\u00e1nyok szerint k\u00e9sz\u00fcltek, biztos\u00edtva az optim\u00e1lis teljes\u00edtm\u00e9nyt \u00e9s tart\u00f3ss\u00e1got.<\/p>\n<p>A zsan\u00e9rok egy k\u00e9szletben kaphat\u00f3k, bele\u00e9rtve a bal \u00e9s a jobb oldali zsan\u00e9rokat is, hogy biztos\u00edts\u00e1k a laptop kijelz\u0151j\u00e9nek megfelel\u0151 egyens\u00faly\u00e1t \u00e9s be\u00e1ll\u00edt\u00e1s\u00e1t. A prec\u00edzi\u00f3s tervez\u00e9snek k\u00f6sz\u00f6nhet\u0151en sima \u00e9s stabil nyit\u00e1si \u00e9s z\u00e1r\u00e1si m\u0171veletet biztos\u00edtanak, lehet\u0151v\u00e9 t\u00e9ve, hogy a kijelz\u0151t a k\u00edv\u00e1nt l\u00e1t\u00f3sz\u00f6gbe \u00e1ll\u00edtsa gond n\u00e9lk\u00fcl.<\/p>\n<p>A zsan\u00e9rok robusztus fel\u00e9p\u00edt\u00e9se biztos\u00edtja, hogy a laptop kijelz\u0151je biztons\u00e1gosan r\u00f6gz\u00edtve maradjon az alaphoz, \u00edgy elker\u00fclhet\u0151 az ingadoz\u00e1s vagy a v\u00e9letlen elmozdul\u00e1s a laptop haszn\u00e1lata k\u00f6zben. Ez nemcsak a felhaszn\u00e1l\u00f3i \u00e9lm\u00e9nyt jav\u00edtja, hanem seg\u00edt meg\u00f3vni a laptop \u00e9rz\u00e9keny bels\u0151 alkatr\u00e9szeit is.<\/p>\n<p>Az elhaszn\u00e1l\u00f3dott vagy s\u00e9r\u00fclt zsan\u00e9rok cser\u00e9je a Lenovo V130-15IGM csukl\u00f3p\u00e1ntokkal L+R praktikus megold\u00e1s a laptop kijelz\u0151j\u00e9nek teljes funkcionalit\u00e1s\u00e1nak vissza\u00e1ll\u00edt\u00e1s\u00e1ra. A zsan\u00e9rok a megfelel\u0151 eszk\u00f6z\u00f6kkel \u00e9s tud\u00e1ssal k\u00f6nnyen felszerelhet\u0151k, \u00e9s z\u00f6kken\u0151mentesen illeszkednek a laptop diz\u00e1jnj\u00e1ba, meg\u0151rizve annak eleg\u00e1ns \u00e9s professzion\u00e1lis megjelen\u00e9s\u00e9t.<\/p>\n<p>Ak\u00e1r di\u00e1k, ak\u00e1r profi, ak\u00e1r h\u00e9tk\u00f6znapi felhaszn\u00e1l\u00f3, a megb\u00edzhat\u00f3 zsan\u00e9rok elengedhetetlenek laptopja \u00e1ltal\u00e1nos haszn\u00e1lhat\u00f3s\u00e1g\u00e1hoz \u00e9s k\u00e9nyelm\u00e9hez. A Lenovo V130-15IGM L+R csukl\u00f3p\u00e1ntok t\u00f6k\u00e9letes megold\u00e1st ny\u00fajtanak laptopja kijelz\u0151j\u00e9nek z\u00f6kken\u0151mentes m\u0171k\u00f6d\u00e9s\u00e9hez, lehet\u0151v\u00e9 t\u00e9ve, hogy produkt\u00edv maradjon, \u00e9s \u00e9lvezze a tov\u00e1bbfejlesztett sz\u00e1m\u00edt\u00e1stechnikai \u00e9lm\u00e9nyt. Friss\u00edtse laptopj\u00e1t ezekkel az eredeti zsan\u00e9rokkal, hogy biztos\u00edtsa a hosszan tart\u00f3 teljes\u00edtm\u00e9nyt \u00e9s a nyugalmat.<\/p>\n","protected":false},"excerpt":{"rendered":"<p>A Lenovo V130-15IGM csukl\u00f3p\u00e1ntok L+R eredeti cserealkatr\u00e9szek, amelyeket kifejezetten a Lenovo V130-15IGM laptopmodellhez terveztek. Ezek a zsan\u00e9rok biztos\u00edtj\u00e1k a laptop kijelz\u0151j\u00e9nek z\u00f6kken\u0151mentes \u00e9s megb\u00edzhat\u00f3 nyit\u00e1s\u00e1t \u00e9s z\u00e1r\u00e1s\u00e1t, ami k\u00e9nyelmes megtekint\u00e9st \u00e9s hat\u00e9kony haszn\u00e1latot tesz lehet\u0151v\u00e9.<\/p>\n","protected":false},"featured_media":1087,"template":"","meta":[],"product_brand":[],"product_cat":[19],"product_tag":[26],"class_list":{"0":"post-1024","1":"product","2":"type-product","3":"status-publish","4":"has-post-thumbnail","6":"product_cat-screen-hinge","7":"product_tag-lenovo","9":"first","10":"instock","11":"taxable","12":"shipping-taxable","13":"purchasable","14":"product-type-simple"},"_links":{"self":[{"href":"https:\/\/boreait.com\/hu\/wp-json\/wp\/v2\/product\/1024","targetHints":{"allow":["GET"]}}],"collection":[{"href":"https:\/\/boreait.com\/hu\/wp-json\/wp\/v2\/product"}],"about":[{"href":"https:\/\/boreait.com\/hu\/wp-json\/wp\/v2\/types\/product"}],"wp:featuredmedia":[{"embeddable":true,"href":"https:\/\/boreait.com\/hu\/wp-json\/wp\/v2\/media\/1087"}],"wp:attachment":[{"href":"https:\/\/boreait.com\/hu\/wp-json\/wp\/v2\/media?parent=1024"}],"wp:term":[{"taxonomy":"product_brand","embeddable":true,"href":"https:\/\/boreait.com\/hu\/wp-json\/wp\/v2\/product_brand?post=1024"},{"taxonomy":"product_cat","embeddable":true,"href":"https:\/\/boreait.com\/hu\/wp-json\/wp\/v2\/product_cat?post=1024"},{"taxonomy":"product_tag","embeddable":true,"href":"https:\/\/boreait.com\/hu\/wp-json\/wp\/v2\/product_tag?post=1024"}],"curies":[{"name":"wp","href":"https:\/\/api.w.org\/{rel}","templated":true}]}}