{"id":10229,"date":"2025-09-17T12:50:54","date_gmt":"2025-09-17T10:50:54","guid":{"rendered":"https:\/\/boreait.com\/hu\/?post_type=product&#038;p=10229"},"modified":"2026-02-06T14:59:15","modified_gmt":"2026-02-06T13:59:15","slug":"lenovo-thinkpad-l540-4-gb-1rx8-pc3l-12800s-ram-memoria-eredeti-laptop-alkatresz","status":"publish","type":"product","link":"https:\/\/boreait.com\/hu\/termek\/lenovo-thinkpad-l540-4-gb-1rx8-pc3l-12800s-ram-memoria-eredeti-laptop-alkatresz\/","title":{"rendered":"Lenovo ThinkPad L540 4 GB 1Rx8 PC3L-12800S RAM mem\u00f3ria \u2013 Eredeti laptop alkatr\u00e9sz"},"content":{"rendered":"<p>4 GB 1Rx8 PC3L-12800S RAM mem\u00f3ria Lenovo ThinkPad L540-hez<\/p>\n<p>Friss\u00edtse Lenovo ThinkPad L540 k\u00e9sz\u00fcl\u00e9k\u00e9t ezzel a 4 GB-os 1Rx8 PC3L-12800S RAM modullal. Ez a mem\u00f3riamodul t\u00f6k\u00e9letes a laptop sebess\u00e9g\u00e9nek \u00e9s \u00e1ltal\u00e1nos teljes\u00edtm\u00e9ny\u00e9nek n\u00f6vel\u00e9s\u00e9re, egyszer\u0171 megold\u00e1st k\u00edn\u00e1l a t\u00f6bbfeladatos k\u00e9pess\u00e9gek n\u00f6vel\u00e9s\u00e9re.<\/p>\n<p>**A term\u00e9k jellemz\u0151i:**<\/p>\n<p>&#8211; **Kompatibilit\u00e1s:** Kifejezetten Lenovo ThinkPad L540 \u00e9s m\u00e1s, PC3L-12800S mem\u00f3ri\u00e1t t\u00e1mogat\u00f3 laptopokhoz tervezve.<\/p>\n<p>&#8211; **Kapacit\u00e1s:** 4 GB mem\u00f3ria, ide\u00e1lis a mindennapi feladatok elv\u00e9gz\u00e9s\u00e9hez \u00e9s a rendszer v\u00e1laszk\u00e9szs\u00e9g\u00e9nek jav\u00edt\u00e1s\u00e1hoz.<\/p>\n<p>&#8211; **T\u00edpus:** 1Rx8 DDR3L SDRAM 1600 MHz \u00f3rajellel.<\/p>\n<p>&#8211; **\u00c1llapot:** A mell\u00e9kelt fot\u00f3k a t\u00e9nylegesen megkapott mem\u00f3riamodult mutatj\u00e1k be, biztos\u00edtva a k\u00edn\u00e1lt tartalmak \u00e1tl\u00e1that\u00f3s\u00e1g\u00e1t.<\/p>\n<p>**Mi\u00e9rt v\u00e1lassza ezt a RAM-modult?**<\/p>\n<p>&#8211; **Teljes\u00edtm\u00e9nyn\u00f6vel\u00e9s:** N\u00f6velje laptopja sebess\u00e9g\u00e9t, ak\u00e1r \u00e1ltal\u00e1nos haszn\u00e1latra, ak\u00e1r nagyobb ig\u00e9nybev\u00e9telt jelent\u0151 alkalmaz\u00e1sokhoz.<\/p>\n<p>&#8211; **K\u00f6zvetlen csere:** K\u00f6nnyen telep\u00edthet\u0151 tov\u00e1bbi konfigur\u00e1ci\u00f3 n\u00e9lk\u00fcl.<\/p>\n<p>&#8211; **Sz\u00e1ll\u00edt\u00e1s az eg\u00e9sz vil\u00e1gon:** Megv\u00e1s\u00e1rolhat\u00f3 \u00e9s sz\u00e1ll\u00edthat\u00f3 vil\u00e1gszerte, Eur\u00f3p\u00e1ra helyezve a hangs\u00falyt.<\/p>\n<p>K\u00e9rj\u00fck, vegye figyelembe, hogy a telep\u00edt\u00e9si utas\u00edt\u00e1sokat nem tartalmazza. Ha seg\u00edts\u00e9gre vagy tov\u00e1bbi \u00fatmutat\u00e1sra van sz\u00fcks\u00e9ge, forduljon hozz\u00e1nk bizalommal.<\/p>\n<p>**Fontos:** Az ezen a list\u00e1n szerepl\u0151 k\u00e9pek pontosan azt a r\u00e9szt \u00e1br\u00e1zolj\u00e1k, amelyet \u00d6n kap, \u00edgy biztos\u00edtva a t\u00e9tel aktu\u00e1lis \u00e1llapot\u00e1nak pontos \u00e1br\u00e1zol\u00e1s\u00e1t.<\/p>\n","protected":false},"excerpt":{"rendered":"<p>4 GB 1Rx8 PC3L-12800S RAM Lenovo ThinkPad L540-hez. N\u00f6velje laptopja teljes\u00edtm\u00e9ny\u00e9t ezzel az eredeti mem\u00f3riamodullal. Ide\u00e1lis a sebess\u00e9g \u00e9s a multitasking k\u00e9pess\u00e9gek n\u00f6vel\u00e9s\u00e9re.<\/p>\n","protected":false},"featured_media":10309,"template":"","meta":[],"product_brand":[],"product_cat":[37,36],"product_tag":[26],"class_list":{"0":"post-10229","1":"product","2":"type-product","3":"status-publish","4":"has-post-thumbnail","6":"product_cat-ddr3-ddr3l","7":"product_cat-ram-memory","8":"product_tag-lenovo","10":"first","11":"instock","12":"taxable","13":"shipping-taxable","14":"purchasable","15":"product-type-simple"},"_links":{"self":[{"href":"https:\/\/boreait.com\/hu\/wp-json\/wp\/v2\/product\/10229","targetHints":{"allow":["GET"]}}],"collection":[{"href":"https:\/\/boreait.com\/hu\/wp-json\/wp\/v2\/product"}],"about":[{"href":"https:\/\/boreait.com\/hu\/wp-json\/wp\/v2\/types\/product"}],"wp:featuredmedia":[{"embeddable":true,"href":"https:\/\/boreait.com\/hu\/wp-json\/wp\/v2\/media\/10309"}],"wp:attachment":[{"href":"https:\/\/boreait.com\/hu\/wp-json\/wp\/v2\/media?parent=10229"}],"wp:term":[{"taxonomy":"product_brand","embeddable":true,"href":"https:\/\/boreait.com\/hu\/wp-json\/wp\/v2\/product_brand?post=10229"},{"taxonomy":"product_cat","embeddable":true,"href":"https:\/\/boreait.com\/hu\/wp-json\/wp\/v2\/product_cat?post=10229"},{"taxonomy":"product_tag","embeddable":true,"href":"https:\/\/boreait.com\/hu\/wp-json\/wp\/v2\/product_tag?post=10229"}],"curies":[{"name":"wp","href":"https:\/\/api.w.org\/{rel}","templated":true}]}}