{"id":1022,"date":"2025-09-17T09:52:50","date_gmt":"2025-09-17T07:52:50","guid":{"rendered":"https:\/\/boreait.com\/hu\/?post_type=product&#038;p=1022"},"modified":"2026-01-14T08:38:29","modified_gmt":"2026-01-14T07:38:29","slug":"laptop-hutoborda-lenovo-v130-v130-15-v130-15igm-81b4-uma-5h40r28083-hoz","status":"publish","type":"product","link":"https:\/\/boreait.com\/hu\/termek\/laptop-hutoborda-lenovo-v130-v130-15-v130-15igm-81b4-uma-5h40r28083-hoz\/","title":{"rendered":"Laptop h\u0171t\u0151borda Lenovo V130 V130-15 V130-15IGM 81B4 UMA 5H40R28083-hoz"},"content":{"rendered":"<p>A Lenovo V130, V130-15 \u00e9s V130-15IGM 81B4 UMA modellekhez k\u00e9sz\u00fclt laptop h\u0171t\u0151bord\u00e1ja kritikus komponens, amely felel\u0151s a laptop h\u0151m\u00e9rs\u00e9klet\u00e9nek biztons\u00e1gos m\u0171k\u00f6d\u00e9si hat\u00e1rokon bel\u00fcli tart\u00e1s\u00e1\u00e9rt. Mivel a laptopok h\u0151t termelnek intenz\u00edv feladatok, p\u00e9ld\u00e1ul j\u00e1t\u00e9k, vide\u00f3szerkeszt\u00e9s vagy t\u00f6bb alkalmaz\u00e1s egyidej\u0171 futtat\u00e1sa sor\u00e1n, a hat\u00e9kony h\u0171t\u0151borda elengedhetetlen a t\u00falmeleged\u00e9s megel\u0151z\u00e9s\u00e9hez \u00e9s az optim\u00e1lis teljes\u00edtm\u00e9ny fenntart\u00e1s\u00e1hoz.<\/p>\n<p>Az 5H40R28083 h\u0171t\u0151bord\u00e1t gondosan \u00fagy tervezt\u00e9k, hogy t\u00f6k\u00e9letesen illeszkedjen a Lenovo V130, V130-15 \u00e9s V130-15IGM 81B4 UMA laptopokhoz. Robusztus fel\u00e9p\u00edt\u00e9se \u00e9s kiv\u00e1l\u00f3 min\u0151s\u00e9g\u0171 anyagai hat\u00e9kony h\u0151elvezet\u00e9st biztos\u00edtanak, \u00edgy a laptop processzora \u00e9s egy\u00e9b bels\u0151 alkatr\u00e9szei a lehet\u0151 legjobban m\u0171k\u00f6dhetnek.<\/p>\n<p>Az\u00e1ltal, hogy hat\u00e9konyan elnyeli \u00e9s elvezeti a h\u0151t a laptop alapvet\u0151 \u00f6sszetev\u0151it\u0151l, ez a h\u0171t\u0151borda seg\u00edt megel\u0151zni a teljes\u00edtm\u00e9ny cs\u00f6kken\u00e9s\u00e9t, amely akkor fordulhat el\u0151, ha a laptop t\u00fals\u00e1gosan felmelegszik. Ez viszont g\u00f6rd\u00fcl\u00e9kenyebb \u00e9s gyorsabban reag\u00e1l\u00f3 teljes\u00edtm\u00e9nyt biztos\u00edt m\u00e9g az ig\u00e9nyes feladatok sor\u00e1n is.<\/p>\n<p>A h\u0171t\u0151borda hossz\u00fa \u00e9lettartam\u00e1nak \u00e9s hat\u00e9konys\u00e1g\u00e1nak biztos\u00edt\u00e1sa \u00e9rdek\u00e9ben rendszeres tiszt\u00edt\u00e1s \u00e9s karbantart\u00e1s javasolt. A por \u00e9s t\u00f6rmel\u00e9k id\u0151vel felhalmoz\u00f3dhat, akad\u00e1lyozva a l\u00e9g\u00e1raml\u00e1st \u00e9s cs\u00f6kkentve annak h\u0171t\u00e9si hat\u00e9konys\u00e1g\u00e1t. A h\u0171t\u0151borda rendszeres tiszt\u00edt\u00e1sa seg\u00edt fenntartani az optim\u00e1lis teljes\u00edtm\u00e9nyt \u00e9s meghosszabb\u00edtja laptopja \u00e9lettartam\u00e1t.<\/p>\n<p>A Lenovo V130, V130-15 \u00e9s V130-15IGM 81B4 UMA laptop h\u0171t\u0151bord\u00e1ja l\u00e9tfontoss\u00e1g\u00fa alkatr\u00e9sz mindazok sz\u00e1m\u00e1ra, akik megb\u00edzhat\u00f3 \u00e9s z\u00f6kken\u0151mentes laptopteljes\u00edtm\u00e9nyre v\u00e1gynak, k\u00fcl\u00f6n\u00f6sen az er\u0151forr\u00e1s-ig\u00e9nyes feladatok sor\u00e1n. Friss\u00edtse vagy cser\u00e9lje ki jelenlegi h\u0171t\u0151bord\u00e1j\u00e1t ezzel az eredeti alkatr\u00e9szrel, hogy laptopja h\u0171v\u00f6s maradjon, \u00e9s a legjobb teljes\u00edtm\u00e9nyt ny\u00fajtsa. \u00c9lvezze a gondtalan sz\u00e1m\u00edt\u00e1si \u00e9lm\u00e9nyt ennek a kiv\u00e1l\u00f3 min\u0151s\u00e9g\u0171 h\u0171t\u0151bord\u00e1nak a hat\u00e9kony h\u0151kezel\u00e9s\u00e9vel.<\/p>\n","protected":false},"excerpt":{"rendered":"<p>A laptop h\u0171t\u0151bord\u00e1j\u00e1t a Lenovo V130, V130-15 \u00e9s V130-15IGM 81B4 UMA modellekhez tervezt\u00e9k. Ez az alapvet\u0151 komponens hat\u00e9konyan vezeti el a h\u0151t, \u00edgy biztos\u00edtja az optim\u00e1lis teljes\u00edtm\u00e9nyt \u00e9s megakad\u00e1lyozza a t\u00falmeleged\u00e9st.<\/p>\n","protected":false},"featured_media":1085,"template":"","meta":[],"product_brand":[],"product_cat":[33],"product_tag":[26],"class_list":{"0":"post-1022","1":"product","2":"type-product","3":"status-publish","4":"has-post-thumbnail","6":"product_cat-cpu-fans-heatsinks","7":"product_tag-lenovo","9":"first","10":"instock","11":"taxable","12":"shipping-taxable","13":"purchasable","14":"product-type-simple"},"_links":{"self":[{"href":"https:\/\/boreait.com\/hu\/wp-json\/wp\/v2\/product\/1022","targetHints":{"allow":["GET"]}}],"collection":[{"href":"https:\/\/boreait.com\/hu\/wp-json\/wp\/v2\/product"}],"about":[{"href":"https:\/\/boreait.com\/hu\/wp-json\/wp\/v2\/types\/product"}],"wp:featuredmedia":[{"embeddable":true,"href":"https:\/\/boreait.com\/hu\/wp-json\/wp\/v2\/media\/1085"}],"wp:attachment":[{"href":"https:\/\/boreait.com\/hu\/wp-json\/wp\/v2\/media?parent=1022"}],"wp:term":[{"taxonomy":"product_brand","embeddable":true,"href":"https:\/\/boreait.com\/hu\/wp-json\/wp\/v2\/product_brand?post=1022"},{"taxonomy":"product_cat","embeddable":true,"href":"https:\/\/boreait.com\/hu\/wp-json\/wp\/v2\/product_cat?post=1022"},{"taxonomy":"product_tag","embeddable":true,"href":"https:\/\/boreait.com\/hu\/wp-json\/wp\/v2\/product_tag?post=1022"}],"curies":[{"name":"wp","href":"https:\/\/api.w.org\/{rel}","templated":true}]}}