{"id":10195,"date":"2025-09-17T12:48:52","date_gmt":"2025-09-17T10:48:52","guid":{"rendered":"https:\/\/boreait.com\/hu\/?post_type=product&#038;p=10195"},"modified":"2026-02-06T14:58:14","modified_gmt":"2026-02-06T13:58:14","slug":"lenovo-thinkpad-l540-vezetek-nelkuli-modul-7260ngw-eredeti-cserealkatresz","status":"publish","type":"product","link":"https:\/\/boreait.com\/hu\/termek\/lenovo-thinkpad-l540-vezetek-nelkuli-modul-7260ngw-eredeti-cserealkatresz\/","title":{"rendered":"Lenovo ThinkPad L540 vezet\u00e9k n\u00e9lk\u00fcli modul 7260NGW \u2013 Eredeti cserealkatr\u00e9sz"},"content":{"rendered":"<p>Vezet\u00e9k n\u00e9lk\u00fcli modul (7260NGW) a Lenovo ThinkPad L540-hez<\/p>\n<p>Fokozza Lenovo ThinkPad L540 Wi-Fi k\u00e9pess\u00e9geit ezzel az eredeti vezet\u00e9k n\u00e9lk\u00fcli modullal (7260NGW). \u00dagy tervezt\u00e9k, hogy p\u00f3tolja a hib\u00e1s vagy hi\u00e1nyz\u00f3 vezet\u00e9k n\u00e9lk\u00fcli modulokat, ezzel helyre\u00e1ll\u00edtva a megb\u00edzhat\u00f3 vezet\u00e9k n\u00e9lk\u00fcli kapcsolatot laptopja sz\u00e1m\u00e1ra.<\/p>\n<p>**A term\u00e9k jellemz\u0151i:**<\/p>\n<p>&#8211; **Kompatibilit\u00e1s:** Kifejezetten a Lenovo ThinkPad L540 sz\u00e1m\u00e1ra k\u00e9sz\u00fclt.<\/p>\n<p>&#8211; **Modellsz\u00e1m:** 7260NGW.<\/p>\n<p>&#8211; **Funkcionalit\u00e1s:** Vissza\u00e1ll\u00edtja vagy jav\u00edtja a vezet\u00e9k n\u00e9lk\u00fcli funkcionalit\u00e1st, stabil \u00e9s gyors internetkapcsolatot k\u00edn\u00e1lva.<\/p>\n<p>&#8211; **\u00c1llapot:** A t\u00e9nyleges fot\u00f3k, amelyek pontosan mutatj\u00e1k a kapott vezet\u00e9k n\u00e9lk\u00fcli modult.<\/p>\n<p>**Mi\u00e9rt v\u00e1lassza ezt a vezet\u00e9k n\u00e9lk\u00fcli modult?**<\/p>\n<p>&#8211; **Tov\u00e1bbfejlesztett kapcsolat:** Ide\u00e1lis a hib\u00e1s vagy s\u00e9r\u00fclt vezet\u00e9k n\u00e9lk\u00fcli modulok cser\u00e9j\u00e9hez.<\/p>\n<p>&#8211; **K\u00f6zvetlen csere:** Nincs sz\u00fcks\u00e9g m\u00f3dos\u00edt\u00e1sra; k\u00f6nnyen illeszkedik a Lenovo ThinkPad L540-be.<\/p>\n<p>&#8211; **Sz\u00e1ll\u00edt\u00e1s vil\u00e1gszerte:** Vil\u00e1gszerte sz\u00e1ll\u00edtunk, az eur\u00f3pai piacokra \u00f6sszpontos\u00edtva.<\/p>\n<p>K\u00e9rj\u00fck, vegye figyelembe, hogy a telep\u00edt\u00e9si utas\u00edt\u00e1sokat nem tartalmazza. Ha seg\u00edts\u00e9gre van sz\u00fcks\u00e9ge a telep\u00edt\u00e9shez, forduljon hozz\u00e1nk bizalommal. \u00d6r\u00f6mmel seg\u00edt\u00fcnk.<\/p>\n<p>**Fontos:** A list\u00e1n szerepl\u0151 fot\u00f3k pontosan azt a vezet\u00e9k n\u00e9lk\u00fcli modult mutatj\u00e1k, amelyet a megb\u00edzhat\u00f3s\u00e1g \u00e9s az \u00fcgyfelek el\u00e9gedetts\u00e9ge \u00e9rdek\u00e9ben alaposan megvizsg\u00e1ltak.<\/p>\n","protected":false},"excerpt":{"rendered":"<p>Vezet\u00e9k n\u00e9lk\u00fcli modul (7260NGW) Lenovo ThinkPad L540-hez \u2013 Eredeti cserealkatr\u00e9sz. Biztos\u00edtson stabil \u00e9s gyors Wi-Fi kapcsolatot ezzel a vezet\u00e9k n\u00e9lk\u00fcli modullal, amely kompatibilis a Lenovo ThinkPad L540 k\u00e9sz\u00fcl\u00e9kkel.<\/p>\n","protected":false},"featured_media":10282,"template":"","meta":[],"product_brand":[],"product_cat":[27],"product_tag":[26],"class_list":{"0":"post-10195","1":"product","2":"type-product","3":"status-publish","4":"has-post-thumbnail","6":"product_cat-motherboards-board-parts","7":"product_tag-lenovo","9":"first","10":"instock","11":"taxable","12":"shipping-taxable","13":"purchasable","14":"product-type-simple"},"_links":{"self":[{"href":"https:\/\/boreait.com\/hu\/wp-json\/wp\/v2\/product\/10195","targetHints":{"allow":["GET"]}}],"collection":[{"href":"https:\/\/boreait.com\/hu\/wp-json\/wp\/v2\/product"}],"about":[{"href":"https:\/\/boreait.com\/hu\/wp-json\/wp\/v2\/types\/product"}],"wp:featuredmedia":[{"embeddable":true,"href":"https:\/\/boreait.com\/hu\/wp-json\/wp\/v2\/media\/10282"}],"wp:attachment":[{"href":"https:\/\/boreait.com\/hu\/wp-json\/wp\/v2\/media?parent=10195"}],"wp:term":[{"taxonomy":"product_brand","embeddable":true,"href":"https:\/\/boreait.com\/hu\/wp-json\/wp\/v2\/product_brand?post=10195"},{"taxonomy":"product_cat","embeddable":true,"href":"https:\/\/boreait.com\/hu\/wp-json\/wp\/v2\/product_cat?post=10195"},{"taxonomy":"product_tag","embeddable":true,"href":"https:\/\/boreait.com\/hu\/wp-json\/wp\/v2\/product_tag?post=10195"}],"curies":[{"name":"wp","href":"https:\/\/api.w.org\/{rel}","templated":true}]}}