{"id":1019,"date":"2025-09-17T09:52:50","date_gmt":"2025-09-17T07:52:50","guid":{"rendered":"https:\/\/boreait.com\/hu\/?post_type=product&#038;p=1019"},"modified":"2025-09-17T09:54:07","modified_gmt":"2025-09-17T07:54:07","slug":"lenovo-v130-15-v130-15-webkameras-fenykepezogep-laptop","status":"publish","type":"product","link":"https:\/\/boreait.com\/hu\/termek\/lenovo-v130-15-v130-15-webkameras-fenykepezogep-laptop\/","title":{"rendered":"Lenovo V130-15 V130-15 webkamer\u00e1s f\u00e9nyk\u00e9pez\u0151g\u00e9p laptop"},"content":{"rendered":"<p>A Lenovo V130-15 webkamera kamera a Lenovo V130-15 laptop alapvet\u0151 eleme, amelyet arra terveztek, hogy k\u00e9nyelmes \u00e9s z\u00f6kken\u0151mentes webkamer\u00e1s \u00e9lm\u00e9nyt ny\u00fajtson a felhaszn\u00e1l\u00f3knak. Ezzel a be\u00e9p\u00edtett webkamer\u00e1val a felhaszn\u00e1l\u00f3k k\u00fcls\u0151 kamer\u00e1k n\u00e9lk\u00fcl is r\u00e9szt vehetnek videoh\u00edv\u00e1sokban, virtu\u00e1lis tal\u00e1lkoz\u00f3kon \u00e9s online konferenci\u00e1kon.<\/p>\n<p>Ez a kiv\u00e1l\u00f3 min\u0151s\u00e9g\u0171 webkamera tiszta \u00e9s \u00e9les vide\u00f3kat r\u00f6gz\u00edt, \u00edgy \u00d6n hat\u00e9konyan \u00e9s professzion\u00e1lisan kommunik\u00e1lhat koll\u00e9g\u00e1ival, bar\u00e1taival \u00e9s csal\u00e1dj\u00e1val. Ak\u00e1r a vil\u00e1g minden t\u00e1j\u00e1r\u00f3l tart kapcsolatot munkat\u00e1rsaival, ak\u00e1r szeretteivel, ez a webkamera biztos\u00edtja, hogy tiszt\u00e1n l\u00e1thass.<\/p>\n<p>A Lenovo V130-15 webkamera k\u00f6nnyen haszn\u00e1lhat\u00f3, \u00e9s plug-and-play funkci\u00f3t k\u00edn\u00e1l. Z\u00f6kken\u0151mentesen integr\u00e1l\u00f3dik a laptop oper\u00e1ci\u00f3s rendszer\u00e9be, \u00edgy egyetlen kattint\u00e1ssal el\u00e9rheti a webkamer\u00e1t. A kamera k\u00fcl\u00f6nf\u00e9le videokonferencia \u00e9s kommunik\u00e1ci\u00f3s alkalmaz\u00e1sokkal is kompatibilis, \u00edgy szem\u00e9lyes \u00e9s professzion\u00e1lis haszn\u00e1latra egyar\u00e1nt alkalmas.<\/p>\n<p>A videoh\u00edv\u00e1sok mellett a webkamera lehet\u0151v\u00e9 teszi f\u00e9nyk\u00e9pek \u00e9s vide\u00f3k r\u00f6gz\u00edt\u00e9s\u00e9t k\u00f6zvetlen\u00fcl a laptopj\u00e1r\u00f3l. Ak\u00e1r eml\u00e9kezetes pillanatokat dokument\u00e1l, ak\u00e1r tartalmat k\u00e9sz\u00edt projektjeihez, ez a f\u00e9nyk\u00e9pez\u0151g\u00e9p megb\u00edzhat\u00f3 \u00e9s praktikus megold\u00e1st k\u00edn\u00e1l.<\/p>\n<p>A Lenovo \u00e1ltal tervezett \u00e9s gy\u00e1rtott webkamera, amely egy megb\u00edzhat\u00f3 n\u00e9v a sz\u00e1m\u00edt\u00f3g\u00e9piparban, megfelel a szigor\u00fa min\u0151s\u00e9gi el\u0151\u00edr\u00e1soknak. Tart\u00f3s \u00e9s \u00fagy k\u00e9sz\u00fclt, hogy ellen\u00e1lljon a rendszeres haszn\u00e1latnak, \u00edgy hossz\u00fa ideig megb\u00edzhat benne.<\/p>\n<p>Friss\u00edtse kommunik\u00e1ci\u00f3s \u00e9s egy\u00fcttm\u0171k\u00f6d\u00e9si k\u00e9pess\u00e9geit a Lenovo V130-15 webkamera kamer\u00e1val. Fokozza online interakci\u00f3it, maradjon kapcsolatban szeretteivel, \u00e9s k\u00f6nnyed\u00e9n bonyol\u00edtson virtu\u00e1lis tal\u00e1lkoz\u00f3kat ezzel az alapvet\u0151 laptoptartoz\u00e9kkal. \u00c9lvezze a Lenovo V130-15 laptopj\u00e1ba k\u00f6zvetlen\u00fcl integr\u00e1lt kiv\u00e1l\u00f3 min\u0151s\u00e9g\u0171 webkamera ny\u00fajtotta k\u00e9nyelmet, \u00edgy sokoldal\u00fa \u00e9s megb\u00edzhat\u00f3 eszk\u00f6z a munk\u00e1hoz \u00e9s a szabadid\u0151h\u00f6z egyar\u00e1nt.<\/p>\n","protected":false},"excerpt":{"rendered":"<p>A Lenovo V130-15 webkamera kamera egy be\u00e9p\u00edtett kamera, amelyet kifejezetten a Lenovo V130-15 laptop modellhez terveztek. Ez az integr\u00e1lt webkamera lehet\u0151v\u00e9 teszi a felhaszn\u00e1l\u00f3k sz\u00e1m\u00e1ra, hogy videoh\u00edv\u00e1sokat kezdem\u00e9nyezzenek, virtu\u00e1lis megbesz\u00e9l\u00e9seken vegyenek r\u00e9szt, valamint f\u00e9nyk\u00e9peket \u00e9s vide\u00f3kat r\u00f6gz\u00edtsenek k\u00f6zvetlen\u00fcl a laptopjukr\u00f3l.<\/p>\n","protected":false},"featured_media":1082,"template":"","meta":[],"product_brand":[],"product_cat":[23],"product_tag":[26],"class_list":{"0":"post-1019","1":"product","2":"type-product","3":"status-publish","4":"has-post-thumbnail","6":"product_cat-laptop-camera","7":"product_tag-lenovo","9":"first","10":"instock","11":"taxable","12":"shipping-taxable","13":"purchasable","14":"product-type-simple"},"_links":{"self":[{"href":"https:\/\/boreait.com\/hu\/wp-json\/wp\/v2\/product\/1019","targetHints":{"allow":["GET"]}}],"collection":[{"href":"https:\/\/boreait.com\/hu\/wp-json\/wp\/v2\/product"}],"about":[{"href":"https:\/\/boreait.com\/hu\/wp-json\/wp\/v2\/types\/product"}],"wp:featuredmedia":[{"embeddable":true,"href":"https:\/\/boreait.com\/hu\/wp-json\/wp\/v2\/media\/1082"}],"wp:attachment":[{"href":"https:\/\/boreait.com\/hu\/wp-json\/wp\/v2\/media?parent=1019"}],"wp:term":[{"taxonomy":"product_brand","embeddable":true,"href":"https:\/\/boreait.com\/hu\/wp-json\/wp\/v2\/product_brand?post=1019"},{"taxonomy":"product_cat","embeddable":true,"href":"https:\/\/boreait.com\/hu\/wp-json\/wp\/v2\/product_cat?post=1019"},{"taxonomy":"product_tag","embeddable":true,"href":"https:\/\/boreait.com\/hu\/wp-json\/wp\/v2\/product_tag?post=1019"}],"curies":[{"name":"wp","href":"https:\/\/api.w.org\/{rel}","templated":true}]}}