{"id":1018,"date":"2025-09-17T09:52:50","date_gmt":"2025-09-17T07:52:50","guid":{"rendered":"https:\/\/boreait.com\/hu\/?post_type=product&#038;p=1018"},"modified":"2025-09-17T09:54:05","modified_gmt":"2025-09-17T07:54:05","slug":"eredeti-lenovo-thinkpad-t510-multi-writer-cd-dvd-rw-meghajto-uj8a0a","status":"publish","type":"product","link":"https:\/\/boreait.com\/hu\/termek\/eredeti-lenovo-thinkpad-t510-multi-writer-cd-dvd-rw-meghajto-uj8a0a\/","title":{"rendered":"Eredeti Lenovo ThinkPad T510 Multi-Writer CD\/DVD RW meghajt\u00f3 &#8211; UJ8A0A"},"content":{"rendered":"<p>Az eredeti Lenovo ThinkPad T510 Multi-Writer CD\/DVD RW meghajt\u00f3 &#8211; UJ8A0A a Lenovo \u00e1ltal gy\u00e1rtott hiteles optikai meghajt\u00f3, kifejezetten ThinkPad T510 laptopokhoz val\u00f3 haszn\u00e1latra. Z\u00f6kken\u0151mentes funkcionalit\u00e1st biztos\u00edt CD-k \u00e9s DVD-k olvas\u00e1s\u00e1hoz \u00e9s \u00edr\u00e1s\u00e1hoz, \u00edgy \u00e9rt\u00e9kes tartoz\u00e9ka az adatt\u00e1rol\u00e1snak, a szoftvertelep\u00edt\u00e9snek \u00e9s a multim\u00e9di\u00e1s c\u00e9loknak.<\/p>\n<p>T\u00e1lcabet\u00f6lt\u0151 mechanizmus\u00e1val az UJ8A0A lehet\u0151v\u00e9 teszi a lemezek egyszer\u0171 \u00e9s sima behelyez\u00e9s\u00e9t \u00e9s kiad\u00e1s\u00e1t. Ez egy felhaszn\u00e1l\u00f3bar\u00e1t megold\u00e1s az optikai adathordoz\u00f3k ig\u00e9nyeinek kezel\u00e9s\u00e9re ThinkPad T510 k\u00e9sz\u00fcl\u00e9k\u00e9n.<\/p>\n<p>Az eredeti Lenovo ThinkPad T510 Multi-Writer CD\/DVD RW meghajt\u00f3 (UJ8A0A) telep\u00edt\u00e9si folyamata egyszer\u0171. Cser\u00e9lje le megl\u00e9v\u0151 optikai meghajt\u00f3j\u00e1t erre az eredeti Lenovo-tartoz\u00e9kra, \u00e9s z\u00f6kken\u0151mentesen integr\u00e1l\u00f3dik a ThinkPad T510 rendszer\u00e9be.<\/p>\n<p>A tart\u00f3ss\u00e1got szem el\u0151tt tartva tervezt\u00e9k, az UJ8A0A egyenletes teljes\u00edtm\u00e9nyt ny\u00fajt az id\u0151 m\u00fal\u00e1s\u00e1val, \u00edgy biztos\u00edtva, hogy k\u00fcl\u00f6nf\u00e9le feladatok \u00e9s tev\u00e9kenys\u00e9gek sor\u00e1n sz\u00e1m\u00edthasson r\u00e1. Ak\u00e1r fontos adatokat kell CD-re vagy DVD-re \u00edrni, szoftveralkalmaz\u00e1sokat telep\u00edteni, ak\u00e1r kedvenc filmjeit n\u00e9zni, ez az eredeti Lenovo optikai meghajt\u00f3 megfelel a feladatnak.<\/p>\n<p>Friss\u00edtse Lenovo ThinkPad T510 k\u00e9sz\u00fcl\u00e9k\u00e9t az eredeti Lenovo ThinkPad T510 Multi-Writer CD\/DVD RW meghajt\u00f3val &#8211; UJ8A0A, \u00e9s \u00e9lvezze a laptop modellj\u00e9hez szabott megb\u00edzhat\u00f3 \u00e9s hat\u00e9kony optikai meghajt\u00f3 ny\u00fajtotta k\u00e9nyelmet. N\u00f6velje termel\u00e9kenys\u00e9g\u00e9t \u00e9s multim\u00e9di\u00e1s \u00e9lm\u00e9ny\u00e9t ezzel az eredeti Lenovo-tartoz\u00e9kkal.<\/p>\n","protected":false},"excerpt":{"rendered":"<p>Az eredeti Lenovo ThinkPad T510 Multi-Writer CD\/DVD RW meghajt\u00f3 &#8211; UJ8A0A egy eredeti optikai meghajt\u00f3, amelyet kifejezetten Lenovo ThinkPad T510 laptopokhoz terveztek. Lehet\u0151v\u00e9 teszi CD-k \u00e9s DVD-k olvas\u00e1s\u00e1t \u00e9s \u00edr\u00e1s\u00e1t, \u00edgy sokoldal\u00fa kieg\u00e9sz\u00edt\u0151je a k\u00fcl\u00f6nf\u00e9le feladatoknak.<\/p>\n","protected":false},"featured_media":1081,"template":"","meta":[],"product_brand":[],"product_cat":[27],"product_tag":[26],"class_list":{"0":"post-1018","1":"product","2":"type-product","3":"status-publish","4":"has-post-thumbnail","6":"product_cat-motherboards-board-parts","7":"product_tag-lenovo","9":"first","10":"instock","11":"taxable","12":"shipping-taxable","13":"purchasable","14":"product-type-simple"},"_links":{"self":[{"href":"https:\/\/boreait.com\/hu\/wp-json\/wp\/v2\/product\/1018","targetHints":{"allow":["GET"]}}],"collection":[{"href":"https:\/\/boreait.com\/hu\/wp-json\/wp\/v2\/product"}],"about":[{"href":"https:\/\/boreait.com\/hu\/wp-json\/wp\/v2\/types\/product"}],"wp:featuredmedia":[{"embeddable":true,"href":"https:\/\/boreait.com\/hu\/wp-json\/wp\/v2\/media\/1081"}],"wp:attachment":[{"href":"https:\/\/boreait.com\/hu\/wp-json\/wp\/v2\/media?parent=1018"}],"wp:term":[{"taxonomy":"product_brand","embeddable":true,"href":"https:\/\/boreait.com\/hu\/wp-json\/wp\/v2\/product_brand?post=1018"},{"taxonomy":"product_cat","embeddable":true,"href":"https:\/\/boreait.com\/hu\/wp-json\/wp\/v2\/product_cat?post=1018"},{"taxonomy":"product_tag","embeddable":true,"href":"https:\/\/boreait.com\/hu\/wp-json\/wp\/v2\/product_tag?post=1018"}],"curies":[{"name":"wp","href":"https:\/\/api.w.org\/{rel}","templated":true}]}}