{"id":10175,"date":"2025-09-17T12:48:24","date_gmt":"2025-09-17T10:48:24","guid":{"rendered":"https:\/\/boreait.com\/hu\/?post_type=product&#038;p=10175"},"modified":"2025-09-17T12:52:26","modified_gmt":"2025-09-17T10:52:26","slug":"acer-aspire-es17-sorozatu-billentyuzet-billentyucsere-nem-hattervilagitassal-v121702ak4","status":"publish","type":"product","link":"https:\/\/boreait.com\/hu\/termek\/acer-aspire-es17-sorozatu-billentyuzet-billentyucsere-nem-hattervilagitassal-v121702ak4\/","title":{"rendered":"Acer Aspire ES17 sorozat\u00fa billenty\u0171zet billenty\u0171csere \u2013 nem h\u00e1tt\u00e9rvil\u00e1g\u00edt\u00e1ssal (V121702AK4)"},"content":{"rendered":"<p><strong>Megjegyz\u00e9s a vev\u0151nek:<\/strong> Ez az adatlap csak <strong>egyetlen billenty\u0171zetbillenty\u0171re<\/strong> vonatkozik. A zsan\u00e9r \u00e9s a kulcs b\u00fcty\u00f6k j\u00e1r hozz\u00e1. Az \u00f6sszes el\u00e9rhet\u0151 kulcs a list\u00e1ban tal\u00e1lhat\u00f3 k\u00e9pen l\u00e1that\u00f3. A kulcsot bor\u00edt\u00e9kban k\u00fcldik el csigapost\u00e1val. A rendel\u00e9s lead\u00e1sa ut\u00e1n k\u00e9rj\u00fck, k\u00fcldj\u00f6n \u00fczenetet, amelyben megadja, hogy melyik kulcsra vagy kulcsokra van sz\u00fcks\u00e9ge.<\/p>\n<p>Ez a cserekulcs kompatibilis az <strong>Acer Aspire ES17 sorozattal<\/strong>, \u00e9s t\u00e1mogatja a <strong>V121702AK4<\/strong> \u00e9s <strong>PK130N42A24<\/strong> cikksz\u00e1mokat. A billenty\u0171zet <strong>nem h\u00e1tt\u00e9rvil\u00e1g\u00edt\u00e1s\u00fa<\/strong>, \u00e9s egyszer\u0171 \u00e9s hat\u00e9kony megold\u00e1st k\u00edn\u00e1l a billenty\u0171cser\u00e9re.<\/p>\n<p>T\u00f6k\u00e9letes az Acer Aspire ES17 sorozat\u00fa billenty\u0171zet egyes billenty\u0171inek cser\u00e9j\u00e9hez an\u00e9lk\u00fcl, hogy teljes billenty\u0171zetcser\u00e9re lenne sz\u00fcks\u00e9g.<\/p>\n","protected":false},"excerpt":{"rendered":"<p><strong>Ez a lista egyetlen billenty\u0171zetbillenty\u0171t tartalmaz.<\/strong> A csukl\u00f3p\u00e1nt \u00e9s a billenty\u0171b\u00fcty\u00f6k mell\u00e9kelve. Az \u00f6sszes el\u00e9rhet\u0151 kulcs l\u00e1that\u00f3 a list\u00e1s k\u00e9pen. A rendel\u00e9s lead\u00e1sa ut\u00e1n k\u00e9rj\u00fck, k\u00fcldje el nek\u00fcnk a k\u00edv\u00e1nt kulcs(oka)t. A kulcsot bor\u00edt\u00e9kban k\u00fcldik el csigapost\u00e1n.<\/p>\n","protected":false},"featured_media":10266,"template":"","meta":[],"product_brand":[],"product_cat":[24],"product_tag":[29],"class_list":{"0":"post-10175","1":"product","2":"type-product","3":"status-publish","4":"has-post-thumbnail","6":"product_cat-individual-keyboard-keys","7":"product_tag-acer","9":"first","10":"instock","11":"taxable","12":"shipping-taxable","13":"purchasable","14":"product-type-simple"},"_links":{"self":[{"href":"https:\/\/boreait.com\/hu\/wp-json\/wp\/v2\/product\/10175","targetHints":{"allow":["GET"]}}],"collection":[{"href":"https:\/\/boreait.com\/hu\/wp-json\/wp\/v2\/product"}],"about":[{"href":"https:\/\/boreait.com\/hu\/wp-json\/wp\/v2\/types\/product"}],"wp:featuredmedia":[{"embeddable":true,"href":"https:\/\/boreait.com\/hu\/wp-json\/wp\/v2\/media\/10266"}],"wp:attachment":[{"href":"https:\/\/boreait.com\/hu\/wp-json\/wp\/v2\/media?parent=10175"}],"wp:term":[{"taxonomy":"product_brand","embeddable":true,"href":"https:\/\/boreait.com\/hu\/wp-json\/wp\/v2\/product_brand?post=10175"},{"taxonomy":"product_cat","embeddable":true,"href":"https:\/\/boreait.com\/hu\/wp-json\/wp\/v2\/product_cat?post=10175"},{"taxonomy":"product_tag","embeddable":true,"href":"https:\/\/boreait.com\/hu\/wp-json\/wp\/v2\/product_tag?post=10175"}],"curies":[{"name":"wp","href":"https:\/\/api.w.org\/{rel}","templated":true}]}}