{"id":10174,"date":"2025-09-17T12:48:24","date_gmt":"2025-09-17T10:48:24","guid":{"rendered":"https:\/\/boreait.com\/hu\/?post_type=product&#038;p=10174"},"modified":"2026-02-06T14:28:00","modified_gmt":"2026-02-06T13:28:00","slug":"lenovo-thinkpad-l540-kamerakabel-eredeti-cserealkatresz","status":"publish","type":"product","link":"https:\/\/boreait.com\/hu\/termek\/lenovo-thinkpad-l540-kamerakabel-eredeti-cserealkatresz\/","title":{"rendered":"Lenovo ThinkPad L540 kamerak\u00e1bel \u2013 Eredeti cserealkatr\u00e9sz"},"content":{"rendered":"<p>Lenovo ThinkPad L540 kamerak\u00e1bel<\/p>\n<p>Gy\u0151z\u0151dj\u00f6n meg arr\u00f3l, hogy a Lenovo ThinkPad L540 teljesen m\u0171k\u00f6d\u0151k\u00e9pes ezzel az eredeti cserekamerak\u00e1bellel. Ak\u00e1r probl\u00e9m\u00e1kat tapasztal laptopja kamer\u00e1j\u00e1val, ak\u00e1r hib\u00e1s csatlakoz\u00e1ssal, ezt a k\u00e1belt \u00fagy tervezt\u00e9k, hogy helyre\u00e1ll\u00edtsa laptopja videofunkci\u00f3it.<\/p>\n<p>**A term\u00e9k jellemz\u0151i:**<\/p>\n<p>&#8211; **Kompatibilit\u00e1s:** Kifejezetten a Lenovo ThinkPad L540 modellhez tervezt\u00e9k.<\/p>\n<p>&#8211; **Funkcionalit\u00e1s:** A s\u00e9r\u00fclt vagy hib\u00e1san m\u0171k\u00f6d\u0151 kamerak\u00e1belek cser\u00e9je a teljes videofunkci\u00f3 helyre\u00e1ll\u00edt\u00e1sa \u00e9rdek\u00e9ben.<\/p>\n<p>&#8211; **\u00c1llapot:** A term\u00e9kr\u0151l val\u00f3s f\u00e9nyk\u00e9peket mell\u00e9kel\u00fcnk, amelyek pontosan mutatj\u00e1k a kapott k\u00e1belt.<\/p>\n<p>**Mi\u00e9rt v\u00e1lassza ezt a kamerak\u00e1belt?**<\/p>\n<p>&#8211; **Megb\u00edzhat\u00f3 csere:** Ide\u00e1lis a Lenovo ThinkPad L540 f\u00e9nyk\u00e9pez\u0151g\u00e9p-csatlakoz\u00e1si probl\u00e9m\u00e1inak megold\u00e1s\u00e1ra.<\/p>\n<p>&#8211; **Egyszer\u0171 telep\u00edt\u00e9s:** K\u00f6zvetlen csere, amely nem ig\u00e9nyel m\u00f3dos\u00edt\u00e1st a kompatibilit\u00e1s \u00e9rdek\u00e9ben.<\/p>\n<p>&#8211; **Sz\u00e1ll\u00edt\u00e1s az eg\u00e9sz vil\u00e1gon:** El\u00e9rhet\u0151 glob\u00e1lis sz\u00e1ll\u00edt\u00e1shoz, Eur\u00f3p\u00e1ra \u00f6sszpontos\u00edtva.<\/p>\n<p>Ha tov\u00e1bbi seg\u00edts\u00e9gre van sz\u00fcks\u00e9ge a telep\u00edt\u00e9ssel kapcsolatban, vagy tov\u00e1bbi term\u00e9kk\u00e9rd\u00e9sekre van sz\u00fcks\u00e9ge, forduljon hozz\u00e1nk bizalommal. \u00d6r\u00f6mmel seg\u00edt\u00fcnk a z\u00f6kken\u0151mentes cserefolyamat biztos\u00edt\u00e1s\u00e1ban.<\/p>\n<p>**Fontos:** A list\u00e1ban szerepl\u0151 fot\u00f3k a t\u00e9nylegesen kapott kamerak\u00e1belr\u0151l k\u00e9sz\u00fcltek, biztos\u00edtva az \u00e1tl\u00e1tsz\u00f3s\u00e1got \u00e9s a pontoss\u00e1got a fogad\u00e1sban.<\/p>\n","protected":false},"excerpt":{"rendered":"<p>Kamerak\u00e1bel Lenovo ThinkPad L540-hez \u2013 Eredeti cserealkatr\u00e9sz. Cser\u00e9lje ki a s\u00e9r\u00fclt vagy hib\u00e1s kamerak\u00e1beleket a Lenovo ThinkPad L540 videofunkci\u00f3inak helyre\u00e1ll\u00edt\u00e1s\u00e1hoz.<\/p>\n","protected":false},"featured_media":10265,"template":"","meta":[],"product_brand":[],"product_cat":[20],"product_tag":[26],"class_list":{"0":"post-10174","1":"product","2":"type-product","3":"status-publish","4":"has-post-thumbnail","6":"product_cat-cables","7":"product_tag-lenovo","9":"first","10":"instock","11":"taxable","12":"shipping-taxable","13":"purchasable","14":"product-type-simple"},"_links":{"self":[{"href":"https:\/\/boreait.com\/hu\/wp-json\/wp\/v2\/product\/10174","targetHints":{"allow":["GET"]}}],"collection":[{"href":"https:\/\/boreait.com\/hu\/wp-json\/wp\/v2\/product"}],"about":[{"href":"https:\/\/boreait.com\/hu\/wp-json\/wp\/v2\/types\/product"}],"wp:featuredmedia":[{"embeddable":true,"href":"https:\/\/boreait.com\/hu\/wp-json\/wp\/v2\/media\/10265"}],"wp:attachment":[{"href":"https:\/\/boreait.com\/hu\/wp-json\/wp\/v2\/media?parent=10174"}],"wp:term":[{"taxonomy":"product_brand","embeddable":true,"href":"https:\/\/boreait.com\/hu\/wp-json\/wp\/v2\/product_brand?post=10174"},{"taxonomy":"product_cat","embeddable":true,"href":"https:\/\/boreait.com\/hu\/wp-json\/wp\/v2\/product_cat?post=10174"},{"taxonomy":"product_tag","embeddable":true,"href":"https:\/\/boreait.com\/hu\/wp-json\/wp\/v2\/product_tag?post=10174"}],"curies":[{"name":"wp","href":"https:\/\/api.w.org\/{rel}","templated":true}]}}