{"id":10152,"date":"2025-09-17T12:47:22","date_gmt":"2025-09-17T10:47:22","guid":{"rendered":"https:\/\/boreait.com\/hu\/?post_type=product&#038;p=10152"},"modified":"2025-09-17T12:51:39","modified_gmt":"2025-09-17T10:51:39","slug":"dell-latitude-e5530-uj8e1-0v6n3j-dvd-optikai-meghajto-sata-eredeti-alkatreszek","status":"publish","type":"product","link":"https:\/\/boreait.com\/hu\/termek\/dell-latitude-e5530-uj8e1-0v6n3j-dvd-optikai-meghajto-sata-eredeti-alkatreszek\/","title":{"rendered":"Dell Latitude E5530 UJ8E1 0V6N3J DVD optikai meghajt\u00f3 SATA \u2013 Eredeti alkatr\u00e9szek"},"content":{"rendered":"<p>Dell Latitude E5530 DVD optikai meghajt\u00f3 (UJ8E1 0V6N3J) \u2013 SATA<\/p>\n<p> \u00c1ll\u00edtsa vissza Dell Latitude E5530 k\u00e9sz\u00fcl\u00e9ke teljes funkcionalit\u00e1s\u00e1t ezzel az eredeti DVD-optikai meghajt\u00f3val (UJ8E1 modell, 0V6N3J cikksz\u00e1m). Ezt a laptopj\u00e1val val\u00f3 z\u00f6kken\u0151mentes kompatibilit\u00e1sra tervezt\u00e9k, ez a SATA DVD-meghajt\u00f3 t\u00f6k\u00e9letes DVD-k olvas\u00e1s\u00e1hoz \u00e9s \u00edr\u00e1s\u00e1hoz, \u00edgy a hib\u00e1s vagy hi\u00e1nyz\u00f3 optikai meghajt\u00f3 n\u00e9lk\u00fcl\u00f6zhetetlen helyettes\u00edt\u0151je.<\/p>\n<p>**A term\u00e9k jellemz\u0151i:**<\/p>\n<p>&#8211; **Kompatibilit\u00e1s:** Dell Latitude E5530 laptopmodell.<\/p>\n<p>&#8211; **Alkatr\u00e9szsz\u00e1mok:** UJ8E1, 0V6N3J.<\/p>\n<p>&#8211; **Meghajt\u00f3 t\u00edpusa:** SATA DVD optikai meghajt\u00f3 DVD-k olvas\u00e1s\u00e1hoz \u00e9s \u00edr\u00e1s\u00e1hoz.<\/p>\n<p>&#8211; **Eredeti alkatr\u00e9szek:** Eredeti Dell csere az optim\u00e1lis teljes\u00edtm\u00e9ny \u00e9rdek\u00e9ben.<\/p>\n<p>**Mi\u00e9rt v\u00e1lassza ezt a DVD-meghajt\u00f3t?**<\/p>\n<p>&#8211; **Megb\u00edzhat\u00f3 teljes\u00edtm\u00e9ny:** A hib\u00e1s vagy hi\u00e1nyz\u00f3 meghajt\u00f3k k\u00f6zvetlen p\u00f3tl\u00e1sa.<\/p>\n<p>&#8211; **Z\u00f6kken\u0151mentes telep\u00edt\u00e9s:** Plug-and-play kompatibilit\u00e1s az egyszer\u0171 telep\u00edt\u00e9s \u00e9rdek\u00e9ben a Dell Latitude E5530-ba.<\/p>\n<p>&#8211; **Sz\u00e1ll\u00edt\u00e1s az eg\u00e9sz vil\u00e1gon:** Vil\u00e1gszerte megv\u00e1s\u00e1rolhat\u00f3, Eur\u00f3p\u00e1ra \u00f6sszpontos\u00edtva.<\/p>\n<p>K\u00e9rj\u00fck, vegye figyelembe, hogy a telep\u00edt\u00e9si utas\u00edt\u00e1sokat nem tartalmazza. Azonban nyugodtan \u00edrjon nek\u00fcnk, ha tov\u00e1bbi t\u00e1mogat\u00e1sra van sz\u00fcks\u00e9ge a telep\u00edt\u00e9ssel kapcsolatban, vagy b\u00e1rmilyen k\u00e9rd\u00e9se van a term\u00e9kkel kapcsolatban.<\/p>\n<p>**Fontos:** A list\u00e1n szerepl\u0151 fot\u00f3k a t\u00e9nylegesen megkapott term\u00e9kr\u0151l k\u00e9sz\u00fcltek, ami garant\u00e1lja, hogy a term\u00e9k \u00e1llapota megfelel a k\u00e9pen l\u00e1that\u00f3nak.<\/p>\n","protected":false},"excerpt":{"rendered":"<p>Dell Latitude E5530 DVD optikai meghajt\u00f3 (UJ8E1 0V6N3J) \u2013 Eredeti csereoptikai meghajt\u00f3. T\u00f6k\u00e9letes a hib\u00e1s vagy hi\u00e1nyz\u00f3 meghajt\u00f3 cser\u00e9j\u00e9hez, biztos\u00edtva a DVD-k z\u00f6kken\u0151mentes olvas\u00e1s\u00e1t \u00e9s \u00edr\u00e1s\u00e1t.<\/p>\n","protected":false},"featured_media":10251,"template":"","meta":[],"product_brand":[],"product_cat":[27],"product_tag":[17],"class_list":{"0":"post-10152","1":"product","2":"type-product","3":"status-publish","4":"has-post-thumbnail","6":"product_cat-motherboards-board-parts","7":"product_tag-dell","9":"first","10":"instock","11":"taxable","12":"shipping-taxable","13":"purchasable","14":"product-type-simple"},"_links":{"self":[{"href":"https:\/\/boreait.com\/hu\/wp-json\/wp\/v2\/product\/10152","targetHints":{"allow":["GET"]}}],"collection":[{"href":"https:\/\/boreait.com\/hu\/wp-json\/wp\/v2\/product"}],"about":[{"href":"https:\/\/boreait.com\/hu\/wp-json\/wp\/v2\/types\/product"}],"wp:featuredmedia":[{"embeddable":true,"href":"https:\/\/boreait.com\/hu\/wp-json\/wp\/v2\/media\/10251"}],"wp:attachment":[{"href":"https:\/\/boreait.com\/hu\/wp-json\/wp\/v2\/media?parent=10152"}],"wp:term":[{"taxonomy":"product_brand","embeddable":true,"href":"https:\/\/boreait.com\/hu\/wp-json\/wp\/v2\/product_brand?post=10152"},{"taxonomy":"product_cat","embeddable":true,"href":"https:\/\/boreait.com\/hu\/wp-json\/wp\/v2\/product_cat?post=10152"},{"taxonomy":"product_tag","embeddable":true,"href":"https:\/\/boreait.com\/hu\/wp-json\/wp\/v2\/product_tag?post=10152"}],"curies":[{"name":"wp","href":"https:\/\/api.w.org\/{rel}","templated":true}]}}