{"id":10144,"date":"2025-09-17T12:47:21","date_gmt":"2025-09-17T10:47:21","guid":{"rendered":"https:\/\/boreait.com\/hu\/?post_type=product&#038;p=10144"},"modified":"2025-09-17T12:51:09","modified_gmt":"2025-09-17T10:51:09","slug":"lenovo-thinkpad-t440s-billentyuzet-kulcscsere-eredeti-04y0891-0c02282","status":"publish","type":"product","link":"https:\/\/boreait.com\/hu\/termek\/lenovo-thinkpad-t440s-billentyuzet-kulcscsere-eredeti-04y0891-0c02282\/","title":{"rendered":"Lenovo ThinkPad T440s billenty\u0171zet kulcscsere \u2013 Eredeti (04Y0891, 0C02282)"},"content":{"rendered":"<p><strong>Megjegyz\u00e9s a vev\u0151nek:<\/strong> Ez az adatlap csak <strong>egyetlen billenty\u0171zetbillenty\u0171re<\/strong> vonatkozik. A zsan\u00e9r \u00e9s a kulcs b\u00fcty\u00f6k j\u00e1r hozz\u00e1. Az \u00f6sszes el\u00e9rhet\u0151 kulcs a list\u00e1ban tal\u00e1lhat\u00f3 k\u00e9pen l\u00e1that\u00f3. A kulcsot bor\u00edt\u00e9kban k\u00fcldik el csigapost\u00e1val. A rendel\u00e9s lead\u00e1sa ut\u00e1n k\u00e9rj\u00fck, k\u00fcldj\u00f6n \u00fczenetet, amelyben megadja, hogy melyik kulcsra vagy kulcsokra van sz\u00fcks\u00e9ge.<\/p>\n<p>Ez az eredeti cserekulcs a <strong>Lenovo ThinkPad T440s<\/strong> modellhez k\u00e9sz\u00fclt, \u00e9s t\u00e1mogatja a k\u00f6vetkez\u0151 cikksz\u00e1mokat: <strong>04Y0891<\/strong>, <strong>0C02282<\/strong>, <strong>5056570012511<\/strong> \u00e9s <strong>19514671. A billenty\u0171zet <strong>nem h\u00e1tt\u00e9rvil\u00e1g\u00edt\u00e1s\u00fa<\/strong>, \u00edgy ennek a modellnek a szok\u00e1sos cserelehet\u0151s\u00e9ge.<\/p>\n<p>Cser\u00e9lje ki a Lenovo ThinkPad T440s egyes billenty\u0171it egyszer\u0171en \u00e9s megfizethet\u0151 \u00e1ron, teljes billenty\u0171zet v\u00e1s\u00e1rl\u00e1sa n\u00e9lk\u00fcl.<\/p>\n","protected":false},"excerpt":{"rendered":"<p><strong>Ez a lista egyetlen billenty\u0171zetbillenty\u0171t tartalmaz.<\/strong> A csukl\u00f3p\u00e1nt \u00e9s a billenty\u0171b\u00fcty\u00f6k mell\u00e9kelve. Az \u00f6sszes el\u00e9rhet\u0151 kulcs l\u00e1that\u00f3 a list\u00e1s k\u00e9pen. A rendel\u00e9s lead\u00e1sa ut\u00e1n k\u00e9rj\u00fck, k\u00fcldje el nek\u00fcnk a k\u00edv\u00e1nt kulcs(oka)t. A kulcsot bor\u00edt\u00e9kban k\u00fcldik el csigapost\u00e1n.<\/p>\n","protected":false},"featured_media":10233,"template":"","meta":[],"product_brand":[],"product_cat":[24],"product_tag":[26],"class_list":{"0":"post-10144","1":"product","2":"type-product","3":"status-publish","4":"has-post-thumbnail","6":"product_cat-individual-keyboard-keys","7":"product_tag-lenovo","9":"first","10":"instock","11":"taxable","12":"shipping-taxable","13":"purchasable","14":"product-type-simple"},"_links":{"self":[{"href":"https:\/\/boreait.com\/hu\/wp-json\/wp\/v2\/product\/10144","targetHints":{"allow":["GET"]}}],"collection":[{"href":"https:\/\/boreait.com\/hu\/wp-json\/wp\/v2\/product"}],"about":[{"href":"https:\/\/boreait.com\/hu\/wp-json\/wp\/v2\/types\/product"}],"wp:featuredmedia":[{"embeddable":true,"href":"https:\/\/boreait.com\/hu\/wp-json\/wp\/v2\/media\/10233"}],"wp:attachment":[{"href":"https:\/\/boreait.com\/hu\/wp-json\/wp\/v2\/media?parent=10144"}],"wp:term":[{"taxonomy":"product_brand","embeddable":true,"href":"https:\/\/boreait.com\/hu\/wp-json\/wp\/v2\/product_brand?post=10144"},{"taxonomy":"product_cat","embeddable":true,"href":"https:\/\/boreait.com\/hu\/wp-json\/wp\/v2\/product_cat?post=10144"},{"taxonomy":"product_tag","embeddable":true,"href":"https:\/\/boreait.com\/hu\/wp-json\/wp\/v2\/product_tag?post=10144"}],"curies":[{"name":"wp","href":"https:\/\/api.w.org\/{rel}","templated":true}]}}