{"id":10129,"date":"2025-09-17T12:46:58","date_gmt":"2025-09-17T10:46:58","guid":{"rendered":"https:\/\/boreait.com\/hu\/?post_type=product&#038;p=10129"},"modified":"2025-09-17T12:50:15","modified_gmt":"2025-09-17T10:50:15","slug":"lenovo-thinkpad-t430-t530-x230-billentyuzet-billentyu-hattervilagitassal-04x1201-0c01980","status":"publish","type":"product","link":"https:\/\/boreait.com\/hu\/termek\/lenovo-thinkpad-t430-t530-x230-billentyuzet-billentyu-hattervilagitassal-04x1201-0c01980\/","title":{"rendered":"Lenovo ThinkPad T430\/T530\/X230 billenty\u0171zet billenty\u0171 &#8211; h\u00e1tt\u00e9rvil\u00e1g\u00edt\u00e1ssal (04X1201, 0C01980)"},"content":{"rendered":"<p><strong>Megjegyz\u00e9s a vev\u0151nek:<\/strong> Ez az adatlap csak <strong>egyetlen billenty\u0171zetbillenty\u0171re<\/strong> vonatkozik. A zsan\u00e9r \u00e9s a kulcs b\u00fcty\u00f6k j\u00e1r hozz\u00e1. Az \u00f6sszes el\u00e9rhet\u0151 kulcs a list\u00e1ban tal\u00e1lhat\u00f3 k\u00e9pen l\u00e1that\u00f3. A kulcsot bor\u00edt\u00e9kban k\u00fcldik el csigapost\u00e1val. A rendel\u00e9s lead\u00e1sa ut\u00e1n k\u00e9rj\u00fck, k\u00fcldj\u00f6n \u00fczenetet, amelyben megadja, hogy melyik kulcsra vagy kulcsokra van sz\u00fcks\u00e9ge.<\/p>\n<p>Ez a billenty\u0171zet billenty\u0171 kompatibilis a <strong>Lenovo ThinkPad T430, T430i, T430s, T530, X230, X230i, L430 \u00e9s L530 modellekkel<\/strong>. T\u00e1mogatja a <strong>04X1201<\/strong>, <strong>0706954975035<\/strong>, <strong>28006803739<\/strong> \u00e9s <strong>0C01980<\/strong> cikksz\u00e1mokat. A kulcs a <strong>h\u00e1tt\u00e9rvil\u00e1g\u00edt\u00e1s\u00fa<\/strong>, amely gyenge f\u00e9nyviszonyok mellett is biztos\u00edtja a l\u00e1that\u00f3s\u00e1got.<\/p>\n<p>Ide\u00e1lis a Lenovo ThinkPad billenty\u0171zet egyes billenty\u0171inek cser\u00e9j\u00e9hez an\u00e9lk\u00fcl, hogy teljes billenty\u0171zetcser\u00e9re lenne sz\u00fcks\u00e9g.<\/p>\n","protected":false},"excerpt":{"rendered":"<p><strong>Ez a lista egyetlen billenty\u0171zetbillenty\u0171t tartalmaz.<\/strong> A csukl\u00f3p\u00e1nt \u00e9s a billenty\u0171b\u00fcty\u00f6k mell\u00e9kelve. Az \u00f6sszes el\u00e9rhet\u0151 kulcs l\u00e1that\u00f3 a list\u00e1s k\u00e9pen. A rendel\u00e9s lead\u00e1sa ut\u00e1n k\u00e9rj\u00fck, k\u00fcldje el nek\u00fcnk a k\u00edv\u00e1nt kulcs(oka)t. A kulcsot bor\u00edt\u00e9kban k\u00fcldik el csigapost\u00e1n.<\/p>\n","protected":false},"featured_media":10221,"template":"","meta":[],"product_brand":[],"product_cat":[24],"product_tag":[26],"class_list":{"0":"post-10129","1":"product","2":"type-product","3":"status-publish","4":"has-post-thumbnail","6":"product_cat-individual-keyboard-keys","7":"product_tag-lenovo","9":"first","10":"instock","11":"taxable","12":"shipping-taxable","13":"purchasable","14":"product-type-simple"},"_links":{"self":[{"href":"https:\/\/boreait.com\/hu\/wp-json\/wp\/v2\/product\/10129","targetHints":{"allow":["GET"]}}],"collection":[{"href":"https:\/\/boreait.com\/hu\/wp-json\/wp\/v2\/product"}],"about":[{"href":"https:\/\/boreait.com\/hu\/wp-json\/wp\/v2\/types\/product"}],"wp:featuredmedia":[{"embeddable":true,"href":"https:\/\/boreait.com\/hu\/wp-json\/wp\/v2\/media\/10221"}],"wp:attachment":[{"href":"https:\/\/boreait.com\/hu\/wp-json\/wp\/v2\/media?parent=10129"}],"wp:term":[{"taxonomy":"product_brand","embeddable":true,"href":"https:\/\/boreait.com\/hu\/wp-json\/wp\/v2\/product_brand?post=10129"},{"taxonomy":"product_cat","embeddable":true,"href":"https:\/\/boreait.com\/hu\/wp-json\/wp\/v2\/product_cat?post=10129"},{"taxonomy":"product_tag","embeddable":true,"href":"https:\/\/boreait.com\/hu\/wp-json\/wp\/v2\/product_tag?post=10129"}],"curies":[{"name":"wp","href":"https:\/\/api.w.org\/{rel}","templated":true}]}}