{"id":10124,"date":"2025-09-17T12:46:57","date_gmt":"2025-09-17T10:46:57","guid":{"rendered":"https:\/\/boreait.com\/hu\/?post_type=product&#038;p=10124"},"modified":"2025-09-17T12:49:03","modified_gmt":"2025-09-17T10:49:03","slug":"hp-250-g3-255-g3-256-g3-15-r-15t-r100-compaq-15-h000-15-s000-billentyuzet-kulcscsere-pk1314d2a00-pk1314d2a22","status":"publish","type":"product","link":"https:\/\/boreait.com\/hu\/termek\/hp-250-g3-255-g3-256-g3-15-r-15t-r100-compaq-15-h000-15-s000-billentyuzet-kulcscsere-pk1314d2a00-pk1314d2a22\/","title":{"rendered":"HP 250 G3 255 G3 256 G3 15-r 15t-r100 Compaq 15-h000 15-s000 billenty\u0171zet kulcscsere (PK1314D2A00, PK1314D2A22)"},"content":{"rendered":"<p><strong>Megjegyz\u00e9s a vev\u0151nek:<\/strong> Ez az adatlap csak <strong>egyetlen billenty\u0171zetbillenty\u0171re<\/strong> vonatkozik. A zsan\u00e9r \u00e9s a kulcs b\u00fcty\u00f6k j\u00e1r hozz\u00e1. Az \u00f6sszes el\u00e9rhet\u0151 kulcs a list\u00e1ban tal\u00e1lhat\u00f3 k\u00e9pen l\u00e1that\u00f3. A kulcsot bor\u00edt\u00e9kban k\u00fcldik el csigapost\u00e1val. A rendel\u00e9s lead\u00e1sa ut\u00e1n k\u00e9rj\u00fck, k\u00fcldj\u00f6n \u00fczenetet, amelyben megadja, hogy melyik kulcsra vagy kulcsokra van sz\u00fcks\u00e9ge.<\/p>\n<p>Ez a billenty\u0171zet kompatibilis a HP 250 G3 255 G3 256 G3 15-r 15t-r100 Compaq 15-h000 15-s000 modellekkel, amelyek cikksz\u00e1ma: <strong>PK1314D2A00<\/strong>, <strong>741<\/strong>, &#8211; ba19658 <strong>PK1314D2A22<\/strong>, <strong>0661021866183<\/strong> \u00e9s <strong>25011057869<\/strong>. A billenty\u0171zet <strong>nincs h\u00e1tt\u00e9rvil\u00e1g\u00edt\u00e1ssal<\/strong>, \u00edgy a HP 15-e laptopok szabv\u00e1nyos helyettes\u00edt\u0151je.<\/p>\n<p>K\u00e9nyelmes \u00e9s k\u00f6lts\u00e9ghat\u00e9kony megold\u00e1s a HP 250 G3 255 G3 256 G3 15-r 15t-r100 Compaq 15-h000 15-s000 billenty\u0171zet egyes billenty\u0171inek cser\u00e9j\u00e9re.<\/p>\n","protected":false},"excerpt":{"rendered":"<p><strong>Ez a lista egyetlen billenty\u0171zetbillenty\u0171t tartalmaz.<\/strong> A csukl\u00f3p\u00e1nt \u00e9s a billenty\u0171b\u00fcty\u00f6k mell\u00e9kelve. Az \u00f6sszes el\u00e9rhet\u0151 kulcs l\u00e1that\u00f3 a list\u00e1s k\u00e9pen. A rendel\u00e9s lead\u00e1sa ut\u00e1n k\u00e9rj\u00fck, k\u00fcldje el nek\u00fcnk a k\u00edv\u00e1nt kulcs(oka)t. A kulcsot bor\u00edt\u00e9kban k\u00fcldik el csigapost\u00e1n.<\/p>\n","protected":false},"featured_media":10201,"template":"","meta":[],"product_brand":[],"product_cat":[24],"product_tag":[25],"class_list":{"0":"post-10124","1":"product","2":"type-product","3":"status-publish","4":"has-post-thumbnail","6":"product_cat-individual-keyboard-keys","7":"product_tag-hp","9":"first","10":"instock","11":"taxable","12":"shipping-taxable","13":"purchasable","14":"product-type-simple"},"_links":{"self":[{"href":"https:\/\/boreait.com\/hu\/wp-json\/wp\/v2\/product\/10124","targetHints":{"allow":["GET"]}}],"collection":[{"href":"https:\/\/boreait.com\/hu\/wp-json\/wp\/v2\/product"}],"about":[{"href":"https:\/\/boreait.com\/hu\/wp-json\/wp\/v2\/types\/product"}],"wp:featuredmedia":[{"embeddable":true,"href":"https:\/\/boreait.com\/hu\/wp-json\/wp\/v2\/media\/10201"}],"wp:attachment":[{"href":"https:\/\/boreait.com\/hu\/wp-json\/wp\/v2\/media?parent=10124"}],"wp:term":[{"taxonomy":"product_brand","embeddable":true,"href":"https:\/\/boreait.com\/hu\/wp-json\/wp\/v2\/product_brand?post=10124"},{"taxonomy":"product_cat","embeddable":true,"href":"https:\/\/boreait.com\/hu\/wp-json\/wp\/v2\/product_cat?post=10124"},{"taxonomy":"product_tag","embeddable":true,"href":"https:\/\/boreait.com\/hu\/wp-json\/wp\/v2\/product_tag?post=10124"}],"curies":[{"name":"wp","href":"https:\/\/api.w.org\/{rel}","templated":true}]}}