{"id":10122,"date":"2025-09-17T12:46:57","date_gmt":"2025-09-17T10:46:57","guid":{"rendered":"https:\/\/boreait.com\/hu\/?post_type=product&#038;p=10122"},"modified":"2025-09-17T12:48:49","modified_gmt":"2025-09-17T10:48:49","slug":"hp-compaq-6820-6820s-billentyuzet-billentyucsere-454220-001","status":"publish","type":"product","link":"https:\/\/boreait.com\/hu\/termek\/hp-compaq-6820-6820s-billentyuzet-billentyucsere-454220-001\/","title":{"rendered":"HP Compaq 6820\/6820s billenty\u0171zet billenty\u0171csere (454220-001)"},"content":{"rendered":"<p><strong>Megjegyz\u00e9s a vev\u0151nek:<\/strong> Ez az adatlap csak <strong>egyetlen billenty\u0171zetbillenty\u0171re<\/strong> vonatkozik. A zsan\u00e9r \u00e9s a kulcs b\u00fcty\u00f6k j\u00e1r hozz\u00e1. Az \u00f6sszes el\u00e9rhet\u0151 kulcs a list\u00e1ban tal\u00e1lhat\u00f3 k\u00e9pen l\u00e1that\u00f3. A kulcsot bor\u00edt\u00e9kban k\u00fcldik el csigapost\u00e1val. A rendel\u00e9s lead\u00e1sa ut\u00e1n k\u00e9rj\u00fck, k\u00fcldj\u00f6n \u00fczenetet, amelyben megadja, hogy melyik kulcsra vagy kulcsokra van sz\u00fcks\u00e9ge.<\/p>\n<p>Ez a billenty\u0171zet kompatibilis a <strong>HP Compaq 6820 \u00e9s 6820s<\/strong> modellekkel, amelyek a <strong>454220-001<\/strong> \u00e9s <strong>6037B0022323<\/strong> cikksz\u00e1mokat t\u00e1mogatj\u00e1k. Ez a billenty\u0171zet <strong>nem h\u00e1tt\u00e9rvil\u00e1g\u00edt\u00e1s\u00fa<\/strong>, \u00edgy szabv\u00e1nyos helyettes\u00edt\u0151je ezeknek a laptopmodelleknek.<\/p>\n<p>Ez a lehet\u0151s\u00e9g lehet\u0151v\u00e9 teszi az egyes billenty\u0171k megfizethet\u0151 \u00e9s hat\u00e9kony cser\u00e9j\u00e9t an\u00e9lk\u00fcl, hogy komplett billenty\u0171zetet kellene v\u00e1s\u00e1rolnia.<\/p>\n","protected":false},"excerpt":{"rendered":"<p><strong>Ez a lista egyetlen billenty\u0171zetbillenty\u0171t tartalmaz.<\/strong> A csukl\u00f3p\u00e1nt \u00e9s a billenty\u0171b\u00fcty\u00f6k mell\u00e9kelve. Az \u00f6sszes el\u00e9rhet\u0151 kulcs l\u00e1that\u00f3 a list\u00e1s k\u00e9pen. A rendel\u00e9s lead\u00e1sa ut\u00e1n k\u00e9rj\u00fck, k\u00fcldje el nek\u00fcnk a k\u00edv\u00e1nt kulcs(oka)t. A kulcsot bor\u00edt\u00e9kban k\u00fcldik el csigapost\u00e1n.<\/p>\n","protected":false},"featured_media":10190,"template":"","meta":[],"product_brand":[],"product_cat":[24],"product_tag":[25],"class_list":{"0":"post-10122","1":"product","2":"type-product","3":"status-publish","4":"has-post-thumbnail","6":"product_cat-individual-keyboard-keys","7":"product_tag-hp","9":"first","10":"instock","11":"taxable","12":"shipping-taxable","13":"purchasable","14":"product-type-simple"},"_links":{"self":[{"href":"https:\/\/boreait.com\/hu\/wp-json\/wp\/v2\/product\/10122","targetHints":{"allow":["GET"]}}],"collection":[{"href":"https:\/\/boreait.com\/hu\/wp-json\/wp\/v2\/product"}],"about":[{"href":"https:\/\/boreait.com\/hu\/wp-json\/wp\/v2\/types\/product"}],"wp:featuredmedia":[{"embeddable":true,"href":"https:\/\/boreait.com\/hu\/wp-json\/wp\/v2\/media\/10190"}],"wp:attachment":[{"href":"https:\/\/boreait.com\/hu\/wp-json\/wp\/v2\/media?parent=10122"}],"wp:term":[{"taxonomy":"product_brand","embeddable":true,"href":"https:\/\/boreait.com\/hu\/wp-json\/wp\/v2\/product_brand?post=10122"},{"taxonomy":"product_cat","embeddable":true,"href":"https:\/\/boreait.com\/hu\/wp-json\/wp\/v2\/product_cat?post=10122"},{"taxonomy":"product_tag","embeddable":true,"href":"https:\/\/boreait.com\/hu\/wp-json\/wp\/v2\/product_tag?post=10122"}],"curies":[{"name":"wp","href":"https:\/\/api.w.org\/{rel}","templated":true}]}}