{"id":10121,"date":"2025-09-17T12:46:57","date_gmt":"2025-09-17T10:46:57","guid":{"rendered":"https:\/\/boreait.com\/hu\/?post_type=product&#038;p=10121"},"modified":"2025-12-11T15:00:44","modified_gmt":"2025-12-11T14:00:44","slug":"acer-aspire-1670-3100-3600-sorozatu-billentyuzet-billentyucsere-nsk-h3m1f","status":"publish","type":"product","link":"https:\/\/boreait.com\/hu\/termek\/acer-aspire-1670-3100-3600-sorozatu-billentyuzet-billentyucsere-nsk-h3m1f\/","title":{"rendered":"Acer Aspire 1670\/3100\/3600 sorozat\u00fa billenty\u0171zet billenty\u0171csere (NSK-H3M1F)"},"content":{"rendered":"<p><strong>Megjegyz\u00e9s a vev\u0151nek:<\/strong> Ez az adatlap csak <strong>egyetlen billenty\u0171zetbillenty\u0171re<\/strong> vonatkozik. A zsan\u00e9r \u00e9s a kulcs b\u00fcty\u00f6k j\u00e1r hozz\u00e1. Az \u00f6sszes el\u00e9rhet\u0151 kulcs a list\u00e1ban tal\u00e1lhat\u00f3 k\u00e9pen l\u00e1that\u00f3. A kulcsot bor\u00edt\u00e9kban k\u00fcldik el csigapost\u00e1val. A rendel\u00e9s lead\u00e1sa ut\u00e1n k\u00e9rj\u00fck, k\u00fcldj\u00f6n \u00fczenetet, amelyben megadja, hogy melyik kulcsra vagy kulcsokra van sz\u00fcks\u00e9ge.<\/p>\n<p>Ez a billenty\u0171zet kompatibilis az Acer Aspire <strong>1670, 3100, 3030, 3600, 3650, 3690, 5630, 5650, 5680, 9110 \u00e9s 9120<\/strong> Acer Aspire modelljeivel, amelyek a k\u00f6vetkez\u0151 cikksz\u00e1mmal rendelkeznek: <strong>NSK-H<\/strong>3M.1M.1M. Ez a billenty\u0171zet <strong>nem h\u00e1tt\u00e9rvil\u00e1g\u00edt\u00e1s\u00fa<\/strong>, \u00edgy szabv\u00e1nyos helyettes\u00edt\u0151je ezeknek a laptopmodelleknek.<\/p>\n<p>Ide\u00e1lis megold\u00e1s azok sz\u00e1m\u00e1ra, akik egyedi billenty\u0171ket szeretn\u00e9nek kicser\u00e9lni an\u00e9lk\u00fcl, hogy teljes billenty\u0171zetcser\u00e9re lenne sz\u00fcks\u00e9g\u00fck.<\/p>\n","protected":false},"excerpt":{"rendered":"<p><strong>Ez a lista egyetlen billenty\u0171zetbillenty\u0171t tartalmaz.<\/strong> A csukl\u00f3p\u00e1nt \u00e9s a billenty\u0171b\u00fcty\u00f6k mell\u00e9kelve. Az \u00f6sszes el\u00e9rhet\u0151 kulcs l\u00e1that\u00f3 a list\u00e1s k\u00e9pen. A rendel\u00e9s lead\u00e1sa ut\u00e1n k\u00e9rj\u00fck, k\u00fcldje el nek\u00fcnk a k\u00edv\u00e1nt kulcs(oka)t. A kulcsot bor\u00edt\u00e9kban k\u00fcldik el csigapost\u00e1n.<\/p>\n","protected":false},"featured_media":13258,"template":"","meta":[],"product_brand":[],"product_cat":[24],"product_tag":[25],"class_list":{"0":"post-10121","1":"product","2":"type-product","3":"status-publish","4":"has-post-thumbnail","6":"product_cat-individual-keyboard-keys","7":"product_tag-hp","9":"first","10":"instock","11":"taxable","12":"shipping-taxable","13":"purchasable","14":"product-type-simple"},"_links":{"self":[{"href":"https:\/\/boreait.com\/hu\/wp-json\/wp\/v2\/product\/10121","targetHints":{"allow":["GET"]}}],"collection":[{"href":"https:\/\/boreait.com\/hu\/wp-json\/wp\/v2\/product"}],"about":[{"href":"https:\/\/boreait.com\/hu\/wp-json\/wp\/v2\/types\/product"}],"wp:featuredmedia":[{"embeddable":true,"href":"https:\/\/boreait.com\/hu\/wp-json\/wp\/v2\/media\/13258"}],"wp:attachment":[{"href":"https:\/\/boreait.com\/hu\/wp-json\/wp\/v2\/media?parent=10121"}],"wp:term":[{"taxonomy":"product_brand","embeddable":true,"href":"https:\/\/boreait.com\/hu\/wp-json\/wp\/v2\/product_brand?post=10121"},{"taxonomy":"product_cat","embeddable":true,"href":"https:\/\/boreait.com\/hu\/wp-json\/wp\/v2\/product_cat?post=10121"},{"taxonomy":"product_tag","embeddable":true,"href":"https:\/\/boreait.com\/hu\/wp-json\/wp\/v2\/product_tag?post=10121"}],"curies":[{"name":"wp","href":"https:\/\/api.w.org\/{rel}","templated":true}]}}