{"id":10112,"date":"2025-09-17T12:46:56","date_gmt":"2025-09-17T10:46:56","guid":{"rendered":"https:\/\/boreait.com\/hu\/?post_type=product&#038;p=10112"},"modified":"2025-09-17T12:47:27","modified_gmt":"2025-09-17T10:47:27","slug":"hp-pavilion-dv6000-sorozatu-billentyuzet-billentyucsere-aeat1p00110-nem-hattervilagitassal","status":"publish","type":"product","link":"https:\/\/boreait.com\/hu\/termek\/hp-pavilion-dv6000-sorozatu-billentyuzet-billentyucsere-aeat1p00110-nem-hattervilagitassal\/","title":{"rendered":"HP Pavilion DV6000 sorozat\u00fa billenty\u0171zet billenty\u0171csere AEAT1P00110 nem h\u00e1tt\u00e9rvil\u00e1g\u00edt\u00e1ssal"},"content":{"rendered":"<p><strong>Megjegyz\u00e9s a vev\u0151nek:<\/strong> Ez a lista egyetlen, nem h\u00e1tt\u00e9rvil\u00e1g\u00edt\u00e1ssal rendelkez\u0151 billenty\u0171zetbillenty\u0171t tartalmaz, amely kompatibilis a HP Pavilion DV6000 sorozat\u00fa modellekkel. A zsan\u00e9r \u00e9s a kulcs b\u00fcty\u00f6k j\u00e1r hozz\u00e1. Az \u00f6sszes el\u00e9rhet\u0151 kulcs a list\u00e1ban tal\u00e1lhat\u00f3 k\u00e9pen l\u00e1that\u00f3. A rendel\u00e9s lead\u00e1sa ut\u00e1n k\u00fcldj\u00f6n nek\u00fcnk egy \u00fczenetet, hogy tudja, melyik kulcs(ok)ra van sz\u00fcks\u00e9ge. A kulcsot bor\u00edt\u00e9kban k\u00fcldik el csigapost\u00e1n.<\/p>\n<p>Kompatibilis cikksz\u00e1mok: 441427-001 431414-001 431415-001<\/p>\n<p>N\u00e9h\u00e1ny kompatibilis modell: DV6000 DV6100 DV6200 DV6500 DV6700<\/p>\n<p>Ez a cserekulcs kompatibilis az AEAT1P00110 cikksz\u00e1mmal, amelyet arra terveztek, hogy helyre\u00e1ll\u00edtsa a HP Pavilion DV6000 sorozat\u00fa billenty\u0171zete m\u0171k\u00f6d\u00e9s\u00e9t \u00e9s megjelen\u00e9s\u00e9t.<\/p>\n","protected":false},"excerpt":{"rendered":"<p>Ez a lista a HP Pavilion DV6000 sorozat egyetlen, nem h\u00e1tt\u00e9rvil\u00e1g\u00edt\u00e1s\u00fa billenty\u0171zetbillenty\u0171j\u00e9re vonatkozik. Kompatibilis az AEAT1P00110 cikksz\u00e1mmal. V\u00e1s\u00e1rl\u00e1s ut\u00e1n \u00edrjon nek\u00fcnk, hogy megadjuk a sz\u00fcks\u00e9ges kulcsot. Tartalmazza a csukl\u00f3p\u00e1ntot \u00e9s a kulcstart\u00f3t. Csigapost\u00e1val sz\u00e1ll\u00edtjuk.<\/p>\n<p>&nbsp;<\/p>\n","protected":false},"featured_media":10154,"template":"","meta":[],"product_brand":[],"product_cat":[24],"product_tag":[25],"class_list":{"0":"post-10112","1":"product","2":"type-product","3":"status-publish","4":"has-post-thumbnail","6":"product_cat-individual-keyboard-keys","7":"product_tag-hp","9":"first","10":"instock","11":"taxable","12":"shipping-taxable","13":"purchasable","14":"product-type-simple"},"_links":{"self":[{"href":"https:\/\/boreait.com\/hu\/wp-json\/wp\/v2\/product\/10112","targetHints":{"allow":["GET"]}}],"collection":[{"href":"https:\/\/boreait.com\/hu\/wp-json\/wp\/v2\/product"}],"about":[{"href":"https:\/\/boreait.com\/hu\/wp-json\/wp\/v2\/types\/product"}],"wp:featuredmedia":[{"embeddable":true,"href":"https:\/\/boreait.com\/hu\/wp-json\/wp\/v2\/media\/10154"}],"wp:attachment":[{"href":"https:\/\/boreait.com\/hu\/wp-json\/wp\/v2\/media?parent=10112"}],"wp:term":[{"taxonomy":"product_brand","embeddable":true,"href":"https:\/\/boreait.com\/hu\/wp-json\/wp\/v2\/product_brand?post=10112"},{"taxonomy":"product_cat","embeddable":true,"href":"https:\/\/boreait.com\/hu\/wp-json\/wp\/v2\/product_cat?post=10112"},{"taxonomy":"product_tag","embeddable":true,"href":"https:\/\/boreait.com\/hu\/wp-json\/wp\/v2\/product_tag?post=10112"}],"curies":[{"name":"wp","href":"https:\/\/api.w.org\/{rel}","templated":true}]}}