{"id":10111,"date":"2025-09-17T12:46:56","date_gmt":"2025-09-17T10:46:56","guid":{"rendered":"https:\/\/boreait.com\/hu\/?post_type=product&#038;p=10111"},"modified":"2025-09-17T12:47:18","modified_gmt":"2025-09-17T10:47:18","slug":"toshiba-satellite-a300-201-billentyuzet-billentyucsere-9j-n9082-j0g-nem-hattervilagitassal","status":"publish","type":"product","link":"https:\/\/boreait.com\/hu\/termek\/toshiba-satellite-a300-201-billentyuzet-billentyucsere-9j-n9082-j0g-nem-hattervilagitassal\/","title":{"rendered":"Toshiba Satellite A300-201 billenty\u0171zet billenty\u0171csere 9J.N9082.J0G, nem h\u00e1tt\u00e9rvil\u00e1g\u00edt\u00e1ssal"},"content":{"rendered":"<p><strong>Megjegyz\u00e9s a vev\u0151nek:<\/strong> Ez a lista egyetlen, nem h\u00e1tt\u00e9rvil\u00e1g\u00edt\u00e1s\u00fa billenty\u0171zet-billenty\u0171t tartalmaz, amely kompatibilis a Toshiba Satellite A300-201 modellekkel. A zsan\u00e9r \u00e9s a kulcs b\u00fcty\u00f6k j\u00e1r hozz\u00e1. Az \u00f6sszes el\u00e9rhet\u0151 kulcs a list\u00e1ban tal\u00e1lhat\u00f3 k\u00e9pen l\u00e1that\u00f3. A rendel\u00e9s lead\u00e1sa ut\u00e1n k\u00fcldj\u00f6n nek\u00fcnk \u00fczenetet, amelyben megadja, melyik kulcs(ok)ra van sz\u00fcks\u00e9ge. A kulcsot bor\u00edt\u00e9kban k\u00fcldik el csigapost\u00e1n.<\/p>\n<p>Ez a cserekulcs kompatibilis a 9J.N9082.J0G \u00e9s 9J.N9082.E1J cikksz\u00e1m\u00fa cikkekkel, amelyek c\u00e9lja a Toshiba Satellite A300-201 billenty\u0171zet m\u0171k\u00f6d\u0151k\u00e9pess\u00e9g\u00e9nek \u00e9s megjelen\u00e9s\u00e9nek helyre\u00e1ll\u00edt\u00e1sa.<\/p>\n","protected":false},"excerpt":{"rendered":"<p>Ez a lista egyetlen, h\u00e1tt\u00e9rvil\u00e1g\u00edt\u00e1s n\u00e9lk\u00fcli billenty\u0171zetbillenty\u0171re vonatkozik a Toshiba Satellite A300-201 modellekhez. Kompatibilis a 9J.N9082.J0G \u00e9s 9J.N9082.E1J cikksz\u00e1mmal. V\u00e1s\u00e1rl\u00e1s ut\u00e1n \u00edrjon nek\u00fcnk, hogy megadjuk a sz\u00fcks\u00e9ges kulcsot. Tartalmazza a csukl\u00f3p\u00e1ntot \u00e9s a kulcstart\u00f3t. Csigapost\u00e1val sz\u00e1ll\u00edtjuk.<\/p>\n","protected":false},"featured_media":10139,"template":"","meta":[],"product_brand":[],"product_cat":[24],"product_tag":[34],"class_list":{"0":"post-10111","1":"product","2":"type-product","3":"status-publish","4":"has-post-thumbnail","6":"product_cat-individual-keyboard-keys","7":"product_tag-toshiba","9":"first","10":"instock","11":"taxable","12":"shipping-taxable","13":"purchasable","14":"product-type-simple"},"_links":{"self":[{"href":"https:\/\/boreait.com\/hu\/wp-json\/wp\/v2\/product\/10111","targetHints":{"allow":["GET"]}}],"collection":[{"href":"https:\/\/boreait.com\/hu\/wp-json\/wp\/v2\/product"}],"about":[{"href":"https:\/\/boreait.com\/hu\/wp-json\/wp\/v2\/types\/product"}],"wp:featuredmedia":[{"embeddable":true,"href":"https:\/\/boreait.com\/hu\/wp-json\/wp\/v2\/media\/10139"}],"wp:attachment":[{"href":"https:\/\/boreait.com\/hu\/wp-json\/wp\/v2\/media?parent=10111"}],"wp:term":[{"taxonomy":"product_brand","embeddable":true,"href":"https:\/\/boreait.com\/hu\/wp-json\/wp\/v2\/product_brand?post=10111"},{"taxonomy":"product_cat","embeddable":true,"href":"https:\/\/boreait.com\/hu\/wp-json\/wp\/v2\/product_cat?post=10111"},{"taxonomy":"product_tag","embeddable":true,"href":"https:\/\/boreait.com\/hu\/wp-json\/wp\/v2\/product_tag?post=10111"}],"curies":[{"name":"wp","href":"https:\/\/api.w.org\/{rel}","templated":true}]}}