{"id":10109,"date":"2025-09-17T12:46:55","date_gmt":"2025-09-17T10:46:55","guid":{"rendered":"https:\/\/boreait.com\/hu\/?post_type=product&#038;p=10109"},"modified":"2025-09-17T12:47:09","modified_gmt":"2025-09-17T10:47:09","slug":"dell-latitude-e5440-billentyuzet-kulcscsere-sn7223-0y4h14-nem-hattervilagitassal","status":"publish","type":"product","link":"https:\/\/boreait.com\/hu\/termek\/dell-latitude-e5440-billentyuzet-kulcscsere-sn7223-0y4h14-nem-hattervilagitassal\/","title":{"rendered":"Dell Latitude E5440 billenty\u0171zet kulcscsere SN7223 0Y4H14 nem h\u00e1tt\u00e9rvil\u00e1g\u00edt\u00e1ssal"},"content":{"rendered":"<p><strong>Megjegyz\u00e9s a vev\u0151nek:<\/strong> Ez a lista egyetlen, nem h\u00e1tt\u00e9rvil\u00e1g\u00edt\u00e1s\u00fa billenty\u0171zetbillenty\u0171t tartalmaz, amely kompatibilis a Dell Latitude E5440 modellekkel. A zsan\u00e9r \u00e9s a kulcs b\u00fcty\u00f6k j\u00e1r hozz\u00e1. Az \u00f6sszes el\u00e9rhet\u0151 kulcs a list\u00e1ban tal\u00e1lhat\u00f3 k\u00e9pen l\u00e1that\u00f3. A rendel\u00e9s lead\u00e1sa ut\u00e1n k\u00fcldj\u00f6n nek\u00fcnk \u00fczenetet, amelyben megadja, melyik kulcs(ok)ra van sz\u00fcks\u00e9ge. A kulcsot bor\u00edt\u00e9kban k\u00fcldik el csigapost\u00e1n.<\/p>\n<p>Ez a cserekulcs kompatibilis az SN7223 \u00e9s PK130WQ4A19 cikksz\u00e1m\u00fa cikkekkel, amelyek c\u00e9lja, hogy t\u00f6k\u00e9letesen helyre\u00e1ll\u00edtsa Dell Latitude E5440 billenty\u0171zete m\u0171k\u00f6d\u00e9s\u00e9t \u00e9s megjelen\u00e9s\u00e9t.<\/p>\n","protected":false},"excerpt":{"rendered":"<p>Ez a lista egyetlen, h\u00e1tt\u00e9rvil\u00e1g\u00edt\u00e1s n\u00e9lk\u00fcli billenty\u0171zetbillenty\u0171re vonatkozik a Dell Latitude E5440 modellekhez. Kompatibilis az SN7223 \u00e9s PK130WQ4A19 cikksz\u00e1mokkal. V\u00e1s\u00e1rl\u00e1s ut\u00e1n \u00edrjon nek\u00fcnk, hogy megadjuk a sz\u00fcks\u00e9ges kulcsot. Tartalmazza a csukl\u00f3p\u00e1ntot \u00e9s a kulcstart\u00f3t. Csigapost\u00e1val sz\u00e1ll\u00edtjuk.<\/p>\n","protected":false},"featured_media":10133,"template":"","meta":[],"product_brand":[],"product_cat":[24],"product_tag":[17],"class_list":{"0":"post-10109","1":"product","2":"type-product","3":"status-publish","4":"has-post-thumbnail","6":"product_cat-individual-keyboard-keys","7":"product_tag-dell","9":"first","10":"instock","11":"taxable","12":"shipping-taxable","13":"purchasable","14":"product-type-simple"},"_links":{"self":[{"href":"https:\/\/boreait.com\/hu\/wp-json\/wp\/v2\/product\/10109","targetHints":{"allow":["GET"]}}],"collection":[{"href":"https:\/\/boreait.com\/hu\/wp-json\/wp\/v2\/product"}],"about":[{"href":"https:\/\/boreait.com\/hu\/wp-json\/wp\/v2\/types\/product"}],"wp:featuredmedia":[{"embeddable":true,"href":"https:\/\/boreait.com\/hu\/wp-json\/wp\/v2\/media\/10133"}],"wp:attachment":[{"href":"https:\/\/boreait.com\/hu\/wp-json\/wp\/v2\/media?parent=10109"}],"wp:term":[{"taxonomy":"product_brand","embeddable":true,"href":"https:\/\/boreait.com\/hu\/wp-json\/wp\/v2\/product_brand?post=10109"},{"taxonomy":"product_cat","embeddable":true,"href":"https:\/\/boreait.com\/hu\/wp-json\/wp\/v2\/product_cat?post=10109"},{"taxonomy":"product_tag","embeddable":true,"href":"https:\/\/boreait.com\/hu\/wp-json\/wp\/v2\/product_tag?post=10109"}],"curies":[{"name":"wp","href":"https:\/\/api.w.org\/{rel}","templated":true}]}}