{"id":10108,"date":"2025-09-17T12:46:55","date_gmt":"2025-09-17T10:46:55","guid":{"rendered":"https:\/\/boreait.com\/hu\/?post_type=product&#038;p=10108"},"modified":"2025-09-17T12:47:04","modified_gmt":"2025-09-17T10:47:04","slug":"dell-latitude-e5450-e5470-e7470-e7450-hattervilagitasu-billentyuzet-billentyu-csere","status":"publish","type":"product","link":"https:\/\/boreait.com\/hu\/termek\/dell-latitude-e5450-e5470-e7470-e7450-hattervilagitasu-billentyuzet-billentyu-csere\/","title":{"rendered":"Dell Latitude E5450 E5470 E7470 E7450 h\u00e1tt\u00e9rvil\u00e1g\u00edt\u00e1s\u00fa billenty\u0171zet billenty\u0171 csere"},"content":{"rendered":"<p><strong>Megjegyz\u00e9s a vev\u0151nek:<\/strong> Ez a lista egyetlen h\u00e1tt\u00e9rvil\u00e1g\u00edt\u00e1s\u00fa billenty\u0171zetbillenty\u0171t tartalmaz, amely kompatibilis a Dell Latitude E5450, E5470, E7470 \u00e9s E7450 modellekkel. A zsan\u00e9r \u00e9s a kulcs b\u00fcty\u00f6k j\u00e1r hozz\u00e1. Az \u00f6sszes el\u00e9rhet\u0151 kulcs megtekint\u00e9s\u00e9hez tekintse meg a list\u00e1ban tal\u00e1lhat\u00f3 k\u00e9pet. A rendel\u00e9s lead\u00e1sa ut\u00e1n k\u00fcldj\u00f6n nek\u00fcnk egy \u00fczenetet, hogy tudja, melyik kulcs(ok)ra van sz\u00fcks\u00e9ge. A kulcsot bor\u00edt\u00e9kban k\u00fcldik el csigapost\u00e1n.<\/p>\n<p>Ez a h\u00e1tt\u00e9rvil\u00e1g\u00edt\u00e1s\u00fa billenty\u0171zetcsere kompatibilis a PK1313D2B13 \u00e9s 0W93F7 cikksz\u00e1mokkal, \u00e9s t\u00f6k\u00e9letes a Dell laptop billenty\u0171zet\u00e9nek funkcionalit\u00e1s\u00e1nak \u00e9s eszt\u00e9tik\u00e1j\u00e1nak helyre\u00e1ll\u00edt\u00e1s\u00e1hoz.<\/p>\n","protected":false},"excerpt":{"rendered":"<p>Ez a lista egyetlen h\u00e1tt\u00e9rvil\u00e1g\u00edt\u00e1s\u00fa billenty\u0171zetbillenty\u0171re vonatkozik a Dell Latitude E5450, E5470, E7470 \u00e9s E7450 modellekhez. Kompatibilis cikksz\u00e1mok: PK1313D2B13 \u00e9s 0W93F7. V\u00e1s\u00e1rl\u00e1s ut\u00e1n \u00edrjon nek\u00fcnk, hogy megadjuk a sz\u00fcks\u00e9ges kulcsot. Tartalmazza a csukl\u00f3p\u00e1ntot \u00e9s a kulcstart\u00f3t. Csigapost\u00e1val sz\u00e1ll\u00edtjuk.<\/p>\n","protected":false},"featured_media":10130,"template":"","meta":[],"product_brand":[],"product_cat":[24],"product_tag":[17],"class_list":{"0":"post-10108","1":"product","2":"type-product","3":"status-publish","4":"has-post-thumbnail","6":"product_cat-individual-keyboard-keys","7":"product_tag-dell","9":"first","10":"instock","11":"taxable","12":"shipping-taxable","13":"purchasable","14":"product-type-simple"},"_links":{"self":[{"href":"https:\/\/boreait.com\/hu\/wp-json\/wp\/v2\/product\/10108","targetHints":{"allow":["GET"]}}],"collection":[{"href":"https:\/\/boreait.com\/hu\/wp-json\/wp\/v2\/product"}],"about":[{"href":"https:\/\/boreait.com\/hu\/wp-json\/wp\/v2\/types\/product"}],"wp:featuredmedia":[{"embeddable":true,"href":"https:\/\/boreait.com\/hu\/wp-json\/wp\/v2\/media\/10130"}],"wp:attachment":[{"href":"https:\/\/boreait.com\/hu\/wp-json\/wp\/v2\/media?parent=10108"}],"wp:term":[{"taxonomy":"product_brand","embeddable":true,"href":"https:\/\/boreait.com\/hu\/wp-json\/wp\/v2\/product_brand?post=10108"},{"taxonomy":"product_cat","embeddable":true,"href":"https:\/\/boreait.com\/hu\/wp-json\/wp\/v2\/product_cat?post=10108"},{"taxonomy":"product_tag","embeddable":true,"href":"https:\/\/boreait.com\/hu\/wp-json\/wp\/v2\/product_tag?post=10108"}],"curies":[{"name":"wp","href":"https:\/\/api.w.org\/{rel}","templated":true}]}}