{"id":10096,"date":"2025-09-17T12:46:43","date_gmt":"2025-09-17T10:46:43","guid":{"rendered":"https:\/\/boreait.com\/hu\/?post_type=product&#038;p=10096"},"modified":"2025-09-17T12:46:51","modified_gmt":"2025-09-17T10:46:51","slug":"hp-victus-16-d1213tx-16-d1225tx-lcd-161-fhd-ips-edp-30-tus-matt-uj","status":"publish","type":"product","link":"https:\/\/boreait.com\/hu\/termek\/hp-victus-16-d1213tx-16-d1225tx-lcd-161-fhd-ips-edp-30-tus-matt-uj\/","title":{"rendered":"HP Victus 16-d1213tx 16-d1225tx LCD 16,1&#8243; FHD IPS eDP 30 t\u0171s matt \u00faj"},"content":{"rendered":"<p><strong>T\u00e9nyleges LCD-k\u00e9perny\u0151s modell: N161HCA-EA3 Rev. c2 \u2013 TELJESEN KOMPATIBILIS A HP Victus 16-d1213tx, 16-d1225tx LAPTOP K\u00c9PERNY\u0150J\u00c9VEL<\/strong><\/p>\n<p>Fokozza HP Victus 16-d1213tx vagy 16-d1225tx laptopja kijelz\u0151j\u00e9t ezzel a kiv\u00e1l\u00f3 min\u0151s\u00e9g\u0171 16,1&#8243;-es LCD-k\u00e9perny\u0151vel. Ez a cserek\u00e9perny\u0151 Full HD (1920&#215;1080) felbont\u00e1st k\u00edn\u00e1l IPS technol\u00f3gi\u00e1val, vil\u00e1gos, \u00e9l\u00e9nk sz\u00edneket \u00e9s sz\u00e9les betekint\u00e9si sz\u00f6geket biztos\u00edtva. A matt fel\u00fclet minimaliz\u00e1lja a k\u00fcl\u00f6nf\u00e9le k\u00e1pr\u00e1z\u00e1sokat.<\/p>\n<p>Ez a TFT LCD-k\u00e9perny\u0151 30 t\u0171s eDP-csatlakoz\u00f3val van felszerelve a stabil teljes\u00edtm\u00e9ny \u00e9s a sima k\u00e9pmegjelen\u00edt\u00e9s \u00e9rdek\u00e9ben. A beszerel\u00e9s probl\u00e9mamentes a mell\u00e9kelt k\u00e9toldalas \u00f6ntapad\u00f3 szalag seg\u00edts\u00e9g\u00e9vel. Legyen sz\u00f3 s\u00e9r\u00fclt k\u00e9perny\u0151 cser\u00e9j\u00e9r\u0151l vagy a jobb l\u00e1tv\u00e1ny \u00e9rdek\u00e9ben t\u00f6rt\u00e9n\u0151 friss\u00edt\u00e9sr\u0151l, ez a k\u00e9perny\u0151 t\u00f6k\u00e9letesen illeszkedik HP Victus laptopj\u00e1hoz.<\/p>\n<p>K\u00e9rj\u00fck, vegye figyelembe, hogy ehhez a k\u00e9perny\u0151h\u00f6z nem tartozik fels\u0151 vagy als\u00f3 z\u00e1r\u00f3jel. Teljesen \u00fajszer\u0171 \u00e1llapotban, garant\u00e1ltan hib\u00e1tlan, beszerel\u00e9sre k\u00e9sz term\u00e9ket.<\/p>\n","protected":false},"excerpt":{"rendered":"<p>Friss\u00edtse HP Victus 16-d1213tx vagy 16-d1225tx laptopj\u00e1t 16,1&#8243;-es matt FHD IPS LCD-k\u00e9perny\u0151vel. Az eDP 30 t\u0171s csatlakoz\u00e1ssal, \u00e9les k\u00e9pet biztos\u00edt sz\u00e9les l\u00e1t\u00f3sz\u00f6ggel. K\u00e9toldalas \u00f6ntapad\u00f3 szalagot tartalmaz a k\u00f6nny\u0171 telep\u00edt\u00e9s \u00e9rdek\u00e9ben. \u00c1llapot: \u00daj.<\/p>\n","protected":false},"featured_media":10098,"template":"","meta":[],"product_brand":[],"product_cat":[83,71],"product_tag":[],"class_list":{"0":"post-10096","1":"product","2":"type-product","3":"status-publish","4":"has-post-thumbnail","6":"product_cat-16-1","7":"product_cat-new-laptop-screens-lcd-panels","9":"first","10":"instock","11":"taxable","12":"shipping-taxable","13":"purchasable","14":"product-type-simple"},"_links":{"self":[{"href":"https:\/\/boreait.com\/hu\/wp-json\/wp\/v2\/product\/10096","targetHints":{"allow":["GET"]}}],"collection":[{"href":"https:\/\/boreait.com\/hu\/wp-json\/wp\/v2\/product"}],"about":[{"href":"https:\/\/boreait.com\/hu\/wp-json\/wp\/v2\/types\/product"}],"wp:featuredmedia":[{"embeddable":true,"href":"https:\/\/boreait.com\/hu\/wp-json\/wp\/v2\/media\/10098"}],"wp:attachment":[{"href":"https:\/\/boreait.com\/hu\/wp-json\/wp\/v2\/media?parent=10096"}],"wp:term":[{"taxonomy":"product_brand","embeddable":true,"href":"https:\/\/boreait.com\/hu\/wp-json\/wp\/v2\/product_brand?post=10096"},{"taxonomy":"product_cat","embeddable":true,"href":"https:\/\/boreait.com\/hu\/wp-json\/wp\/v2\/product_cat?post=10096"},{"taxonomy":"product_tag","embeddable":true,"href":"https:\/\/boreait.com\/hu\/wp-json\/wp\/v2\/product_tag?post=10096"}],"curies":[{"name":"wp","href":"https:\/\/api.w.org\/{rel}","templated":true}]}}