{"id":10095,"date":"2025-09-17T12:46:42","date_gmt":"2025-09-17T10:46:42","guid":{"rendered":"https:\/\/boreait.com\/hu\/?post_type=product&#038;p=10095"},"modified":"2025-09-17T12:46:51","modified_gmt":"2025-09-17T10:46:51","slug":"hp-victus-16-d1176tx-16-d1128tx-lcd-161-fhd-ips-30-tus-matt-uj","status":"publish","type":"product","link":"https:\/\/boreait.com\/hu\/termek\/hp-victus-16-d1176tx-16-d1128tx-lcd-161-fhd-ips-30-tus-matt-uj\/","title":{"rendered":"HP Victus 16-d1176tx 16-d1128tx LCD 16,1&#8243; FHD IPS 30 t\u0171s matt \u00daj"},"content":{"rendered":"<p><strong>T\u00e9nyleges LCD-k\u00e9perny\u0151s modell: N161HCA-EA3 Rev. c2 \u2013 TELJESEN KOMPATIBILIS A HP Victus 16-d1176tx, 16-d1128tx LAPTOP K\u00c9PERNY\u0150J\u00c9VEL<\/strong><\/p>\n<p>Fokozza a HP Victus 16-d1176tx \u00e9s 16-d1128tx laptopok kijelz\u0151j\u00e9t ezzel a kiv\u00e1l\u00f3 min\u0151s\u00e9g\u0171 16,1&#8243;-es LCD-k\u00e9perny\u0151vel. Full HD felbont\u00e1ssal (1920&#215;1080) ez az IPS-k\u00e9perny\u0151 \u00e9les, \u00e9l\u00e9nk l\u00e1tv\u00e1nyt ny\u00fajt, kiv\u00e1l\u00f3 sz\u00ednpontoss\u00e1ggal \u00e9s sz\u00e9les l\u00e1t\u00f3sz\u00f6ggel.<\/p>\n<p>A k\u00e9perny\u0151n egy 30 t\u0171s eDP csatlakoz\u00f3 tal\u00e1lhat\u00f3 a megb\u00edzhat\u00f3 csatlakoz\u00e1s \u00e9rdek\u00e9ben, a k\u00e9toldalas \u00f6ntapad\u00f3 szalag pedig leegyszer\u0171s\u00edti a telep\u00edt\u00e9si folyamatot. K\u00e9rj\u00fck, vegye figyelembe, hogy ezt a k\u00e9perny\u0151t a fels\u0151 \u00e9s az als\u00f3 tart\u00f3 n\u00e9lk\u00fcl \u00e9rt\u00e9kes\u00edtik. Teljesen \u00faj \u00e1llapotban van, \u00edgy hib\u00e1tlan term\u00e9ket kap, amely k\u00e9szen \u00e1ll a laptop \u00e9lm\u00e9ny\u00e9nek jav\u00edt\u00e1s\u00e1ra.<\/p>\n","protected":false},"excerpt":{"rendered":"<p>Friss\u00edtse HP Victus 16-d1176tx \u00e9s 16-d1128tx k\u00e9sz\u00fcl\u00e9k\u00e9t 16,1&#8243;-es FHD IPS matt LCD-k\u00e9perny\u0151vel. 30 t\u0171s eDP csatlakoz\u00e1ssal \u00e9s k\u00e9toldalas ragaszt\u00f3szalaggal az egyszer\u0171 telep\u00edt\u00e9s \u00e9rdek\u00e9ben. \u00c1llapot: \u00daj.<\/p>\n","protected":false},"featured_media":10098,"template":"","meta":[],"product_brand":[],"product_cat":[83,71],"product_tag":[],"class_list":{"0":"post-10095","1":"product","2":"type-product","3":"status-publish","4":"has-post-thumbnail","6":"product_cat-16-1","7":"product_cat-new-laptop-screens-lcd-panels","9":"first","10":"instock","11":"taxable","12":"shipping-taxable","13":"purchasable","14":"product-type-simple"},"_links":{"self":[{"href":"https:\/\/boreait.com\/hu\/wp-json\/wp\/v2\/product\/10095","targetHints":{"allow":["GET"]}}],"collection":[{"href":"https:\/\/boreait.com\/hu\/wp-json\/wp\/v2\/product"}],"about":[{"href":"https:\/\/boreait.com\/hu\/wp-json\/wp\/v2\/types\/product"}],"wp:featuredmedia":[{"embeddable":true,"href":"https:\/\/boreait.com\/hu\/wp-json\/wp\/v2\/media\/10098"}],"wp:attachment":[{"href":"https:\/\/boreait.com\/hu\/wp-json\/wp\/v2\/media?parent=10095"}],"wp:term":[{"taxonomy":"product_brand","embeddable":true,"href":"https:\/\/boreait.com\/hu\/wp-json\/wp\/v2\/product_brand?post=10095"},{"taxonomy":"product_cat","embeddable":true,"href":"https:\/\/boreait.com\/hu\/wp-json\/wp\/v2\/product_cat?post=10095"},{"taxonomy":"product_tag","embeddable":true,"href":"https:\/\/boreait.com\/hu\/wp-json\/wp\/v2\/product_tag?post=10095"}],"curies":[{"name":"wp","href":"https:\/\/api.w.org\/{rel}","templated":true}]}}