{"id":10093,"date":"2025-09-17T12:46:42","date_gmt":"2025-09-17T10:46:42","guid":{"rendered":"https:\/\/boreait.com\/hu\/?post_type=product&#038;p=10093"},"modified":"2025-09-17T12:46:51","modified_gmt":"2025-09-17T10:46:51","slug":"161-fhd-ips-matt-lcd-hp-victus-16-d1095tx-16-d1065tx-30-tus-szalaggal-uj","status":"publish","type":"product","link":"https:\/\/boreait.com\/hu\/termek\/161-fhd-ips-matt-lcd-hp-victus-16-d1095tx-16-d1065tx-30-tus-szalaggal-uj\/","title":{"rendered":"16,1&#8243; FHD IPS matt LCD HP Victus 16-d1095tx 16-d1065tx 30 t\u0171s szalaggal \u00daj"},"content":{"rendered":"<p><strong>T\u00e9nyleges LCD-k\u00e9perny\u0151s modell: N161HCA-EA3 Rev. c2 \u2013 TELJESEN KOMPATIBILIS A HP Victus 16-d1095tx, 16-d1065tx LAPTOP K\u00c9PERNY\u0150J\u00c9VEL<\/strong><\/p>\n<p>Friss\u00edtse HP Victus 16-d1095tx vagy 16-d1065tx k\u00e9sz\u00fcl\u00e9k\u00e9t ezzel a vadonat\u00faj 16,1&#8243;-es LCD-k\u00e9perny\u0151vel. A Full HD (1920&#215;1080) felbont\u00e1ssal k\u00e9sz\u00fclt, \u00e9les \u00e9s \u00e9les k\u00e9peket biztos\u00edt a jobb megtekint\u00e9si \u00e9lm\u00e9ny \u00e9rdek\u00e9ben. A matt fel\u00fclet cs\u00f6kkenti a t\u00fckr\u00f6z\u0151d\u00e9st, \u00edgy t\u00f6k\u00e9letes a TFT-hez \u00e9s a sz\u00e9les sz\u00ednekhez val\u00f3 vibr\u00e1l\u00f3 technol\u00f3gi\u00e1ja. l\u00e1t\u00f3sz\u00f6gek.<\/p>\n<p>Ez a k\u00e9perny\u0151 30 t\u0171s eDP csatlakoz\u00f3val rendelkezik a stabil \u00e9s megb\u00edzhat\u00f3 teljes\u00edtm\u00e9ny \u00e9rdek\u00e9ben. A beszerel\u00e9s megk\u00f6nny\u00edt\u00e9se \u00e9rdek\u00e9ben k\u00e9toldalas \u00f6ntapad\u00f3 szalagot mell\u00e9kel\u00fcnk, amely biztos\u00edtja a biztons\u00e1gos illeszked\u00e9st an\u00e9lk\u00fcl, hogy fels\u0151 \u00e9s als\u00f3 konzolra lenne sz\u00fcks\u00e9g.<\/p>\n<p>T\u00f6k\u00e9letes a s\u00e9r\u00fclt k\u00e9perny\u0151 cser\u00e9j\u00e9hez vagy a laptop friss\u00edt\u00e9s\u00e9hez a jobb teljes\u00edtm\u00e9ny \u00e9rdek\u00e9ben. Ez a k\u00e9perny\u0151 \u00faj \u00e1llapotban \u00e9rkezik, \u00edgy kiv\u00e1l\u00f3 min\u0151s\u00e9g\u0171 term\u00e9ket biztos\u00edt haszn\u00e1latra k\u00e9szen.<\/p>\n","protected":false},"excerpt":{"rendered":"<p>Cser\u00e9lje vagy friss\u00edtse HP Victus 16-d1095tx, 16-d1065tx laptopj\u00e1t ezzel az \u00faj, 16,1&#8243;-es FHD matt LCD-k\u00e9perny\u0151vel. IPS \u00e9s TFT technol\u00f3gi\u00e1val, eDP 30 t\u0171s csatlakoz\u00e1ssal, tiszta, \u00e9l\u00e9nk l\u00e1tv\u00e1nyt biztos\u00edt. K\u00e9toldalas \u00f6ntapad\u00f3 szalaggal rendelkezik az egyszer\u0171 telep\u00edt\u00e9shez.<\/p>\n","protected":false},"featured_media":10098,"template":"","meta":[],"product_brand":[],"product_cat":[83,71],"product_tag":[],"class_list":{"0":"post-10093","1":"product","2":"type-product","3":"status-publish","4":"has-post-thumbnail","6":"product_cat-16-1","7":"product_cat-new-laptop-screens-lcd-panels","9":"first","10":"instock","11":"taxable","12":"shipping-taxable","13":"purchasable","14":"product-type-simple"},"_links":{"self":[{"href":"https:\/\/boreait.com\/hu\/wp-json\/wp\/v2\/product\/10093","targetHints":{"allow":["GET"]}}],"collection":[{"href":"https:\/\/boreait.com\/hu\/wp-json\/wp\/v2\/product"}],"about":[{"href":"https:\/\/boreait.com\/hu\/wp-json\/wp\/v2\/types\/product"}],"wp:featuredmedia":[{"embeddable":true,"href":"https:\/\/boreait.com\/hu\/wp-json\/wp\/v2\/media\/10098"}],"wp:attachment":[{"href":"https:\/\/boreait.com\/hu\/wp-json\/wp\/v2\/media?parent=10093"}],"wp:term":[{"taxonomy":"product_brand","embeddable":true,"href":"https:\/\/boreait.com\/hu\/wp-json\/wp\/v2\/product_brand?post=10093"},{"taxonomy":"product_cat","embeddable":true,"href":"https:\/\/boreait.com\/hu\/wp-json\/wp\/v2\/product_cat?post=10093"},{"taxonomy":"product_tag","embeddable":true,"href":"https:\/\/boreait.com\/hu\/wp-json\/wp\/v2\/product_tag?post=10093"}],"curies":[{"name":"wp","href":"https:\/\/api.w.org\/{rel}","templated":true}]}}