{"id":10092,"date":"2025-09-17T12:46:42","date_gmt":"2025-09-17T10:46:42","guid":{"rendered":"https:\/\/boreait.com\/hu\/?post_type=product&#038;p=10092"},"modified":"2025-09-17T12:46:50","modified_gmt":"2025-09-17T10:46:50","slug":"hp-victus-161-lcd-fhd-ips-tft-matt-kepernyo-30-tus-ragasztoszalaggal-uj","status":"publish","type":"product","link":"https:\/\/boreait.com\/hu\/termek\/hp-victus-161-lcd-fhd-ips-tft-matt-kepernyo-30-tus-ragasztoszalaggal-uj\/","title":{"rendered":"HP Victus 16,1&#8243; LCD FHD IPS TFT matt k\u00e9perny\u0151 30 t\u0171s ragaszt\u00f3szalaggal \u00daj"},"content":{"rendered":"<p><strong>T\u00e9nyleges LCD-k\u00e9perny\u0151s modell: N161HCA-EA3 Rev. c2 \u2013 TELJESEN KOMPATIBILIS A HP Victus 16-d0013dx, 16-d0309tx, 16-d0023dx LAPTOP K\u00c9PERNY\u0150J\u00c9VEL<\/strong><\/p>\n<p>Fokozza HP Victus laptopja kijelz\u0151j\u00e9t a 16-d0013dx, 16-d0309tx \u00e9s 16-d0023dx modellekkel kompatibilis 16,1&#8243;-es LCD-k\u00e9perny\u0151vel. Ez a Full HD (1920&#215;1080) k\u00e9perny\u0151 leny\u0171g\u00f6z\u0151 k\u00e9pmin\u0151s\u00e9get biztos\u00edt, \u00edgy t\u00f6k\u00e9letes a j\u00e1t\u00e9khoz, a j\u00e1t\u00e9khoz \u00e9s a mindennapi streamel\u00e9shez. sz\u00ednek, sz\u00e9les betekint\u00e9si sz\u00f6gek \u00e9s egyenletes teljes\u00edtm\u00e9ny b\u00e1rmilyen szempontb\u00f3l.<\/p>\n<p>A matt fel\u00fclet cs\u00f6kkenti a t\u00fckr\u00f6z\u0151d\u00e9st, \u00edgy m\u00e9g vil\u00e1gos k\u00f6rnyezetben is k\u00e9nyelmes megtekint\u00e9st biztos\u00edt. Ez a k\u00e9perny\u0151 fels\u0151 \u00e9s als\u00f3 konzolok n\u00e9lk\u00fcl \u00e9rkezik, de k\u00e9toldalas \u00f6ntapad\u00f3 szalagot tartalmaz a probl\u00e9mamentes telep\u00edt\u00e9s \u00e9rdek\u00e9ben. A 30 t\u0171s eDP csatlakoz\u00f3 stabil kapcsolatot biztos\u00edt, lehet\u0151v\u00e9 t\u00e9ve a jelenlegi k\u00e9perny\u0151 gyors cser\u00e9j\u00e9t vagy friss\u00edt\u00e9s\u00e9t.<\/p>\n<p>\u00c1llapot: vadonat\u00faj, telep\u00edt\u00e9sre k\u00e9sz, \u00e9s \u00fagy tervezt\u00e9k, hogy laptopja friss vizu\u00e1lis \u00e9lm\u00e9nyt ny\u00fajtson.<\/p>\n","protected":false},"excerpt":{"rendered":"<p>Friss\u00edtse laptopj\u00e1t egy \u00faj HP Victus 16,1&#8243; LCD-k\u00e9perny\u0151vel, amely kompatibilis a 16-d0013dx, 16-d0309tx \u00e9s 16-d0023dx modellekkel. FHD, IPS, TFT technol\u00f3gi\u00e1val \u00e9s matt fel\u00fclettel, \u00e9les k\u00e9pet \u00e9s cs\u00f6kkentett t\u00fckr\u00f6z\u0151d\u00e9st k\u00edn\u00e1l. K\u00e9toldalas tapint\u00e1s\u00fa \u00faj tartoz\u00e9k.<\/p>\n","protected":false},"featured_media":10098,"template":"","meta":[],"product_brand":[],"product_cat":[83,71],"product_tag":[],"class_list":{"0":"post-10092","1":"product","2":"type-product","3":"status-publish","4":"has-post-thumbnail","6":"product_cat-16-1","7":"product_cat-new-laptop-screens-lcd-panels","9":"first","10":"instock","11":"taxable","12":"shipping-taxable","13":"purchasable","14":"product-type-simple"},"_links":{"self":[{"href":"https:\/\/boreait.com\/hu\/wp-json\/wp\/v2\/product\/10092","targetHints":{"allow":["GET"]}}],"collection":[{"href":"https:\/\/boreait.com\/hu\/wp-json\/wp\/v2\/product"}],"about":[{"href":"https:\/\/boreait.com\/hu\/wp-json\/wp\/v2\/types\/product"}],"wp:featuredmedia":[{"embeddable":true,"href":"https:\/\/boreait.com\/hu\/wp-json\/wp\/v2\/media\/10098"}],"wp:attachment":[{"href":"https:\/\/boreait.com\/hu\/wp-json\/wp\/v2\/media?parent=10092"}],"wp:term":[{"taxonomy":"product_brand","embeddable":true,"href":"https:\/\/boreait.com\/hu\/wp-json\/wp\/v2\/product_brand?post=10092"},{"taxonomy":"product_cat","embeddable":true,"href":"https:\/\/boreait.com\/hu\/wp-json\/wp\/v2\/product_cat?post=10092"},{"taxonomy":"product_tag","embeddable":true,"href":"https:\/\/boreait.com\/hu\/wp-json\/wp\/v2\/product_tag?post=10092"}],"curies":[{"name":"wp","href":"https:\/\/api.w.org\/{rel}","templated":true}]}}