{"id":10091,"date":"2025-09-17T12:46:42","date_gmt":"2025-09-17T10:46:42","guid":{"rendered":"https:\/\/boreait.com\/hu\/?post_type=product&#038;p=10091"},"modified":"2025-09-17T12:46:50","modified_gmt":"2025-09-17T10:46:50","slug":"hp-victus-16-d0000-161-lcd-fhd-ips-matt-edp-30-tus-ragasztoszalaggal-uj","status":"publish","type":"product","link":"https:\/\/boreait.com\/hu\/termek\/hp-victus-16-d0000-161-lcd-fhd-ips-matt-edp-30-tus-ragasztoszalaggal-uj\/","title":{"rendered":"HP Victus 16-d0000 16,1&#8243; LCD FHD IPS matt eDP 30 t\u0171s ragaszt\u00f3szalaggal \u00daj"},"content":{"rendered":"<p><strong>T\u00e9nyleges LCD-k\u00e9perny\u0151s modell: N161HCA-EA3 Rev. c2 \u2013 TELJESEN KOMPATIBILIS A LAPTOP K\u00c9PERNY\u0150J\u00c9VEL HP Victus 16-d0000, 16-d0020nr, 16-d0030nr<\/strong><\/p>\n<p>Fejlessze fel HP Victus laptopj\u00e1t egy vadonat\u00faj 16,1&#8243;-es LCD-k\u00e9perny\u0151vel, amely kompatibilis a 16-d0000, 16-d0020nr \u00e9s 16-d0030nr modellekkel. Ez a Full HD (1920&#215;1080) kijelz\u0151 \u00e9les \u00e9s \u00e9l\u00e9nk l\u00e1tv\u00e1nyt ny\u00fajt az IPS-nek \u00e9s a sz\u00e9les l\u00e1t\u00f3sz\u00f6g\u0171 k\u00e9pmin\u0151s\u00e9gnek, valamint a cs\u00f6kkentett TFT-nek k\u00f6sz\u00f6nhet\u0151en. k\u00e1pr\u00e1z\u00e1s, \u00edgy ide\u00e1lis k\u00fcl\u00f6nf\u00e9le f\u00e9nyviszonyokhoz, lehet\u0151v\u00e9 t\u00e9ve, hogy zavar\u00f3 t\u00e9nyez\u0151k n\u00e9lk\u00fcl dolgozzon vagy j\u00e1tsszon.<\/p>\n<p>Az eDP 30 t\u0171s csatlakoz\u00e1ssal ez a k\u00e9perny\u0151 megb\u00edzhat\u00f3 \u00e9s stabil kapcsolatot garant\u00e1l eszk\u00f6z\u00e9vel. K\u00e9toldalas \u00f6ntapad\u00f3 szalaggal van ell\u00e1tva, \u00edgy a telep\u00edt\u00e9s gyors \u00e9s egyszer\u0171, m\u00e9g a fels\u0151 \u00e9s als\u00f3 konzolok n\u00e9lk\u00fcl is. Ak\u00e1r egy t\u00f6r\u00f6tt k\u00e9perny\u0151t cser\u00e9l, ak\u00e1r a jobb l\u00e1tv\u00e1ny \u00e9rdek\u00e9ben friss\u00edt, ez a kijelz\u0151 megb\u00edzhat\u00f3 megold\u00e1s.<\/p>\n<p>\u00c1llapot: \u00daj, hibamentes, azonnal beszerel\u00e9sre \u00e9s haszn\u00e1latra k\u00e9sz.<\/p>\n","protected":false},"excerpt":{"rendered":"<p>Friss\u00edtse HP Victus 16-d0000, 16-d0020nr vagy 16-d0030nr k\u00e9sz\u00fcl\u00e9k\u00e9t egy \u00faj, 16,1&#8243;-es matt FHD IPS LCD-k\u00e9perny\u0151vel. Ez a kijelz\u0151 eDP 30 t\u0171s csatlakoz\u00e1ssal \u00e9s k\u00e9toldalas \u00f6ntapad\u00f3 szalaggal rendelkezik a k\u00f6nny\u0171 telep\u00edt\u00e9s \u00e9rdek\u00e9ben. \u00c1llapot: \u00daj.<\/p>\n","protected":false},"featured_media":10098,"template":"","meta":[],"product_brand":[],"product_cat":[83,71],"product_tag":[],"class_list":{"0":"post-10091","1":"product","2":"type-product","3":"status-publish","4":"has-post-thumbnail","6":"product_cat-16-1","7":"product_cat-new-laptop-screens-lcd-panels","9":"first","10":"instock","11":"taxable","12":"shipping-taxable","13":"purchasable","14":"product-type-simple"},"_links":{"self":[{"href":"https:\/\/boreait.com\/hu\/wp-json\/wp\/v2\/product\/10091","targetHints":{"allow":["GET"]}}],"collection":[{"href":"https:\/\/boreait.com\/hu\/wp-json\/wp\/v2\/product"}],"about":[{"href":"https:\/\/boreait.com\/hu\/wp-json\/wp\/v2\/types\/product"}],"wp:featuredmedia":[{"embeddable":true,"href":"https:\/\/boreait.com\/hu\/wp-json\/wp\/v2\/media\/10098"}],"wp:attachment":[{"href":"https:\/\/boreait.com\/hu\/wp-json\/wp\/v2\/media?parent=10091"}],"wp:term":[{"taxonomy":"product_brand","embeddable":true,"href":"https:\/\/boreait.com\/hu\/wp-json\/wp\/v2\/product_brand?post=10091"},{"taxonomy":"product_cat","embeddable":true,"href":"https:\/\/boreait.com\/hu\/wp-json\/wp\/v2\/product_cat?post=10091"},{"taxonomy":"product_tag","embeddable":true,"href":"https:\/\/boreait.com\/hu\/wp-json\/wp\/v2\/product_tag?post=10091"}],"curies":[{"name":"wp","href":"https:\/\/api.w.org\/{rel}","templated":true}]}}