{"id":10090,"date":"2025-09-17T12:46:42","date_gmt":"2025-09-17T10:46:42","guid":{"rendered":"https:\/\/boreait.com\/hu\/?post_type=product&#038;p=10090"},"modified":"2025-09-17T12:46:50","modified_gmt":"2025-09-17T10:46:50","slug":"hp-m54732-001-lcd-161-matt-fhd-ips-30-tus-edp-ragasztoszalaggal-uj","status":"publish","type":"product","link":"https:\/\/boreait.com\/hu\/termek\/hp-m54732-001-lcd-161-matt-fhd-ips-30-tus-edp-ragasztoszalaggal-uj\/","title":{"rendered":"HP M54732-001 LCD 16,1&#8243; matt FHD IPS 30 t\u0171s eDP ragaszt\u00f3szalaggal \u00daj"},"content":{"rendered":"<p><strong>T\u00e9nyleges LCD-k\u00e9perny\u0151s modell: N161HCA-EA3 Rev. c2 \u2013 TELJESEN KOMPATIBILIS A HP M54732-001 LAPTOP K\u00c9PERNY\u0150J\u00c9VEL<\/strong><\/p>\n<p>Fokozza laptopja kijelz\u0151j\u00e9t a HP M54732-001 16,1&#8243;-es LCD-k\u00e9perny\u0151vel, amelyet \u00fagy terveztek, hogy kiv\u00e1l\u00f3 tisztas\u00e1got \u00e9s \u00e9l\u00e9nk sz\u00edneket biztos\u00edtson. Full HD (1920&#215;1080) felbont\u00e1s\u00e1nak \u00e9s IPS technol\u00f3gi\u00e1j\u00e1nak k\u00f6sz\u00f6nhet\u0151en ez a k\u00e9perny\u0151 \u00e9les, \u00e9les k\u00e9pet \u00e9s sz\u00e9les betekint\u00e9si sz\u00f6geket biztos\u00edt a jobb megtekint\u00e9si \u00e9lm\u00e9ny \u00e9rdek\u00e9ben. A matt fel\u00fclet seg\u00edt a t\u00f6k\u00e9letes f\u00e9nyviszonyok cs\u00f6kkent\u00e9s\u00e9ben.<\/p>\n<p>Ez a TFT k\u00e9perny\u0151 30 t\u0171s eDP-csatlakoz\u00f3val rendelkezik, amely stabil \u00e9s biztons\u00e1gos kapcsolatot biztos\u00edt. A mell\u00e9kelt k\u00e9toldalas \u00f6ntapad\u00f3 szalag egyszer\u0171 \u00e9s probl\u00e9mamentes felszerel\u00e9st tesz lehet\u0151v\u00e9. Ez a k\u00e9perny\u0151 t\u00f6k\u00e9letes a s\u00e9r\u00fclt vagy hib\u00e1s k\u00e9perny\u0151k cser\u00e9j\u00e9hez, vagy egyszer\u0171en csak a jelenlegi kijelz\u0151 friss\u00edt\u00e9s\u00e9hez.<\/p>\n<p>K\u00e9rj\u00fck, vegye figyelembe, hogy ez a k\u00e9perny\u0151 nem tartalmaz fels\u0151 \u00e9s als\u00f3 z\u00e1r\u00f3jeleket. Vadonat\u00faj \u00e1llapot\u00fa, \u00edgy kiv\u00e1l\u00f3 min\u0151s\u00e9g\u0171, hibamentes, haszn\u00e1latra k\u00e9sz term\u00e9ket kap.<\/p>\n","protected":false},"excerpt":{"rendered":"<p>B\u0151v\u00edtse laptopj\u00e1t a HP M54732-001 16,1&#8243;-es LCD-k\u00e9perny\u0151vel. FHD felbont\u00e1ssal, IPS technol\u00f3gi\u00e1val \u00e9s matt fel\u00fclettel rendelkezik a csillap\u00edt\u00e1s cs\u00f6kkent\u00e9se \u00e9rdek\u00e9ben, \u00e9l\u00e9nk l\u00e1tv\u00e1nyt biztos\u00edt. K\u00e9toldalas \u00f6ntapad\u00f3 szalagot tartalmaz az egyszer\u0171 telep\u00edt\u00e9s \u00e9rdek\u00e9ben. \u00c1llapot: \u00daj.<\/p>\n","protected":false},"featured_media":10098,"template":"","meta":[],"product_brand":[],"product_cat":[83,71],"product_tag":[],"class_list":{"0":"post-10090","1":"product","2":"type-product","3":"status-publish","4":"has-post-thumbnail","6":"product_cat-16-1","7":"product_cat-new-laptop-screens-lcd-panels","9":"first","10":"instock","11":"taxable","12":"shipping-taxable","13":"purchasable","14":"product-type-simple"},"_links":{"self":[{"href":"https:\/\/boreait.com\/hu\/wp-json\/wp\/v2\/product\/10090","targetHints":{"allow":["GET"]}}],"collection":[{"href":"https:\/\/boreait.com\/hu\/wp-json\/wp\/v2\/product"}],"about":[{"href":"https:\/\/boreait.com\/hu\/wp-json\/wp\/v2\/types\/product"}],"wp:featuredmedia":[{"embeddable":true,"href":"https:\/\/boreait.com\/hu\/wp-json\/wp\/v2\/media\/10098"}],"wp:attachment":[{"href":"https:\/\/boreait.com\/hu\/wp-json\/wp\/v2\/media?parent=10090"}],"wp:term":[{"taxonomy":"product_brand","embeddable":true,"href":"https:\/\/boreait.com\/hu\/wp-json\/wp\/v2\/product_brand?post=10090"},{"taxonomy":"product_cat","embeddable":true,"href":"https:\/\/boreait.com\/hu\/wp-json\/wp\/v2\/product_cat?post=10090"},{"taxonomy":"product_tag","embeddable":true,"href":"https:\/\/boreait.com\/hu\/wp-json\/wp\/v2\/product_tag?post=10090"}],"curies":[{"name":"wp","href":"https:\/\/api.w.org\/{rel}","templated":true}]}}