{"id":10089,"date":"2025-09-17T12:46:42","date_gmt":"2025-09-17T10:46:42","guid":{"rendered":"https:\/\/boreait.com\/hu\/?post_type=product&#038;p=10089"},"modified":"2025-09-17T12:46:50","modified_gmt":"2025-09-17T10:46:50","slug":"hp-m02080-001-lcd-161-matt-fhd-ips-edp-30-tus-ragasztoszalaggal-uj","status":"publish","type":"product","link":"https:\/\/boreait.com\/hu\/termek\/hp-m02080-001-lcd-161-matt-fhd-ips-edp-30-tus-ragasztoszalaggal-uj\/","title":{"rendered":"HP M02080-001 LCD 16,1&#8243; matt FHD IPS eDP 30 t\u0171s ragaszt\u00f3szalaggal \u00daj"},"content":{"rendered":"<p><strong>T\u00e9nyleges LCD-k\u00e9perny\u0151s modell: N161HCA-EA3 Rev. c2 \u2013 TELJESEN KOMPATIBILIS A HP M02080-001 LAPTOP K\u00c9PERNY\u0150J\u00c9VEL<\/strong><\/p>\n<p>Fokozza laptopja kijelz\u0151j\u00e9t a HP M02080-001 16,1 h\u00fcvelykes LCD-k\u00e9perny\u0151vel. Ez a kiv\u00e1l\u00f3 min\u0151s\u00e9g\u0171 k\u00e9perny\u0151 Full HD (1920&#215;1080) felbont\u00e1st k\u00edn\u00e1l, \u00e9les \u00e9s \u00e9l\u00e9nk k\u00e9peket biztos\u00edtva a jobb megtekint\u00e9si \u00e9lm\u00e9ny \u00e9rdek\u00e9ben. Az IPS (In-Plane Switching) technol\u00f3gia sz\u00e9lesebb l\u00e1t\u00f3sz\u00f6get \u00e9s konzisztens sz\u00edneket biztos\u00edt, \u00edgy ide\u00e1lis a k\u00fcl\u00f6nb\u00f6z\u0151 professzion\u00e1lis sz\u00ednekhez.<\/p>\n<p>A matt fel\u00fclet cs\u00f6kkenti a t\u00fckr\u00f6z\u0151d\u00e9st, \u00edgy k\u00e9nyelmesen haszn\u00e1lhatja laptopj\u00e1t k\u00fcl\u00f6nb\u00f6z\u0151 f\u00e9nyviszonyok k\u00f6z\u00f6tt. A 30 t\u0171s eDP-csatlakoz\u00e1ssal a k\u00e9perny\u0151 biztons\u00e1gos \u00e9s stabil interf\u00e9szt biztos\u00edt a k\u00e9sz\u00fcl\u00e9kkel. A beszerel\u00e9s egyszer\u0171s\u00edt\u00e9se \u00e9rdek\u00e9ben k\u00e9toldalas \u00f6ntapad\u00f3 szalagot mell\u00e9kel\u00fcnk.<\/p>\n<p>K\u00e9rj\u00fck, vegye figyelembe, hogy ez a k\u00e9perny\u0151 nem tartalmazza a fels\u0151 \u00e9s als\u00f3 z\u00e1r\u00f3jeleket. A term\u00e9k vadonat\u00faj, megb\u00edzhat\u00f3 \u00e9s hibamentes m\u0171k\u00f6d\u00e9st biztos\u00edt.<\/p>\n","protected":false},"excerpt":{"rendered":"<p>Friss\u00edtse laptopj\u00e1t a HP M02080-001 16,1&#8243;-es LCD-k\u00e9perny\u0151vel. FHD felbont\u00e1ssal, IPS technol\u00f3gi\u00e1val, matt fel\u00fclettel \u00e9s 30 t\u0171s eDP-csatlakoz\u00e1ssal \u00e9l\u00e9nk l\u00e1tv\u00e1nyt ny\u00fajt. K\u00e9toldalas \u00f6ntapad\u00f3 szalagot mell\u00e9kelnek az egyszer\u0171 telep\u00edt\u00e9s \u00e9rdek\u00e9ben. \u00c1llapot: \u00faj.<\/p>\n","protected":false},"featured_media":10098,"template":"","meta":[],"product_brand":[],"product_cat":[83,71],"product_tag":[],"class_list":{"0":"post-10089","1":"product","2":"type-product","3":"status-publish","4":"has-post-thumbnail","6":"product_cat-16-1","7":"product_cat-new-laptop-screens-lcd-panels","9":"first","10":"instock","11":"taxable","12":"shipping-taxable","13":"purchasable","14":"product-type-simple"},"_links":{"self":[{"href":"https:\/\/boreait.com\/hu\/wp-json\/wp\/v2\/product\/10089","targetHints":{"allow":["GET"]}}],"collection":[{"href":"https:\/\/boreait.com\/hu\/wp-json\/wp\/v2\/product"}],"about":[{"href":"https:\/\/boreait.com\/hu\/wp-json\/wp\/v2\/types\/product"}],"wp:featuredmedia":[{"embeddable":true,"href":"https:\/\/boreait.com\/hu\/wp-json\/wp\/v2\/media\/10098"}],"wp:attachment":[{"href":"https:\/\/boreait.com\/hu\/wp-json\/wp\/v2\/media?parent=10089"}],"wp:term":[{"taxonomy":"product_brand","embeddable":true,"href":"https:\/\/boreait.com\/hu\/wp-json\/wp\/v2\/product_brand?post=10089"},{"taxonomy":"product_cat","embeddable":true,"href":"https:\/\/boreait.com\/hu\/wp-json\/wp\/v2\/product_cat?post=10089"},{"taxonomy":"product_tag","embeddable":true,"href":"https:\/\/boreait.com\/hu\/wp-json\/wp\/v2\/product_tag?post=10089"}],"curies":[{"name":"wp","href":"https:\/\/api.w.org\/{rel}","templated":true}]}}