{"id":10088,"date":"2025-09-17T12:46:42","date_gmt":"2025-09-17T10:46:42","guid":{"rendered":"https:\/\/boreait.com\/hu\/?post_type=product&#038;p=10088"},"modified":"2025-09-17T12:46:49","modified_gmt":"2025-09-17T10:46:49","slug":"hp-m62236-001-lcd-161-fhd-ips-matt-30-tus-edp-szalaggal-uj","status":"publish","type":"product","link":"https:\/\/boreait.com\/hu\/termek\/hp-m62236-001-lcd-161-fhd-ips-matt-30-tus-edp-szalaggal-uj\/","title":{"rendered":"HP M62236-001 LCD 16,1&#8243; FHD IPS matt 30 t\u0171s eDP szalaggal \u00daj"},"content":{"rendered":"<p><strong>T\u00e9nyleges LCD-k\u00e9perny\u0151s modell: N161HCA-EA3 Rev. c2 \u2013 TELJESEN KOMPATIBILIS A HP M62236-001 LAPTOP K\u00c9PERNY\u0150J\u00c9VEL<\/strong><\/p>\n<p>Fokozza laptopja kijelz\u0151j\u00e9t a HP M62236-001 16,1&#8243;-es LCD-k\u00e9perny\u0151vel, amelyet \u00fagy terveztek, hogy kiv\u00e1l\u00f3 teljes\u00edtm\u00e9nyt \u00e9s nagy felbont\u00e1s\u00fa tisztas\u00e1got biztos\u00edtson. Full HD (1920&#215;1080) felbont\u00e1ssal ez a k\u00e9perny\u0151 \u00e9les, \u00e9l\u00e9nk l\u00e1tv\u00e1nyt ny\u00fajt, m\u00edg az IPS technol\u00f3gia sz\u00e9les betekint\u00e9si sz\u00f6geket \u00e9s egyenletes sz\u00edneket biztos\u00edt. A TFT matt fel\u00fclet ide\u00e1lisan cs\u00f6kkenti a munkak\u00f6r\u00fclm\u00e9nyeket.<\/p>\n<p>Ez a k\u00e9perny\u0151 30 t\u0171s eDP-csatlakoz\u00f3n kereszt\u00fcl csatlakozik, biztons\u00e1gos \u00e9s megb\u00edzhat\u00f3 kapcsolatot biztos\u00edtva az eszk\u00f6zzel. A felszerel\u00e9st a mell\u00e9kelt k\u00e9toldalas \u00f6ntapad\u00f3 szalag teszi egyszer\u0171v\u00e9. K\u00e9rj\u00fck, vegye figyelembe, hogy ez a k\u00e9perny\u0151 fels\u0151 \u00e9s als\u00f3 konzolok n\u00e9lk\u00fcl \u00e9rkezik, biztos\u00edtva a kompatibilit\u00e1st az egyedi telep\u00edt\u00e9sekkel.<\/p>\n<p>Ak\u00e1r s\u00e9r\u00fclt k\u00e9perny\u0151t cser\u00e9l, ak\u00e1r a jobb teljes\u00edtm\u00e9ny \u00e9rdek\u00e9ben friss\u00edt, ez az \u00faj HP M62236-001 LCD-k\u00e9perny\u0151 t\u00f6k\u00e9letesen megfelel az \u00d6n ig\u00e9nyeinek.<\/p>\n","protected":false},"excerpt":{"rendered":"<p>Friss\u00edtse laptopj\u00e1t a HP M62236-001 16,1&#8243;-es FHD IPS matt kijelz\u0151vel. 30 t\u0171s eDP csatlakoz\u00e1ssal \u00e9s TFT technol\u00f3gi\u00e1val az \u00e9l\u00e9nk l\u00e1tv\u00e1ny \u00e9rdek\u00e9ben. K\u00e9toldalas \u00f6ntapad\u00f3 szalagot tartalmaz az egyszer\u0171 telep\u00edt\u00e9s \u00e9rdek\u00e9ben. \u00c1llapot: \u00daj.<\/p>\n","protected":false},"featured_media":10098,"template":"","meta":[],"product_brand":[],"product_cat":[83,71],"product_tag":[],"class_list":{"0":"post-10088","1":"product","2":"type-product","3":"status-publish","4":"has-post-thumbnail","6":"product_cat-16-1","7":"product_cat-new-laptop-screens-lcd-panels","9":"first","10":"instock","11":"taxable","12":"shipping-taxable","13":"purchasable","14":"product-type-simple"},"_links":{"self":[{"href":"https:\/\/boreait.com\/hu\/wp-json\/wp\/v2\/product\/10088","targetHints":{"allow":["GET"]}}],"collection":[{"href":"https:\/\/boreait.com\/hu\/wp-json\/wp\/v2\/product"}],"about":[{"href":"https:\/\/boreait.com\/hu\/wp-json\/wp\/v2\/types\/product"}],"wp:featuredmedia":[{"embeddable":true,"href":"https:\/\/boreait.com\/hu\/wp-json\/wp\/v2\/media\/10098"}],"wp:attachment":[{"href":"https:\/\/boreait.com\/hu\/wp-json\/wp\/v2\/media?parent=10088"}],"wp:term":[{"taxonomy":"product_brand","embeddable":true,"href":"https:\/\/boreait.com\/hu\/wp-json\/wp\/v2\/product_brand?post=10088"},{"taxonomy":"product_cat","embeddable":true,"href":"https:\/\/boreait.com\/hu\/wp-json\/wp\/v2\/product_cat?post=10088"},{"taxonomy":"product_tag","embeddable":true,"href":"https:\/\/boreait.com\/hu\/wp-json\/wp\/v2\/product_tag?post=10088"}],"curies":[{"name":"wp","href":"https:\/\/api.w.org\/{rel}","templated":true}]}}