{"id":10087,"date":"2025-09-17T12:46:42","date_gmt":"2025-09-17T10:46:42","guid":{"rendered":"https:\/\/boreait.com\/hu\/?post_type=product&#038;p=10087"},"modified":"2025-09-17T12:46:49","modified_gmt":"2025-09-17T10:46:49","slug":"hp-m54736-001-161-matt-fhd-ips-edp-30-tus-lcd-ontapado-szalaggal-uj","status":"publish","type":"product","link":"https:\/\/boreait.com\/hu\/termek\/hp-m54736-001-161-matt-fhd-ips-edp-30-tus-lcd-ontapado-szalaggal-uj\/","title":{"rendered":"HP M54736-001 16,1&#8243; matt FHD IPS eDP 30 t\u0171s LCD \u00f6ntapad\u00f3 szalaggal \u00daj"},"content":{"rendered":"<p><strong>T\u00e9nyleges LCD-k\u00e9perny\u0151s modell: N161HCA-EA3 Rev. c2 \u2013 TELJESEN KOMPATIBILIS A HP M54736-001 LAPTOP K\u00c9PERNY\u0150J\u00c9VEL<\/strong><\/p>\n<p>Fokozza laptopja teljes\u00edtm\u00e9ny\u00e9t a HP M54736-001 16,1 h\u00fcvelykes LCD-k\u00e9perny\u0151vel, amelyet az optim\u00e1lis tisztas\u00e1g \u00e9s tart\u00f3ss\u00e1g \u00e9rdek\u00e9ben terveztek. Ez a k\u00e9perny\u0151 Full HD (1920&#215;1080) felbont\u00e1ssal rendelkezik, amely \u00e9les, \u00e9l\u00e9nk k\u00e9peket biztos\u00edt a mag\u00e1val ragad\u00f3 megtekint\u00e9si \u00e9lm\u00e9ny \u00e9rdek\u00e9ben. Az IPS technol\u00f3gia sz\u00e9les l\u00e1t\u00f3sz\u00f6get \u00e9s egyenletes sz\u00edneket biztos\u00edt, \u00edgy t\u00f6k\u00e9letes a munk\u00e1hoz vagy a j\u00e1t\u00e9khoz.<\/p>\n<p>A matt fel\u00fclet cs\u00f6kkenti a t\u00fckr\u00f6z\u0151d\u00e9st \u00e9s a t\u00fckr\u00f6z\u0151d\u00e9st, \u00edgy k\u00e9nyelmes haszn\u00e1latot tesz lehet\u0151v\u00e9 k\u00fcl\u00f6nf\u00e9le f\u00e9nyviszonyok k\u00f6z\u00f6tt. Az eDP 30 t\u0171s csatlakoz\u00f3 stabil \u00e9s biztons\u00e1gos kapcsolatot biztos\u00edt az eszk\u00f6zzel, megb\u00edzhat\u00f3 teljes\u00edtm\u00e9nyt biztos\u00edtva. Ezenk\u00edv\u00fcl k\u00e9toldalas \u00f6ntapad\u00f3 szalagot is mell\u00e9keltek a probl\u00e9mamentes telep\u00edt\u00e9s \u00e9rdek\u00e9ben.<\/p>\n<p>Ezt az LCD-k\u00e9perny\u0151t fels\u0151 \u00e9s als\u00f3 konzolok n\u00e9lk\u00fcl \u00e9rt\u00e9kes\u00edtj\u00fck, vadonat\u00faj \u00e1llapotban, \u00edgy kiv\u00e1l\u00f3 min\u0151s\u00e9g\u0171, hibamentes term\u00e9ket kap.<\/p>\n","protected":false},"excerpt":{"rendered":"<p>Friss\u00edtse laptopja kijelz\u0151j\u00e9t a HP M54736-001 16,1&#8243;-es LCD-k\u00e9perny\u0151vel. FHD felbont\u00e1ssal, IPS technol\u00f3gi\u00e1val \u00e9s matt fel\u00fclettel, \u00e9les \u00e9s tiszta k\u00e9pet biztos\u00edt. K\u00e9toldalas \u00f6ntapad\u00f3 szalagot tartalmaz az egyszer\u0171 telep\u00edt\u00e9s \u00e9rdek\u00e9ben. \u00c1llapot: \u00daj.<\/p>\n","protected":false},"featured_media":10098,"template":"","meta":[],"product_brand":[],"product_cat":[83,71],"product_tag":[],"class_list":{"0":"post-10087","1":"product","2":"type-product","3":"status-publish","4":"has-post-thumbnail","6":"product_cat-16-1","7":"product_cat-new-laptop-screens-lcd-panels","9":"first","10":"instock","11":"taxable","12":"shipping-taxable","13":"purchasable","14":"product-type-simple"},"_links":{"self":[{"href":"https:\/\/boreait.com\/hu\/wp-json\/wp\/v2\/product\/10087","targetHints":{"allow":["GET"]}}],"collection":[{"href":"https:\/\/boreait.com\/hu\/wp-json\/wp\/v2\/product"}],"about":[{"href":"https:\/\/boreait.com\/hu\/wp-json\/wp\/v2\/types\/product"}],"wp:featuredmedia":[{"embeddable":true,"href":"https:\/\/boreait.com\/hu\/wp-json\/wp\/v2\/media\/10098"}],"wp:attachment":[{"href":"https:\/\/boreait.com\/hu\/wp-json\/wp\/v2\/media?parent=10087"}],"wp:term":[{"taxonomy":"product_brand","embeddable":true,"href":"https:\/\/boreait.com\/hu\/wp-json\/wp\/v2\/product_brand?post=10087"},{"taxonomy":"product_cat","embeddable":true,"href":"https:\/\/boreait.com\/hu\/wp-json\/wp\/v2\/product_cat?post=10087"},{"taxonomy":"product_tag","embeddable":true,"href":"https:\/\/boreait.com\/hu\/wp-json\/wp\/v2\/product_tag?post=10087"}],"curies":[{"name":"wp","href":"https:\/\/api.w.org\/{rel}","templated":true}]}}