{"id":10086,"date":"2025-09-17T12:46:41","date_gmt":"2025-09-17T10:46:41","guid":{"rendered":"https:\/\/boreait.com\/hu\/?post_type=product&#038;p=10086"},"modified":"2025-09-17T12:46:49","modified_gmt":"2025-09-17T10:46:49","slug":"hp-victus-16-d-sorozatu-lcd-161-matt-fhd-ips-30-tus-ragasztoszalaggal-uj","status":"publish","type":"product","link":"https:\/\/boreait.com\/hu\/termek\/hp-victus-16-d-sorozatu-lcd-161-matt-fhd-ips-30-tus-ragasztoszalaggal-uj\/","title":{"rendered":"HP Victus 16-D sorozat\u00fa LCD 16,1&#8243; matt FHD IPS 30 t\u0171s ragaszt\u00f3szalaggal \u00daj"},"content":{"rendered":"<p><strong>T\u00e9nyleges LCD-k\u00e9perny\u0151s modell: N161HCA-EA3 Rev. c2 \u2013 TELJESEN KOMPATIBILIS A LAPTOP K\u00c9PERNY\u0150J\u00c9VEL A HP Victus 16-D sorozat\u00fa laptopokhoz<\/strong><\/p>\n<p>Fokozza HP Victus 16-D sorozat\u00fa laptopj\u00e1t ezzel a kiv\u00e1l\u00f3 min\u0151s\u00e9g\u0171 16,1&#8243;-es LCD-k\u00e9perny\u0151vel, amely \u00e9l\u00e9nk l\u00e1tv\u00e1nyt \u00e9s kiv\u00e1l\u00f3 teljes\u00edtm\u00e9nyt ny\u00fajt. A Full HD (1920&#215;1080) felbont\u00e1s\u00fa IPS\/TFT panel \u00e9les k\u00e9ptisztas\u00e1got \u00e9s gazdag sz\u00edneket biztos\u00edt sz\u00e9les betekint\u00e9si sz\u00f6gekkel, \u00edgy munk\u00e1hoz \u00e9s sz\u00f3rakoz\u00e1shoz egyar\u00e1nt t\u00f6k\u00e9letes.<\/p>\n<p>A matt fel\u00fclet cs\u00f6kkenti a t\u00fckr\u00f6z\u0151d\u00e9st, \u00edgy k\u00e9nyelmes megtekint\u00e9si \u00e9lm\u00e9nyt biztos\u00edt k\u00fcl\u00f6nf\u00e9le f\u00e9nyviszonyok k\u00f6z\u00f6tt. A 30 t\u0171s eDP-csatlakoz\u00f3 biztons\u00e1gos \u00e9s stabil kapcsolatot biztos\u00edt az eszk\u00f6zzel. A felszerel\u00e9st a mell\u00e9kelt k\u00e9toldalas \u00f6ntapad\u00f3 szalag teszi egyszer\u0171v\u00e9. K\u00e9rj\u00fck, vegye figyelembe, hogy ez a k\u00e9perny\u0151 fels\u0151 \u00e9s als\u00f3 z\u00e1r\u00f3jel n\u00e9lk\u00fcl \u00e9rkezik.<\/p>\n<p>Ez a cserek\u00e9perny\u0151 vadonat\u00faj, nagy teljes\u00edtm\u00e9nyt \u00e9s megb\u00edzhat\u00f3s\u00e1got biztos\u00edt, \u00edgy ide\u00e1lis v\u00e1laszt\u00e1s HP Victus 16-D sorozat\u00fa laptopja s\u00e9r\u00fclt vagy hib\u00e1s kijelz\u0151inek cser\u00e9j\u00e9hez.<\/p>\n","protected":false},"excerpt":{"rendered":"<p>B\u0151v\u00edtse HP Victus 16-D sorozat\u00fa laptopj\u00e1t 16,1&#8243;-es FHD matt LCD-k\u00e9perny\u0151vel. Ez az IPS\/TFT panel kiv\u00e1l\u00f3 tisztas\u00e1got \u00e9s sz\u00e9les betekint\u00e9si sz\u00f6geket k\u00edn\u00e1l. K\u00e9toldalas ragaszt\u00f3szalagot tartalmaz az egyszer\u0171 telep\u00edt\u00e9s \u00e9rdek\u00e9ben. \u00c1llapot: \u00daj.<\/p>\n","protected":false},"featured_media":10098,"template":"","meta":[],"product_brand":[],"product_cat":[83,71],"product_tag":[],"class_list":{"0":"post-10086","1":"product","2":"type-product","3":"status-publish","4":"has-post-thumbnail","6":"product_cat-16-1","7":"product_cat-new-laptop-screens-lcd-panels","9":"first","10":"instock","11":"taxable","12":"shipping-taxable","13":"purchasable","14":"product-type-simple"},"_links":{"self":[{"href":"https:\/\/boreait.com\/hu\/wp-json\/wp\/v2\/product\/10086","targetHints":{"allow":["GET"]}}],"collection":[{"href":"https:\/\/boreait.com\/hu\/wp-json\/wp\/v2\/product"}],"about":[{"href":"https:\/\/boreait.com\/hu\/wp-json\/wp\/v2\/types\/product"}],"wp:featuredmedia":[{"embeddable":true,"href":"https:\/\/boreait.com\/hu\/wp-json\/wp\/v2\/media\/10098"}],"wp:attachment":[{"href":"https:\/\/boreait.com\/hu\/wp-json\/wp\/v2\/media?parent=10086"}],"wp:term":[{"taxonomy":"product_brand","embeddable":true,"href":"https:\/\/boreait.com\/hu\/wp-json\/wp\/v2\/product_brand?post=10086"},{"taxonomy":"product_cat","embeddable":true,"href":"https:\/\/boreait.com\/hu\/wp-json\/wp\/v2\/product_cat?post=10086"},{"taxonomy":"product_tag","embeddable":true,"href":"https:\/\/boreait.com\/hu\/wp-json\/wp\/v2\/product_tag?post=10086"}],"curies":[{"name":"wp","href":"https:\/\/api.w.org\/{rel}","templated":true}]}}