{"id":10085,"date":"2025-09-17T12:46:41","date_gmt":"2025-09-17T10:46:41","guid":{"rendered":"https:\/\/boreait.com\/hu\/?post_type=product&#038;p=10085"},"modified":"2025-09-17T12:46:49","modified_gmt":"2025-09-17T10:46:49","slug":"hp-omen-16-b0014nr-lcd-kepernyo-161-matt-fhd-ips-edp-30-tus-szalaggal-uj","status":"publish","type":"product","link":"https:\/\/boreait.com\/hu\/termek\/hp-omen-16-b0014nr-lcd-kepernyo-161-matt-fhd-ips-edp-30-tus-szalaggal-uj\/","title":{"rendered":"HP Omen 16-B0014NR LCD k\u00e9perny\u0151 16,1&#8243; matt FHD IPS eDP 30 t\u0171s szalaggal \u00daj"},"content":{"rendered":"<p><strong>T\u00e9nyleges LCD-k\u00e9perny\u0151s modell: N161HCA-EA3 Rev. c2 \u2013 TELJESEN KOMPATIBILIS A HP Omen 16-B0014NR 16-b0509la LAPTOP K\u00c9PERNY\u0150J\u00c9VEL<\/strong><\/p>\n<p>Fokozza HP Omen 16-B0014NR vagy 16-B0509LA kijelz\u0151j\u00e9t ezzel a kiv\u00e1l\u00f3 min\u0151s\u00e9g\u0171 csereLCD-k\u00e9perny\u0151vel. A 16,1 h\u00fcvelykes Full HD k\u00e9perny\u0151 IPS technol\u00f3gi\u00e1val rendelkezik, amely \u00e9les, \u00e9l\u00e9nk sz\u00edneket \u00e9s sz\u00e9les betekint\u00e9si sz\u00f6geket biztos\u00edt. A matt fel\u00fclet cs\u00f6kkenti a t\u00fckr\u00f6z\u0151d\u00e9st, \u00edgy ide\u00e1lis k\u00fcl\u00f6nf\u00e9le f\u00e9nyviszonyokhoz. A TFT-kijelz\u0151 tiszta, gyorsan mozg\u00f3 l\u00e1tv\u00e1nyt biztos\u00edt a j\u00e1t\u00e9khoz \u00e9s a multim\u00e9di\u00e1s haszn\u00e1lathoz.<\/p>\n<p>Ez az LCD-panel 30 t\u0171s eDP-csatlakoz\u00f3n kereszt\u00fcl csatlakozik, biztons\u00e1gos \u00e9s megb\u00edzhat\u00f3 kapcsolatot biztos\u00edtva laptopj\u00e1val. K\u00e9toldalas \u00f6ntapad\u00f3 szalaggal sz\u00e1ll\u00edtjuk a k\u00f6nny\u0171 felhelyez\u00e9s \u00e9rdek\u00e9ben. K\u00e9rj\u00fck, vegye figyelembe, hogy ez a k\u00e9perny\u0151 nem tartalmaz fels\u0151 \u00e9s als\u00f3 z\u00e1r\u00f3jeleket.<\/p>\n<p>A HP Omen modellekkel val\u00f3 z\u00f6kken\u0151mentes kompatibilit\u00e1sra tervezett k\u00e9perny\u0151 vadonat\u00faj, optim\u00e1lis teljes\u00edtm\u00e9nyt k\u00edn\u00e1l j\u00e1t\u00e9khoz vagy napi haszn\u00e1lathoz.<\/p>\n","protected":false},"excerpt":{"rendered":"<p>Friss\u00edtse HP Omen k\u00e9sz\u00fcl\u00e9k\u00e9t ezzel az \u00faj 16,1&#8243;-es FHD matt LCD-k\u00e9perny\u0151vel, amely IPS technol\u00f3gi\u00e1val, 30 t\u0171s eDP-csatlakoz\u00e1ssal \u00e9s TFT-kijelz\u0151vel rendelkezik. K\u00e9toldalas \u00f6ntapad\u00f3 szalagot tartalmaz az egyszer\u0171 telep\u00edt\u00e9s \u00e9rdek\u00e9ben. \u00c1llapot: \u00daj, fels\u0151 \u00e9s als\u00f3 tart\u00f3 n\u00e9lk\u00fcl.<\/p>\n","protected":false},"featured_media":10098,"template":"","meta":[],"product_brand":[],"product_cat":[83,71],"product_tag":[],"class_list":{"0":"post-10085","1":"product","2":"type-product","3":"status-publish","4":"has-post-thumbnail","6":"product_cat-16-1","7":"product_cat-new-laptop-screens-lcd-panels","9":"first","10":"instock","11":"taxable","12":"shipping-taxable","13":"purchasable","14":"product-type-simple"},"_links":{"self":[{"href":"https:\/\/boreait.com\/hu\/wp-json\/wp\/v2\/product\/10085","targetHints":{"allow":["GET"]}}],"collection":[{"href":"https:\/\/boreait.com\/hu\/wp-json\/wp\/v2\/product"}],"about":[{"href":"https:\/\/boreait.com\/hu\/wp-json\/wp\/v2\/types\/product"}],"wp:featuredmedia":[{"embeddable":true,"href":"https:\/\/boreait.com\/hu\/wp-json\/wp\/v2\/media\/10098"}],"wp:attachment":[{"href":"https:\/\/boreait.com\/hu\/wp-json\/wp\/v2\/media?parent=10085"}],"wp:term":[{"taxonomy":"product_brand","embeddable":true,"href":"https:\/\/boreait.com\/hu\/wp-json\/wp\/v2\/product_brand?post=10085"},{"taxonomy":"product_cat","embeddable":true,"href":"https:\/\/boreait.com\/hu\/wp-json\/wp\/v2\/product_cat?post=10085"},{"taxonomy":"product_tag","embeddable":true,"href":"https:\/\/boreait.com\/hu\/wp-json\/wp\/v2\/product_tag?post=10085"}],"curies":[{"name":"wp","href":"https:\/\/api.w.org\/{rel}","templated":true}]}}