{"id":10084,"date":"2025-09-17T12:46:41","date_gmt":"2025-09-17T10:46:41","guid":{"rendered":"https:\/\/boreait.com\/hu\/?post_type=product&#038;p=10084"},"modified":"2025-09-17T12:46:49","modified_gmt":"2025-09-17T10:46:49","slug":"hp-l85996-jq1-lcd-161-matt-fhd-ips-30-tus-ragasztoszalaggal-uj","status":"publish","type":"product","link":"https:\/\/boreait.com\/hu\/termek\/hp-l85996-jq1-lcd-161-matt-fhd-ips-30-tus-ragasztoszalaggal-uj\/","title":{"rendered":"HP L85996-JQ1 LCD 16,1&#8243; matt FHD IPS 30 t\u0171s ragaszt\u00f3szalaggal \u00daj"},"content":{"rendered":"<p><strong>T\u00e9nyleges LCD-k\u00e9perny\u0151s modell: N161HCA-EA3 Rev. c2 \u2013 TELJESEN KOMPATIBILIS A HP L85996-JQ1 LAPTOP K\u00c9PERNY\u0150J\u00c9VEL<\/strong><\/p>\n<p>Fokozza laptopja kijelz\u0151j\u00e9t a HP L85996-JQ1 16,1 h\u00fcvelykes LCD-k\u00e9perny\u0151vel, amelyet kiv\u00e9teles tisztas\u00e1gra \u00e9s teljes\u00edtm\u00e9nyre terveztek. Full HD (1920&#215;1080) felbont\u00e1ssal \u00e9s IPS technol\u00f3gi\u00e1val ez a k\u00e9perny\u0151 \u00e9les k\u00e9pet, \u00e9l\u00e9nk sz\u00edneket \u00e9s sz\u00e9les betekint\u00e9si sz\u00f6geket biztos\u00edt. A matt fel\u00fclet cs\u00f6kkenti a t\u00fckr\u00f6z\u0151d\u00e9st, \u00edgy belt\u00e9ri \u00e9s k\u00fclt\u00e9ri haszn\u00e1latra egyar\u00e1nt ide\u00e1lis.<\/p>\n<p>Ez az LCD-panel 30 t\u0171s eDP-csatlakoz\u00f3n kereszt\u00fcl csatlakozik, biztos\u00edtva a kompatibilit\u00e1st sz\u00e1mos HP modellel. Fels\u0151 \u00e9s als\u00f3 konzolok n\u00e9lk\u00fcl \u00e9rkezik, \u00e9s az \u00d6n k\u00e9nyelme \u00e9rdek\u00e9ben k\u00e9toldalas \u00f6ntapad\u00f3 szalagot is mell\u00e9kel\u00fcnk az egyszer\u0171 \u00e9s biztons\u00e1gos telep\u00edt\u00e9shez.<\/p>\n<p>Ak\u00e1r s\u00e9r\u00fclt k\u00e9perny\u0151t cser\u00e9l, ak\u00e1r jobb k\u00e9pmin\u0151s\u00e9g \u00e9rdek\u00e9ben friss\u00edt, ez az \u00faj HP L85996-JQ1 kijelz\u0151 a t\u00f6k\u00e9letes megold\u00e1s arra, hogy k\u00e9sz\u00fcl\u00e9ke teljes\u00edtm\u00e9ny\u00e9t vissza\u00e1ll\u00edtsa.<\/p>\n","protected":false},"excerpt":{"rendered":"<p>Friss\u00edtse HP laptopj\u00e1t a 16,1&#8243;-es HP L85996-JQ1 FHD IPS matt k\u00e9perny\u0151vel. 30 t\u0171s eDP-csatlakoz\u00f3val \u00e9s k\u00e9toldalas \u00f6ntapad\u00f3 szalaggal az egyszer\u0171 telep\u00edt\u00e9s \u00e9rdek\u00e9ben. \u00c1llapot: \u00daj.<\/p>\n","protected":false},"featured_media":10098,"template":"","meta":[],"product_brand":[],"product_cat":[83,71],"product_tag":[],"class_list":{"0":"post-10084","1":"product","2":"type-product","3":"status-publish","4":"has-post-thumbnail","6":"product_cat-16-1","7":"product_cat-new-laptop-screens-lcd-panels","9":"first","10":"instock","11":"taxable","12":"shipping-taxable","13":"purchasable","14":"product-type-simple"},"_links":{"self":[{"href":"https:\/\/boreait.com\/hu\/wp-json\/wp\/v2\/product\/10084","targetHints":{"allow":["GET"]}}],"collection":[{"href":"https:\/\/boreait.com\/hu\/wp-json\/wp\/v2\/product"}],"about":[{"href":"https:\/\/boreait.com\/hu\/wp-json\/wp\/v2\/types\/product"}],"wp:featuredmedia":[{"embeddable":true,"href":"https:\/\/boreait.com\/hu\/wp-json\/wp\/v2\/media\/10098"}],"wp:attachment":[{"href":"https:\/\/boreait.com\/hu\/wp-json\/wp\/v2\/media?parent=10084"}],"wp:term":[{"taxonomy":"product_brand","embeddable":true,"href":"https:\/\/boreait.com\/hu\/wp-json\/wp\/v2\/product_brand?post=10084"},{"taxonomy":"product_cat","embeddable":true,"href":"https:\/\/boreait.com\/hu\/wp-json\/wp\/v2\/product_cat?post=10084"},{"taxonomy":"product_tag","embeddable":true,"href":"https:\/\/boreait.com\/hu\/wp-json\/wp\/v2\/product_tag?post=10084"}],"curies":[{"name":"wp","href":"https:\/\/api.w.org\/{rel}","templated":true}]}}