{"id":10083,"date":"2025-09-17T12:46:41","date_gmt":"2025-09-17T10:46:41","guid":{"rendered":"https:\/\/boreait.com\/hu\/?post_type=product&#038;p=10083"},"modified":"2025-09-17T12:46:48","modified_gmt":"2025-09-17T10:46:48","slug":"hp-pavilion-16-a0051tx-161-matt-fhd-ips-edp-30-tus-lcd-kepernyo-uj","status":"publish","type":"product","link":"https:\/\/boreait.com\/hu\/termek\/hp-pavilion-16-a0051tx-161-matt-fhd-ips-edp-30-tus-lcd-kepernyo-uj\/","title":{"rendered":"HP Pavilion 16-a0051TX 16,1&#8243; matt FHD IPS eDP 30 t\u0171s LCD k\u00e9perny\u0151 \u00daj"},"content":{"rendered":"<p><strong>T\u00e9nyleges LCD-k\u00e9perny\u0151s modell: N161HCA-EA3 Rev. c2 \u2013 TELJESEN KOMPATIBILIS A HP Pavilion 16-a0051TX LAPTOP K\u00c9PERNY\u0150J\u00c9VEL<\/strong><\/p>\n<p>Fokozza HP Pavilion 16-a0051TX laptopj\u00e1t ezzel a kiv\u00e1l\u00f3 min\u0151s\u00e9g\u0171 16,1&#8243;-es LCD-k\u00e9perny\u0151vel, amelyet \u00fagy terveztek, hogy \u00e9les \u00e9s \u00e9l\u00e9nk k\u00e9pet ny\u00fajtson Full HD (1920&#215;1080) felbont\u00e1ssal. Az IPS technol\u00f3gia egyenletes sz\u00edneket \u00e9s sz\u00e9les betekint\u00e9si sz\u00f6geket biztos\u00edt, m\u00edg a matt fel\u00fclet cs\u00f6kkenti a t\u00fckr\u00f6z\u0151d\u00e9st a jobb l\u00e1that\u00f3s\u00e1g \u00e9rdek\u00e9ben k\u00fcl\u00f6nb\u00f6z\u0151 f\u00e9nyviszonyok k\u00f6z\u00f6tt.<\/p>\n<p>Ez a k\u00e9perny\u0151 30 t\u0171s eDP-kapcsolatot haszn\u00e1l a stabil \u00e9s megb\u00edzhat\u00f3 interf\u00e9sz \u00e9rdek\u00e9ben. K\u00e9toldalas \u00f6ntapad\u00f3 szalag is tartozik hozz\u00e1, \u00edgy a telep\u00edt\u00e9si folyamat egyszer\u0171 \u00e9s probl\u00e9mamentes. Ak\u00e1r egy s\u00e9r\u00fclt k\u00e9perny\u0151t cser\u00e9l, ak\u00e1r a jobb teljes\u00edtm\u00e9ny \u00e9rdek\u00e9ben friss\u00edt, ez az \u00faj LCD-k\u00e9perny\u0151 t\u00f6k\u00e9letes v\u00e1laszt\u00e1s.<\/p>\n<p>K\u00e9rj\u00fck, vegye figyelembe, hogy a k\u00e9perny\u0151 fels\u0151 \u00e9s als\u00f3 z\u00e1r\u00f3jelek n\u00e9lk\u00fcl \u00e9rhet\u0151 el. \u00dajszer\u0171 \u00e1llapotban van, \u00edgy a dobozb\u00f3l azonnal optim\u00e1lis teljes\u00edtm\u00e9nyt biztos\u00edt.<\/p>\n","protected":false},"excerpt":{"rendered":"<p>Friss\u00edtse HP Pavilion 16-a0051TX k\u00e9sz\u00fcl\u00e9k\u00e9t ezzel a 16,1&#8243;-es FHD IPS matt LCD-k\u00e9perny\u0151vel. 30 t\u0171s eDP csatlakoz\u00e1ssal \u00e9s k\u00e9toldalas \u00f6ntapad\u00f3 szalaggal az egyszer\u0171 telep\u00edt\u00e9s \u00e9rdek\u00e9ben. \u00c1llapot: \u00faj, fels\u0151 \u00e9s als\u00f3 tart\u00f3 n\u00e9lk\u00fcl.<\/p>\n","protected":false},"featured_media":10098,"template":"","meta":[],"product_brand":[],"product_cat":[83,71],"product_tag":[],"class_list":{"0":"post-10083","1":"product","2":"type-product","3":"status-publish","4":"has-post-thumbnail","6":"product_cat-16-1","7":"product_cat-new-laptop-screens-lcd-panels","9":"first","10":"instock","11":"taxable","12":"shipping-taxable","13":"purchasable","14":"product-type-simple"},"_links":{"self":[{"href":"https:\/\/boreait.com\/hu\/wp-json\/wp\/v2\/product\/10083","targetHints":{"allow":["GET"]}}],"collection":[{"href":"https:\/\/boreait.com\/hu\/wp-json\/wp\/v2\/product"}],"about":[{"href":"https:\/\/boreait.com\/hu\/wp-json\/wp\/v2\/types\/product"}],"wp:featuredmedia":[{"embeddable":true,"href":"https:\/\/boreait.com\/hu\/wp-json\/wp\/v2\/media\/10098"}],"wp:attachment":[{"href":"https:\/\/boreait.com\/hu\/wp-json\/wp\/v2\/media?parent=10083"}],"wp:term":[{"taxonomy":"product_brand","embeddable":true,"href":"https:\/\/boreait.com\/hu\/wp-json\/wp\/v2\/product_brand?post=10083"},{"taxonomy":"product_cat","embeddable":true,"href":"https:\/\/boreait.com\/hu\/wp-json\/wp\/v2\/product_cat?post=10083"},{"taxonomy":"product_tag","embeddable":true,"href":"https:\/\/boreait.com\/hu\/wp-json\/wp\/v2\/product_tag?post=10083"}],"curies":[{"name":"wp","href":"https:\/\/api.w.org\/{rel}","templated":true}]}}