{"id":10081,"date":"2025-09-17T12:46:41","date_gmt":"2025-09-17T10:46:41","guid":{"rendered":"https:\/\/boreait.com\/hu\/?post_type=product&#038;p=10081"},"modified":"2025-09-17T12:46:48","modified_gmt":"2025-09-17T10:46:48","slug":"nv161fhm-n61-161-matt-fhd-ips-edp-30-tus-lcd-ragasztoszalaggal-uj","status":"publish","type":"product","link":"https:\/\/boreait.com\/hu\/termek\/nv161fhm-n61-161-matt-fhd-ips-edp-30-tus-lcd-ragasztoszalaggal-uj\/","title":{"rendered":"NV161FHM-N61 16,1&#8243; matt FHD IPS eDP 30 t\u0171s LCD ragaszt\u00f3szalaggal \u00daj"},"content":{"rendered":"<p><strong>T\u00e9nyleges LCD-k\u00e9perny\u0151s modell: N161HCA-EA3 Rev. c2 \u2013 TELJESEN KOMPATIBILIS AZ NV161FHM-N61 LAPTOP K\u00c9PERNY\u0150J\u00c9VEL<\/strong><\/p>\n<p>Fokozza laptopja kijelz\u0151j\u00e9t az NV161FHM-N61 16,1 h\u00fcvelykes LCD-k\u00e9perny\u0151vel, amelyet kiv\u00e9teles teljes\u00edtm\u00e9nyre \u00e9s vizu\u00e1lis tisztas\u00e1gra terveztek. A Full HD (1920&#215;1080) felbont\u00e1ssal b\u00fcszk\u00e9lked\u0151 k\u00e9perny\u0151 \u00e9les, r\u00e9szletgazdag k\u00e9peket biztos\u00edt, amelyek minden megtekint\u00e9si ig\u00e9nyhez t\u00f6k\u00e9letesek. Az IPS technol\u00f3gi\u00e1nak k\u00f6sz\u00f6nhet\u0151en egyenletes sz\u00edneket \u00e9s gyors v\u00e1laszid\u0151t biztos\u00edt a TFT-nek.<\/p>\n<p>A matt fel\u00fclet cs\u00f6kkenti a t\u00fckr\u00f6z\u0151d\u00e9st, \u00edgy ide\u00e1lis k\u00fcl\u00f6nf\u00e9le f\u00e9nyviszonyokhoz, ak\u00e1r belt\u00e9ren, ak\u00e1r k\u00fclt\u00e9ren. 30 t\u0171s eDP csatlakoz\u00f3ja megb\u00edzhat\u00f3 \u00e9s stabil kapcsolatot garant\u00e1l k\u00e9sz\u00fcl\u00e9k\u00e9vel, a mell\u00e9kelt k\u00e9toldalas \u00f6ntapad\u00f3 szalag pedig egyszer\u0171 telep\u00edt\u00e9st tesz lehet\u0151v\u00e9.<\/p>\n<p>Ez az LCD-k\u00e9perny\u0151 t\u00f6k\u00e9letes a s\u00e9r\u00fclt kijelz\u0151 cser\u00e9j\u00e9hez vagy a jobb k\u00e9pmin\u0151s\u00e9g \u00e9rdek\u00e9ben t\u00f6rt\u00e9n\u0151 friss\u00edt\u00e9shez. K\u00e9rj\u00fck, vegye figyelembe, hogy a k\u00e9perny\u0151 fels\u0151 \u00e9s als\u00f3 z\u00e1r\u00f3jel n\u00e9lk\u00fcl \u00e9rkezik. Vadonat\u00faj \u00e1llapotban van, els\u0151 oszt\u00e1ly\u00fa teljes\u00edtm\u00e9nyt biztos\u00edt a dobozb\u00f3l kiv\u00e9ve.<\/p>\n","protected":false},"excerpt":{"rendered":"<p>Friss\u00edtse laptopj\u00e1t az NV161FHM-N61 16,1&#8243;-es LCD k\u00e9perny\u0151vel. FHD IPS \u00e9s TFT technol\u00f3gi\u00e1val, matt fel\u00fclettel \u00e9s 30 t\u0171s eDP-csatlakoz\u00e1ssal \u00e9l\u00e9nk l\u00e1tv\u00e1nyt k\u00edn\u00e1l. K\u00e9toldalas \u00f6ntapad\u00f3 szalagot tartalmaz a k\u00f6nny\u0171 telep\u00edt\u00e9s \u00e9rdek\u00e9ben. \u00c1llapot: \u00daj.<\/p>\n","protected":false},"featured_media":10098,"template":"","meta":[],"product_brand":[],"product_cat":[83,71],"product_tag":[],"class_list":{"0":"post-10081","1":"product","2":"type-product","3":"status-publish","4":"has-post-thumbnail","6":"product_cat-16-1","7":"product_cat-new-laptop-screens-lcd-panels","9":"first","10":"instock","11":"taxable","12":"shipping-taxable","13":"purchasable","14":"product-type-simple"},"_links":{"self":[{"href":"https:\/\/boreait.com\/hu\/wp-json\/wp\/v2\/product\/10081","targetHints":{"allow":["GET"]}}],"collection":[{"href":"https:\/\/boreait.com\/hu\/wp-json\/wp\/v2\/product"}],"about":[{"href":"https:\/\/boreait.com\/hu\/wp-json\/wp\/v2\/types\/product"}],"wp:featuredmedia":[{"embeddable":true,"href":"https:\/\/boreait.com\/hu\/wp-json\/wp\/v2\/media\/10098"}],"wp:attachment":[{"href":"https:\/\/boreait.com\/hu\/wp-json\/wp\/v2\/media?parent=10081"}],"wp:term":[{"taxonomy":"product_brand","embeddable":true,"href":"https:\/\/boreait.com\/hu\/wp-json\/wp\/v2\/product_brand?post=10081"},{"taxonomy":"product_cat","embeddable":true,"href":"https:\/\/boreait.com\/hu\/wp-json\/wp\/v2\/product_cat?post=10081"},{"taxonomy":"product_tag","embeddable":true,"href":"https:\/\/boreait.com\/hu\/wp-json\/wp\/v2\/product_tag?post=10081"}],"curies":[{"name":"wp","href":"https:\/\/api.w.org\/{rel}","templated":true}]}}