{"id":10080,"date":"2025-09-17T12:46:41","date_gmt":"2025-09-17T10:46:41","guid":{"rendered":"https:\/\/boreait.com\/hu\/?post_type=product&#038;p=10080"},"modified":"2025-09-17T12:46:48","modified_gmt":"2025-09-17T10:46:48","slug":"n161hca-ea2-ea4-eac-lcd-161-matt-fhd-ips-edp-30-tus-ragasztoszalaggal-uj","status":"publish","type":"product","link":"https:\/\/boreait.com\/hu\/termek\/n161hca-ea2-ea4-eac-lcd-161-matt-fhd-ips-edp-30-tus-ragasztoszalaggal-uj\/","title":{"rendered":"N161HCA-EA2 EA4 EAC LCD 16,1&#8243; matt FHD IPS eDP 30 t\u0171s ragaszt\u00f3szalaggal \u00daj"},"content":{"rendered":"<p><strong>T\u00e9nyleges LCD-k\u00e9perny\u0151s modell: N161HCA-EA3 Rev. c2 \u2013 TELJESEN KOMPATIBILIS AZ N161HCA -EA2 -EA4 -EAC LAPTOP K\u00c9PERNY\u0150J\u00c9VEL<\/strong><\/p>\n<p>Fokozza laptopja kijelz\u0151j\u00e9t az N161HCA-EA2, EA4, EAC 16,1 h\u00fcvelykes LCD-k\u00e9perny\u0151vel, amelyet kiv\u00e9teles tisztas\u00e1gra \u00e9s teljes\u00edtm\u00e9nyre terveztek. Ez a k\u00e9perny\u0151 Full HD (1920&#215;1080) felbont\u00e1ssal \u00e9les \u00e9s \u00e9l\u00e9nk k\u00e9peket biztos\u00edt. IPS- \u00e9s TFT-technol\u00f3gi\u00e1ja kiv\u00e1l\u00f3 sz\u00ednpontoss\u00e1got \u00e9s sz\u00e9les betekint\u00e9si sz\u00f6get biztos\u00edt, \u00edgy a matt fel\u00fclet cs\u00f6kkenti a csillog\u00f3 f\u00e9nyviszonyokat.<\/p>\n<p>A 30 t\u0171s eDP csatlakoz\u00f3 biztons\u00e1gos \u00e9s hat\u00e9kony csatlakoz\u00e1st biztos\u00edt laptopj\u00e1hoz, a mell\u00e9kelt k\u00e9toldalas \u00f6ntapad\u00f3 szalag pedig sim\u00e1v\u00e1 \u00e9s probl\u00e9mamentess\u00e9 teszi a telep\u00edt\u00e9si folyamatot. Ak\u00e1r egy s\u00e9r\u00fclt k\u00e9perny\u0151t cser\u00e9l, ak\u00e1r a jobb l\u00e1tv\u00e1ny \u00e9rdek\u00e9ben friss\u00edt, ez az LCD-k\u00e9perny\u0151 megb\u00edzhat\u00f3 \u00e9s kiv\u00e1l\u00f3 min\u0151s\u00e9g\u0171 opci\u00f3.<\/p>\n<p>K\u00e9rj\u00fck, vegye figyelembe, hogy ez a k\u00e9perny\u0151 nem tartalmaz fels\u0151 \u00e9s als\u00f3 z\u00e1r\u00f3jeleket. Teljesen \u00fajszer\u0171 \u00e1llapotban van, \u00edgy azonnali haszn\u00e1latra k\u00e9sz hib\u00e1tlan term\u00e9ket kap.<\/p>\n","protected":false},"excerpt":{"rendered":"<p>Friss\u00edtse laptopj\u00e1t az N161HCA-EA2, EA4, EAC 16,1&#8243;-es LCD-k\u00e9perny\u0151vel. FHD felbont\u00e1s\u00fa, IPS- \u00e9s TFT-technol\u00f3gi\u00e1val matt fel\u00fclettel, ez a kijelz\u0151 \u00e9les k\u00e9pet \u00e9s sz\u00e9les betekint\u00e9si sz\u00f6get biztos\u00edt. K\u00e9toldalas \u00f6ntapad\u00f3 szalagot tartalmaz a k\u00f6nny\u0171 telep\u00edt\u00e9s \u00e9rdek\u00e9ben. \u00c1llapot: \u00daj.<\/p>\n","protected":false},"featured_media":10098,"template":"","meta":[],"product_brand":[],"product_cat":[83,71],"product_tag":[],"class_list":{"0":"post-10080","1":"product","2":"type-product","3":"status-publish","4":"has-post-thumbnail","6":"product_cat-16-1","7":"product_cat-new-laptop-screens-lcd-panels","9":"first","10":"instock","11":"taxable","12":"shipping-taxable","13":"purchasable","14":"product-type-simple"},"_links":{"self":[{"href":"https:\/\/boreait.com\/hu\/wp-json\/wp\/v2\/product\/10080","targetHints":{"allow":["GET"]}}],"collection":[{"href":"https:\/\/boreait.com\/hu\/wp-json\/wp\/v2\/product"}],"about":[{"href":"https:\/\/boreait.com\/hu\/wp-json\/wp\/v2\/types\/product"}],"wp:featuredmedia":[{"embeddable":true,"href":"https:\/\/boreait.com\/hu\/wp-json\/wp\/v2\/media\/10098"}],"wp:attachment":[{"href":"https:\/\/boreait.com\/hu\/wp-json\/wp\/v2\/media?parent=10080"}],"wp:term":[{"taxonomy":"product_brand","embeddable":true,"href":"https:\/\/boreait.com\/hu\/wp-json\/wp\/v2\/product_brand?post=10080"},{"taxonomy":"product_cat","embeddable":true,"href":"https:\/\/boreait.com\/hu\/wp-json\/wp\/v2\/product_cat?post=10080"},{"taxonomy":"product_tag","embeddable":true,"href":"https:\/\/boreait.com\/hu\/wp-json\/wp\/v2\/product_tag?post=10080"}],"curies":[{"name":"wp","href":"https:\/\/api.w.org\/{rel}","templated":true}]}}