{"id":10077,"date":"2025-09-17T12:46:40","date_gmt":"2025-09-17T10:46:40","guid":{"rendered":"https:\/\/boreait.com\/hu\/?post_type=product&#038;p=10077"},"modified":"2025-09-17T12:46:46","modified_gmt":"2025-09-17T10:46:46","slug":"dell-0ymhwh-ymhwh-156-fhd-144-hz-ips-matt-lcd-kepernyo-ragasztoval-uj","status":"publish","type":"product","link":"https:\/\/boreait.com\/hu\/termek\/dell-0ymhwh-ymhwh-156-fhd-144-hz-ips-matt-lcd-kepernyo-ragasztoval-uj\/","title":{"rendered":"Dell 0YMHWH YMHWH 15,6&#8243; FHD 144 Hz IPS matt LCD k\u00e9perny\u0151 ragaszt\u00f3val &#8211; \u00daj"},"content":{"rendered":"<p><strong>T\u00e9nyleges LCD-k\u00e9perny\u0151s modell: n156hra-ea1 REV C1 \/ N156HRA-GAA Rev.c1 \/ N156HMA-GA1 REV C2 \u2013 TELJESEN KOMPATIBILIS A Dell 0YMHWH YMHWH LAPTOP K\u00c9PERNY\u0150J\u00c9VEL<\/strong><\/p>\n<p>Fokozza laptopja megjelen\u00edt\u00e9si teljes\u00edtm\u00e9ny\u00e9t a Dell 0YMHWH YMHWH 15,6 h\u00fcvelykes LCD-k\u00e9perny\u0151vel. A kiv\u00e9teles tisztas\u00e1gra \u00e9s egyenletes megjelen\u00edt\u00e9sre tervezett k\u00e9perny\u0151 Full HD (1920&#215;1080) felbont\u00e1ssal \u00e9s 144 Hz-es friss\u00edt\u00e9si frekvenci\u00e1val rendelkezik, amely t\u00f6k\u00e9letes a foly\u00e9kony mozg\u00e1shoz \u00e9s a r\u00e9szletgazdag k\u00e9pekhez. Az IPS-technol\u00f3gia cs\u00f6kkenti a pontos sz\u00ednez\u00e9st \u00e9s sz\u00e9les l\u00e1t\u00f3sz\u00f6get biztos\u00edt. t\u00fckr\u00f6z\u0151d\u00e9st, \u00edgy ide\u00e1lis k\u00fcl\u00f6nf\u00e9le vil\u00e1g\u00edt\u00e1si k\u00f6rnyezetekhez.<\/p>\n<p>Ez a 40 t\u0171s eDP-csatlakoz\u00e1s sokf\u00e9le laptopmodellel kompatibilis, a mell\u00e9kelt k\u00e9toldalas \u00f6ntapad\u00f3 szalag pedig egyszer\u0171v\u00e9 \u00e9s biztons\u00e1goss\u00e1 teszi a telep\u00edt\u00e9st. K\u00e9rj\u00fck, vegye figyelembe, hogy a k\u00e9perny\u0151h\u00f6z nem tartozik fels\u0151 vagy als\u00f3 z\u00e1r\u00f3jel.<\/p>\n<p>Ak\u00e1r s\u00e9r\u00fclt k\u00e9perny\u0151t cser\u00e9l, ak\u00e1r friss\u00edt\u00e9st keres, ez a vadonat\u00faj LCD-panel megb\u00edzhat\u00f3 \u00e9s kiv\u00e1l\u00f3 min\u0151s\u00e9g\u0171 megold\u00e1st k\u00edn\u00e1l.<\/p>\n","protected":false},"excerpt":{"rendered":"<p>Friss\u00edtse laptopj\u00e1t a Dell 0YMHWH YMHWH 15,6 h\u00fcvelykes LCD-k\u00e9perny\u0151vel. FHD felbont\u00e1ssal, 144 Hz-es friss\u00edt\u00e9si gyakoris\u00e1ggal, IPS technol\u00f3gi\u00e1val \u00e9s matt fel\u00fclettel a leny\u0171g\u00f6z\u0151 l\u00e1tv\u00e1ny \u00e9rdek\u00e9ben. K\u00e9toldalas ragaszt\u00f3szalaggal a k\u00f6nny\u0171 telep\u00edt\u00e9s \u00e9rdek\u00e9ben. \u00c1llapot: \u00daj.<\/p>\n","protected":false},"featured_media":10067,"template":"","meta":[],"product_brand":[],"product_cat":[81,71],"product_tag":[],"class_list":{"0":"post-10077","1":"product","2":"type-product","3":"status-publish","4":"has-post-thumbnail","6":"product_cat-15-6-new-laptop-screens-lcd-panels","7":"product_cat-new-laptop-screens-lcd-panels","9":"first","10":"instock","11":"taxable","12":"shipping-taxable","13":"purchasable","14":"product-type-simple"},"_links":{"self":[{"href":"https:\/\/boreait.com\/hu\/wp-json\/wp\/v2\/product\/10077","targetHints":{"allow":["GET"]}}],"collection":[{"href":"https:\/\/boreait.com\/hu\/wp-json\/wp\/v2\/product"}],"about":[{"href":"https:\/\/boreait.com\/hu\/wp-json\/wp\/v2\/types\/product"}],"wp:featuredmedia":[{"embeddable":true,"href":"https:\/\/boreait.com\/hu\/wp-json\/wp\/v2\/media\/10067"}],"wp:attachment":[{"href":"https:\/\/boreait.com\/hu\/wp-json\/wp\/v2\/media?parent=10077"}],"wp:term":[{"taxonomy":"product_brand","embeddable":true,"href":"https:\/\/boreait.com\/hu\/wp-json\/wp\/v2\/product_brand?post=10077"},{"taxonomy":"product_cat","embeddable":true,"href":"https:\/\/boreait.com\/hu\/wp-json\/wp\/v2\/product_cat?post=10077"},{"taxonomy":"product_tag","embeddable":true,"href":"https:\/\/boreait.com\/hu\/wp-json\/wp\/v2\/product_tag?post=10077"}],"curies":[{"name":"wp","href":"https:\/\/api.w.org\/{rel}","templated":true}]}}